{"id":179759,"date":"2025-05-23T15:48:43","date_gmt":"2025-05-23T13:48:43","guid":{"rendered":"https:\/\/pizbube.ch\/?post_type=product&#038;p=179759"},"modified":"2025-05-27T09:23:19","modified_gmt":"2025-05-27T07:23:19","slug":"salzige-routen-klettern-vom-ligurischen-hinterland-bis-zur-cote-dazur","status":"publish","type":"product","link":"https:\/\/pizbube.ch\/en\/shop\/salzige-routen-klettern-vom-ligurischen-hinterland-bis-zur-cote-dazur\/","title":{"rendered":"Salzige Routen &#8211; Klettern vom ligurischen Hinterland bis zur C\u00f4te d\u2019Azur"},"content":{"rendered":"<p>77 KLETTERG\u00c4RTEN &#8211; Val Tanaro, Valle Argentina, Valle Roja, Menton und La Turbie<\/p>\n<p>In einem Landstrich unweit der C\u00f4te d\u2019Azur verbergen sich Kalksteinw\u00e4nde von herausragender Qualit\u00e4t. Dieser F\u00fchrer l\u00fcftet alle Geheimnisse der Vertikalen im westlichen Ligurien und dem Teil auf franz\u00f6sischem Boden, der sich von der Grenze \u00fcber La Turbie und die T\u00e4ler bis vor die Tore Nizzas erstreckt. Hier verstecken sich Gebiete, wo Klettergeschichte geschrieben wurde und verborgene Sch\u00e4tze, die der breiten Masse unbekannt sind. Wie ein Local wird man sich zwischen K\u00fcste und Hinterland bewegen und dabei je nach Jahreszeit den Fels mit der besten Ausrichtung finden.<\/p>\n<p>Mit Salzige Routen erkundet man die \u201edunkle Seite\u201c Liguriens: eine Gegend, in der im Laufe der Jahre eine Vielzahl neuer Kletterg\u00e4rten und anspruchsvoller Routen entstanden sind, die es verdienen, umfassend beschrieben zu werden, erg\u00e4nzt durch die Beschreibungen der sch\u00f6nsten Touren.<\/p>\n<p>512 Seiten,<br \/>\n1. Auflage 2025<\/p>","protected":false},"excerpt":{"rendered":"<p>77 KLETTERG\u00c4RTEN &#8211; Val Tanaro, Valle Argentina, Valle Roja, Menton und La Turbie In einem Landstrich unweit der C\u00f4te d\u2019Azur verbergen sich Kalksteinw\u00e4nde von herausragender Qualit\u00e4t. Dieser F\u00fchrer l\u00fcftet alle Geheimnisse der Vertikalen im westlichen Ligurien und dem Teil auf franz\u00f6sischem Boden, der sich von der Grenze \u00fcber La Turbie und die T\u00e4ler bis vor [&#8230;]\n","protected":false},"featured_media":179760,"template":"","meta":[],"product_brand":[],"product_cat":[21539],"product_tag":[],"class_list":{"0":"post-179759","1":"product","2":"type-product","3":"status-publish","4":"has-post-thumbnail","6":"product_cat-fuehrerliteratur-sportklettern-bouldern","7":"pa_autor-cariga-gambaro","8":"pa_erscheinungsjahr-27415","9":"pa_region-italien","10":"pa_sprache-d","12":"first","13":"instock","14":"taxable","15":"shipping-taxable","16":"purchasable","17":"product-type-simple"},"_links":{"self":[{"href":"https:\/\/pizbube.ch\/en\/wp-json\/wp\/v2\/product\/179759","targetHints":{"allow":["GET"]}}],"collection":[{"href":"https:\/\/pizbube.ch\/en\/wp-json\/wp\/v2\/product"}],"about":[{"href":"https:\/\/pizbube.ch\/en\/wp-json\/wp\/v2\/types\/product"}],"wp:featuredmedia":[{"embeddable":true,"href":"https:\/\/pizbube.ch\/en\/wp-json\/wp\/v2\/media\/179760"}],"wp:attachment":[{"href":"https:\/\/pizbube.ch\/en\/wp-json\/wp\/v2\/media?parent=179759"}],"wp:term":[{"taxonomy":"product_brand","embeddable":true,"href":"https:\/\/pizbube.ch\/en\/wp-json\/wp\/v2\/product_brand?post=179759"},{"taxonomy":"product_cat","embeddable":true,"href":"https:\/\/pizbube.ch\/en\/wp-json\/wp\/v2\/product_cat?post=179759"},{"taxonomy":"product_tag","embeddable":true,"href":"https:\/\/pizbube.ch\/en\/wp-json\/wp\/v2\/product_tag?post=179759"}],"curies":[{"name":"wp","href":"https:\/\/api.w.org\/{rel}","templated":true}]}}