{"id":179764,"date":"2025-05-23T17:24:22","date_gmt":"2025-05-23T15:24:22","guid":{"rendered":"https:\/\/pizbube.ch\/?post_type=product&#038;p=179764"},"modified":"2025-10-17T08:44:38","modified_gmt":"2025-10-17T06:44:38","slug":"nichts-als-granit-band-1-2","status":"publish","type":"product","link":"https:\/\/pizbube.ch\/en\/shop\/nichts-als-granit-band-1-2\/","title":{"rendered":"NICHTS ALS GRANIT Band 1"},"content":{"rendered":"<div class=\"cn-c-accordion__item cn-c-accordion-group__description\">Klassische und moderne Routen<\/p>\n<p>Zehn Jahre nach der letzten Auflage von <em>Nichts als\u00a0Granit<\/em> war es an der Zeit f\u00fcr die dritte Auflage des Kletterf\u00fchrers, der \u00fcber die Jahre zur Referenz geworden ist f\u00fcr alle, die in den T\u00e4lern des hohen Val Masino klettern wollen.<\/p>\n<p>In den letzten Jahren hat sich in der Szene viel getan, was nicht nur zur Realisierung neuer Linien, sondern auch zur Wiederentdeckung zahlreicher Routen aller Schwierigkeitsgrade gef\u00fchrt hat, von normalen Routen bis hin zu den schwierigsten Linien in den Zentralalpen, die in diesen neuen F\u00fchrer aufgenommen wurden. Auch die Aufteilung der verschiedenen Gebiete wurde \u00fcberarbeitet, da bereits andere F\u00fchrer dieser Reihe erschienen sind, die diese Gebiete abdecken, so dass jetzt die Konzentration komplett auf das Val Masino gerichtet ist.<\/p>\n<p>Bilder und Informationen zu Geschichte und zu den Protagonisten dieses Tals runden den Band ab.<\/p>\n<div class=\"cn-c-accordion__item cn-c-accordion-group__description\">\n<p>528 Seiten,<br \/>\n2. Auflage 205<\/p>\n<\/div>\n<\/div>","protected":false},"excerpt":{"rendered":"<p>Klassische und moderne Routen Zehn Jahre nach der letzten Auflage von Nichts als\u00a0Granit war es an der Zeit f\u00fcr die dritte Auflage des Kletterf\u00fchrers, der \u00fcber die Jahre zur Referenz geworden ist f\u00fcr alle, die in den T\u00e4lern des hohen Val Masino klettern wollen. In den letzten Jahren hat sich in der Szene viel getan, [&#8230;]\n","protected":false},"featured_media":179765,"template":"","meta":[],"product_brand":[],"product_cat":[21539],"product_tag":[],"class_list":{"0":"post-179764","1":"product","2":"type-product","3":"status-publish","4":"has-post-thumbnail","6":"product_cat-fuehrerliteratur-sportklettern-bouldern","7":"pa_autor-schiera","8":"pa_erscheinungsjahr-27415","9":"pa_region-italien","10":"pa_sprache-de","12":"first","13":"instock","14":"taxable","15":"shipping-taxable","16":"purchasable","17":"product-type-simple"},"_links":{"self":[{"href":"https:\/\/pizbube.ch\/en\/wp-json\/wp\/v2\/product\/179764","targetHints":{"allow":["GET"]}}],"collection":[{"href":"https:\/\/pizbube.ch\/en\/wp-json\/wp\/v2\/product"}],"about":[{"href":"https:\/\/pizbube.ch\/en\/wp-json\/wp\/v2\/types\/product"}],"wp:featuredmedia":[{"embeddable":true,"href":"https:\/\/pizbube.ch\/en\/wp-json\/wp\/v2\/media\/179765"}],"wp:attachment":[{"href":"https:\/\/pizbube.ch\/en\/wp-json\/wp\/v2\/media?parent=179764"}],"wp:term":[{"taxonomy":"product_brand","embeddable":true,"href":"https:\/\/pizbube.ch\/en\/wp-json\/wp\/v2\/product_brand?post=179764"},{"taxonomy":"product_cat","embeddable":true,"href":"https:\/\/pizbube.ch\/en\/wp-json\/wp\/v2\/product_cat?post=179764"},{"taxonomy":"product_tag","embeddable":true,"href":"https:\/\/pizbube.ch\/en\/wp-json\/wp\/v2\/product_tag?post=179764"}],"curies":[{"name":"wp","href":"https:\/\/api.w.org\/{rel}","templated":true}]}}