{"id":179803,"date":"2025-05-26T17:30:16","date_gmt":"2025-05-26T15:30:16","guid":{"rendered":"https:\/\/pizbube.ch\/?post_type=product&#038;p=179803"},"modified":"2025-05-26T17:30:42","modified_gmt":"2025-05-26T15:30:42","slug":"schweiz-extrem-west-band-2-mehrseillaengengebiete","status":"publish","type":"product","link":"https:\/\/pizbube.ch\/en\/shop\/schweiz-extrem-west-band-2-mehrseillaengengebiete\/","title":{"rendered":"Schweiz extrem WEST (Band 2) &#8211; Mehrseill\u00e4ngengebiete"},"content":{"rendered":"<div class=\"text-section text-section--p text-section--norm\">\n<p class=\"norm\">Dieser F\u00fchrer beschreibt die sch\u00f6nsten, extremen Mehrseill\u00e4ngengebiete (ab 6a) von Freiburg \u00fcber das Berner Oberland ins Waadtland sowie einige Gebiete im Wallis. Mein Plan, beide B\u00e4nde zeitgleich herauszugeben, musste ich schnell verwerfen. Die Anzahl der Mehrseill\u00e4ngengebiete ist riesig und seit der letzten Ausgabe von 2010 wurden zahlreiche neue Routen er\u00f6ffnet und alte saniert. So verstrichen weitere zwei Jahre, ausgef\u00fcllt mit viel Recherchearbeit und Klettern in den schwierigsten und sch\u00f6nsten Mehrseill\u00e4ngenrouten.<\/p>\n<p class=\"norm\">Die vorgestellten Gebiete geh\u00f6ren zum Sch\u00f6nsten, was die Schweiz zu bieten hat. Einige davon, wie zum Beispiel Wenden, k\u00f6nnen auch in der Europaliga locker mithalten. Die Vielfalt ist gross: Im Westen dominieren die Kalkw\u00e4nde (abgesehen vom Petit Clocher du Portalet), im Osten die Granitformationen am Grimsel- und Furkapass. Der Andrang ist in einigen Gebieten seit der Erschliessungswelle in den 90er Jahren markant zur\u00fcckgegangen. Die technisch anspruchsvolle Kletterei und das n\u00f6tige Engagement in schwierigen Mehrseill\u00e4ngenrouten scheinen etwas aus der Mode gekommen zu sein.<\/p>\n<p class=\"norm\">Aber Modetrends \u00e4ndern sich und so hoffe ich, dass ich dich mit diesem F\u00fchrer dazu motivieren kann, unseren grandiosen W\u00e4nden wieder einmal einen Besuch abzustatten. (Reichenbach, April 2025, Sandro von K\u00e4nel, Autor)<\/p>\n<p>Mit dem Kauf dieses F\u00fchrers unterst\u00fctzt du die Vereine Rebolting und Plan Vertical sowie den Walliser Bergf\u00fchrerverband, welche sich f\u00fcr die Sanierung von Kletterrouten einsetzten. 3% des Erl\u00f6ses aus dem Kletterf\u00fchrer fliessen direkt in neue Bohrhaken!<\/p>\n<div class=\"text-section text-section--p text-section--norm\">\n<p class=\"norm\">4-farbig, 264 Seiten, 43 Gebiete<br \/>\nFormat: 12.0 x 18.5 cm<\/p>\n<\/div>\n<div class=\"text-section text-section--p text-section--norm\">\n<p class=\"norm\">Sprache: D, E<br \/>\nErscheinungsjahr: 2025<\/p>\n<\/div>\n<\/div>","protected":false},"excerpt":{"rendered":"<p>Dieser F\u00fchrer beschreibt die sch\u00f6nsten, extremen Mehrseill\u00e4ngengebiete (ab 6a) von Freiburg \u00fcber das Berner Oberland ins Waadtland sowie einige Gebiete im Wallis. Mein Plan, beide B\u00e4nde zeitgleich herauszugeben, musste ich schnell verwerfen. Die Anzahl der Mehrseill\u00e4ngengebiete ist riesig und seit der letzten Ausgabe von 2010 wurden zahlreiche neue Routen er\u00f6ffnet und alte saniert. So verstrichen [&#8230;]\n","protected":false},"featured_media":179804,"template":"","meta":[],"product_brand":[],"product_cat":[26762],"product_tag":[],"class_list":{"0":"post-179803","1":"product","2":"type-product","3":"status-publish","4":"has-post-thumbnail","6":"product_cat-unkategorisiert","7":"pa_autor-von-kaenel","8":"pa_erscheinungsjahr-27415","9":"pa_region-schweiz","10":"pa_sprache-de-en","12":"first","13":"instock","14":"taxable","15":"shipping-taxable","16":"purchasable","17":"product-type-simple"},"_links":{"self":[{"href":"https:\/\/pizbube.ch\/en\/wp-json\/wp\/v2\/product\/179803","targetHints":{"allow":["GET"]}}],"collection":[{"href":"https:\/\/pizbube.ch\/en\/wp-json\/wp\/v2\/product"}],"about":[{"href":"https:\/\/pizbube.ch\/en\/wp-json\/wp\/v2\/types\/product"}],"wp:featuredmedia":[{"embeddable":true,"href":"https:\/\/pizbube.ch\/en\/wp-json\/wp\/v2\/media\/179804"}],"wp:attachment":[{"href":"https:\/\/pizbube.ch\/en\/wp-json\/wp\/v2\/media?parent=179803"}],"wp:term":[{"taxonomy":"product_brand","embeddable":true,"href":"https:\/\/pizbube.ch\/en\/wp-json\/wp\/v2\/product_brand?post=179803"},{"taxonomy":"product_cat","embeddable":true,"href":"https:\/\/pizbube.ch\/en\/wp-json\/wp\/v2\/product_cat?post=179803"},{"taxonomy":"product_tag","embeddable":true,"href":"https:\/\/pizbube.ch\/en\/wp-json\/wp\/v2\/product_tag?post=179803"}],"curies":[{"name":"wp","href":"https:\/\/api.w.org\/{rel}","templated":true}]}}