{"id":179811,"date":"2025-05-27T08:50:13","date_gmt":"2025-05-27T06:50:13","guid":{"rendered":"https:\/\/pizbube.ch\/?post_type=product&#038;p=179811"},"modified":"2025-05-28T12:18:43","modified_gmt":"2025-05-28T10:18:43","slug":"schweiz-plaisir-west-band-2-2","status":"publish","type":"product","link":"https:\/\/pizbube.ch\/en\/shop\/schweiz-plaisir-west-band-2-2\/","title":{"rendered":"Schweiz plaisir WEST (Band 2)"},"content":{"rendered":"<div class=\"part text tall\">\n<div class=\"text-section text-section--p text-section--norm\">\n<p class=\"norm\">Im Westen nichts Neues, weit gefehlt! Obwohl die meisten der bequem zug\u00e4nglichen W\u00e4nde bereits seit L\u00e4ngerem erschlossen sind, entstehen immer wieder neue Routen oder alte werden dank Sanierungs- und Putzaktionen aus dem Dornr\u00f6schenschlaf erweckt.<\/p>\n<p class=\"norm\">Ein gutes Beispiel sind die Klettereien in Oberwald oder im Val d&#8217;Arolla. In Oberwald wurden die Felsen regelrecht \u00abausgegraben\u00bb und bieten nun wunderbare Routen f\u00fcr Kinder, Anf\u00e4nger und Fortgeschrittene. Am Douves Rousses im Val d&#8217;Arolla entstand dank aufw\u00e4ndigen Sanierungsarbeiten ein Plaisirgebiet erster G\u00fcte.<\/p>\n<p class=\"norm\">Mit dem \u00abplaisir WEST Band 2\u00bb stehen dir 64 Gebiete zur Auswahl, welche alle ihre Besonderheit und ihren Reiz haben. Das milde Klima in der Sonnenstube Wallis erm\u00f6glicht ganzj\u00e4hriges Klettern. Die talnahen Gebiete sind perfekt in den \u00dcbergangszeiten und im Winter, die h\u00f6her gelegenen W\u00e4nde bieten k\u00fchle Luft an heissen Tagen. Viele Gebiete sind sehr gut mit dem \u00d6V zu erreichen.<\/p>\n<\/div>\n<div class=\"text-section text-section--p text-section--norm\">\n<p class=\"norm\">Der zweite Band von Schweiz plaisir WEST deckt die sch\u00f6nsten Klettergebiete vom Wallis \u00fcber den Kanton Waadt bis in die Haute-Savoie und Chamonix ab. Die Gebiete weiter n\u00f6rdlich findest du im Band 1.<\/p>\n<div class=\"text-section text-section--p text-section--norm\">\n<p class=\"norm\">Mit dem Kauf dieses F\u00fchrers unterst\u00fctzt du die Vereine Rebolting und Plan Vertical sowie den Walliser Bergf\u00fchrerverband, welche sich f\u00fcr die Sanierung von Kletterrouten einsetzen. 3% des Erl\u00f6ses aus dem Kletterf\u00fchrer fliessen<\/p>\n<\/div>\n<div class=\"text-section text-section--p text-section--norm\">\n<p class=\"norm\">direkt in neue Bohrhaken!<\/p>\n<\/div>\n<div class=\"text-section text-section--p text-section--norm\">\n<p class=\"norm\">4-farbig, 360 Seiten, 64 Gebiete<br \/>\nFormat: 12.0 x 18.5 cm<\/p>\n<\/div>\n<div class=\"text-section text-section--p text-section--norm\">\n<p class=\"norm\">Sprachen: D, F, E<br \/>\nErscheinungsjahr: 2025 (6. Auflage)<\/p>\n<\/div>\n<\/div>\n<\/div>","protected":false},"excerpt":{"rendered":"<p>Im Westen nichts Neues, weit gefehlt! Obwohl die meisten der bequem zug\u00e4nglichen W\u00e4nde bereits seit L\u00e4ngerem erschlossen sind, entstehen immer wieder neue Routen oder alte werden dank Sanierungs- und Putzaktionen aus dem Dornr\u00f6schenschlaf erweckt. Ein gutes Beispiel sind die Klettereien in Oberwald oder im Val d&#8217;Arolla. In Oberwald wurden die Felsen regelrecht \u00abausgegraben\u00bb und bieten [&#8230;]\n","protected":false},"featured_media":179812,"template":"","meta":[],"product_brand":[],"product_cat":[21539],"product_tag":[27569],"class_list":{"0":"post-179811","1":"product","2":"type-product","3":"status-publish","4":"has-post-thumbnail","6":"product_cat-fuehrerliteratur-sportklettern-bouldern","7":"product_tag-schweiz-plaisir-west-2","8":"pa_autor-von-kaenel","9":"pa_erscheinungsjahr-27415","10":"pa_region-frankreich","11":"pa_region-schweiz","12":"pa_sprache-de-fr-en","14":"first","15":"instock","16":"taxable","17":"shipping-taxable","18":"purchasable","19":"product-type-simple"},"_links":{"self":[{"href":"https:\/\/pizbube.ch\/en\/wp-json\/wp\/v2\/product\/179811","targetHints":{"allow":["GET"]}}],"collection":[{"href":"https:\/\/pizbube.ch\/en\/wp-json\/wp\/v2\/product"}],"about":[{"href":"https:\/\/pizbube.ch\/en\/wp-json\/wp\/v2\/types\/product"}],"wp:featuredmedia":[{"embeddable":true,"href":"https:\/\/pizbube.ch\/en\/wp-json\/wp\/v2\/media\/179812"}],"wp:attachment":[{"href":"https:\/\/pizbube.ch\/en\/wp-json\/wp\/v2\/media?parent=179811"}],"wp:term":[{"taxonomy":"product_brand","embeddable":true,"href":"https:\/\/pizbube.ch\/en\/wp-json\/wp\/v2\/product_brand?post=179811"},{"taxonomy":"product_cat","embeddable":true,"href":"https:\/\/pizbube.ch\/en\/wp-json\/wp\/v2\/product_cat?post=179811"},{"taxonomy":"product_tag","embeddable":true,"href":"https:\/\/pizbube.ch\/en\/wp-json\/wp\/v2\/product_tag?post=179811"}],"curies":[{"name":"wp","href":"https:\/\/api.w.org\/{rel}","templated":true}]}}