{"id":179951,"date":"2025-06-05T11:05:11","date_gmt":"2025-06-05T09:05:11","guid":{"rendered":"https:\/\/pizbube.ch\/?post_type=product&#038;p=179951"},"modified":"2025-06-05T11:14:18","modified_gmt":"2025-06-05T09:14:18","slug":"lalpe-103-architectures","status":"publish","type":"product","link":"https:\/\/pizbube.ch\/en\/shop\/lalpe-103-architectures\/","title":{"rendered":"L\u2019Alpe 103 \u2013 Architectures"},"content":{"rendered":"<div class=\"woocommerce-product-details__short-description\">\n<p>Pionniers, utopiques, farfelus, iconiques, ces grands projets d\u2019architecture ont chang\u00e9 la face des Alpes\u2026. Ou auraient pu la changer !<\/p>\n<p>Trop souvent r\u00e9sum\u00e9e au seul chalet traditionnel, l\u2019architecture des Alpes est depuis longtemps prot\u00e9iforme. Laboratoire architectural, l\u2019arc alpin a vu na\u00eetre de nombreux projets pionniers, principalement dans les domaines touristique (palaces, sanatoriums, stations de ski), industriel (barrages) et dans celui des transports (t\u00e9l\u00e9ph\u00e9riques). Aujourd\u2019hui, le d\u00e9fi \u00e0 relever est immense pour r\u00e9pondre aux nouvelles contraintes environnementales et aux mutations d\u00e9mographiques. Dans ce num\u00e9ro, <em>L\u2019Alpe<\/em> va s\u2019arr\u00eater sur quelques projets architecturaux, en s\u2019interrogeant sur le r\u00f4le de l\u2019architecture dans le d\u00e9veloppement d\u2019un territoire.<\/p>\n<p>Photographie de couverture : Le <em>Null Stern Hotel<\/em> (\u00ab h\u00f4tel z\u00e9ro \u00e9toile \u00bb) des fr\u00e8res Riklin et de l\u2019h\u00f4telier Daniel Charbonnier (Atelier fu\u0308r Sonderaufgaben).<\/p>\n<\/div>","protected":false},"excerpt":{"rendered":"<p>Pionniers, utopiques, farfelus, iconiques, ces grands projets d\u2019architecture ont chang\u00e9 la face des Alpes\u2026. Ou auraient pu la changer ! Trop souvent r\u00e9sum\u00e9e au seul chalet traditionnel, l\u2019architecture des Alpes est depuis longtemps prot\u00e9iforme. Laboratoire architectural, l\u2019arc alpin a vu na\u00eetre de nombreux projets pionniers, principalement dans les domaines touristique (palaces, sanatoriums, stations de ski), [&#8230;]\n","protected":false},"featured_media":179952,"template":"","meta":[],"product_brand":[],"product_cat":[21541],"product_tag":[],"class_list":{"0":"post-179951","1":"product","2":"type-product","3":"status-publish","4":"has-post-thumbnail","6":"product_cat-zeitschriften","7":"pa_autor-lalpe-2","8":"pa_erscheinungsjahr-27339","9":"pa_region-frankreich","10":"pa_region-schweiz","11":"pa_sprache-fr","13":"first","14":"instock","15":"taxable","16":"shipping-taxable","17":"purchasable","18":"product-type-simple"},"_links":{"self":[{"href":"https:\/\/pizbube.ch\/en\/wp-json\/wp\/v2\/product\/179951","targetHints":{"allow":["GET"]}}],"collection":[{"href":"https:\/\/pizbube.ch\/en\/wp-json\/wp\/v2\/product"}],"about":[{"href":"https:\/\/pizbube.ch\/en\/wp-json\/wp\/v2\/types\/product"}],"wp:featuredmedia":[{"embeddable":true,"href":"https:\/\/pizbube.ch\/en\/wp-json\/wp\/v2\/media\/179952"}],"wp:attachment":[{"href":"https:\/\/pizbube.ch\/en\/wp-json\/wp\/v2\/media?parent=179951"}],"wp:term":[{"taxonomy":"product_brand","embeddable":true,"href":"https:\/\/pizbube.ch\/en\/wp-json\/wp\/v2\/product_brand?post=179951"},{"taxonomy":"product_cat","embeddable":true,"href":"https:\/\/pizbube.ch\/en\/wp-json\/wp\/v2\/product_cat?post=179951"},{"taxonomy":"product_tag","embeddable":true,"href":"https:\/\/pizbube.ch\/en\/wp-json\/wp\/v2\/product_tag?post=179951"}],"curies":[{"name":"wp","href":"https:\/\/api.w.org\/{rel}","templated":true}]}}