{"id":179958,"date":"2025-06-05T11:20:29","date_gmt":"2025-06-05T09:20:29","guid":{"rendered":"https:\/\/pizbube.ch\/?post_type=product&#038;p=179958"},"modified":"2025-07-11T09:47:23","modified_gmt":"2025-07-11T07:47:23","slug":"wild-und-frisch-romandie-die-schoensten-badeplaetze-an-seen-fluessen-und-wasserfaellen","status":"publish","type":"product","link":"https:\/\/pizbube.ch\/en\/shop\/wild-und-frisch-romandie-die-schoensten-badeplaetze-an-seen-fluessen-und-wasserfaellen\/","title":{"rendered":"Wild und frisch \u2013 Romandie: Die sch\u00f6nsten Badepl\u00e4tze an Seen, Fl\u00fcssen und Wasserf\u00e4llen"},"content":{"rendered":"<p>Dieses Buch f\u00fchrt Abenteurerinnen, Wasserratten und Geniesser jeden Alters an spektakul\u00e4r sch\u00f6ne Orte am Wasser in der franz\u00f6sischsprachigen Schweiz. Darunter sind viele, die kaum jemand kennt.<\/p>\n<p>100 Badepl\u00e4tze mit lauschigen Str\u00e4nden, jadegr\u00fcnen Flussbecken, dramatischen Felsw\u00e4nden und stiebenden Wasserf\u00e4llen werden in Bild und Text pr\u00e4sentiert. Sie sind alle in h\u00f6chstens einer Stunde zu Fuss ab \u00d6V-Haltestelle oder Parkplatz erreichbar. Dank Karten, Koordinaten und genauen Beschreibungen des Zugangs erreicht man sie auf dem einfachsten Weg. Viele Tipps zur Sicherheit und Hinweise auf gem\u00fctliche Gartenrestaurants komplettieren den F\u00fchrer.<\/p>\n<p>Klappenbroschur, 14,8 \u00d7 20 cm, 264 Seiten<br \/>\n\u00fcber 250 Abbildungen<br \/>\n1. Auflage, 2025<\/p>","protected":false},"excerpt":{"rendered":"<p>Dieses Buch f\u00fchrt Abenteurerinnen, Wasserratten und Geniesser jeden Alters an spektakul\u00e4r sch\u00f6ne Orte am Wasser in der franz\u00f6sischsprachigen Schweiz. Darunter sind viele, die kaum jemand kennt. 100 Badepl\u00e4tze mit lauschigen Str\u00e4nden, jadegr\u00fcnen Flussbecken, dramatischen Felsw\u00e4nden und stiebenden Wasserf\u00e4llen werden in Bild und Text pr\u00e4sentiert. Sie sind alle in h\u00f6chstens einer Stunde zu Fuss ab \u00d6V-Haltestelle [&#8230;]\n","protected":false},"featured_media":179959,"template":"","meta":[],"product_brand":[],"product_cat":[21605],"product_tag":[],"class_list":{"0":"post-179958","1":"product","2":"type-product","3":"status-publish","4":"has-post-thumbnail","6":"product_cat-wanderfuehrer-trekking","7":"pa_autor-iwona-eberle-text-und-christoph-hurni-fotos","8":"pa_erscheinungsjahr-27415","9":"pa_region-schweiz","10":"pa_sprache-de","12":"first","13":"instock","14":"taxable","15":"shipping-taxable","16":"purchasable","17":"product-type-simple"},"_links":{"self":[{"href":"https:\/\/pizbube.ch\/en\/wp-json\/wp\/v2\/product\/179958","targetHints":{"allow":["GET"]}}],"collection":[{"href":"https:\/\/pizbube.ch\/en\/wp-json\/wp\/v2\/product"}],"about":[{"href":"https:\/\/pizbube.ch\/en\/wp-json\/wp\/v2\/types\/product"}],"wp:featuredmedia":[{"embeddable":true,"href":"https:\/\/pizbube.ch\/en\/wp-json\/wp\/v2\/media\/179959"}],"wp:attachment":[{"href":"https:\/\/pizbube.ch\/en\/wp-json\/wp\/v2\/media?parent=179958"}],"wp:term":[{"taxonomy":"product_brand","embeddable":true,"href":"https:\/\/pizbube.ch\/en\/wp-json\/wp\/v2\/product_brand?post=179958"},{"taxonomy":"product_cat","embeddable":true,"href":"https:\/\/pizbube.ch\/en\/wp-json\/wp\/v2\/product_cat?post=179958"},{"taxonomy":"product_tag","embeddable":true,"href":"https:\/\/pizbube.ch\/en\/wp-json\/wp\/v2\/product_tag?post=179958"}],"curies":[{"name":"wp","href":"https:\/\/api.w.org\/{rel}","templated":true}]}}