{"id":179962,"date":"2025-06-05T11:38:39","date_gmt":"2025-06-05T09:38:39","guid":{"rendered":"https:\/\/pizbube.ch\/?post_type=product&#038;p=179962"},"modified":"2025-07-21T14:36:29","modified_gmt":"2025-07-21T12:36:29","slug":"rando-bivouac-dans-les-alpes","status":"publish","type":"product","link":"https:\/\/pizbube.ch\/en\/shop\/rando-bivouac-dans-les-alpes\/","title":{"rendered":"Rando Bivouac dans les Alpes"},"content":{"rendered":"<p>Guide pratique et 30 bivouacs de r\u00eave pour tous<\/p>\n<div class=\"field field-name-hw-presentation-editoriale field-type-text-long field-label-hidden\">\n<div class=\"field-items\">\n<div class=\"field-item even\">\n<p>Entre beau livre et guide pratique, un ouvrage pour s\u2019initier au bivouac et vivre des exp\u00e9riences uniques seule, entre amis ou en famille.<\/p>\n<p>Un ouvrage d\u2019initiation et d\u2019inspiration pour d\u00e9couvrir et pratiquer le bivouac de fa\u00e7on responsable. Une premi\u00e8re partie consacr\u00e9e \u00e0 la pr\u00e9paration (\u00e9quipement, confection des repas, respect de l\u2019environnement, r\u00e9glementation, hygi\u00e8ne\u2026) suivie d\u2019une deuxi\u00e8me partie consacr\u00e9e aux 30 randos-bivouac.<\/p>\n<p>AU SOMMAIRE<\/p>\n<p>PREMI\u00c8RE PARTIE<\/p>\n<p>1. Quelle est la d\u00e9finition d\u2019un bivouac et ses r\u00e8gles ?<br \/>\n2. Comment trouver son itin\u00e9raire et bien installer son campement ?<br \/>\n3. Comment choisir le bon mat\u00e9riel pour s\u2019\u00e9quiper ?<br \/>\n4. Quelles astuces pour bien pr\u00e9parer ses affaires avant de partir \u00e0 l\u2019aventure ?<br \/>\n5. Quels v\u00eatements faut-il porter pour un bivouac ?<br \/>\n6. Comment garder une bonne hygi\u00e8ne en pleine nature ?<br \/>\n7. Quelles sont les erreurs \u00e0 ne pas faire pour la gestion de l\u2019eau ?<br \/>\n8. Tout savoir pour cuisiner dehors<br \/>\n9. Comment assurer sa s\u00e9curit\u00e9 en montagne pendant un bivouac ?<br \/>\n10. Et si on d\u00e9fiait nos peurs pour oser l\u2019aventure\u00a0?<\/p>\n<p>SECONDE PARTIE<\/p>\n<p>30 itin\u00e9raires de rando avec bivouac dans les Alpes pour tous les niveaux<\/p>\n<p>168 pages, 177 x 250 mm<br \/>\n1i\u00e8re Edition 2025<\/p>\n<\/div>\n<\/div>\n<\/div>","protected":false},"excerpt":{"rendered":"<p>Guide pratique et 30 bivouacs de r\u00eave pour tous Entre beau livre et guide pratique, un ouvrage pour s\u2019initier au bivouac et vivre des exp\u00e9riences uniques seule, entre amis ou en famille. Un ouvrage d\u2019initiation et d\u2019inspiration pour d\u00e9couvrir et pratiquer le bivouac de fa\u00e7on responsable. Une premi\u00e8re partie consacr\u00e9e \u00e0 la pr\u00e9paration (\u00e9quipement, confection [&#8230;]\n","protected":false},"featured_media":179963,"template":"","meta":[],"product_brand":[],"product_cat":[21605],"product_tag":[],"class_list":{"0":"post-179962","1":"product","2":"type-product","3":"status-publish","4":"has-post-thumbnail","6":"product_cat-wanderfuehrer-trekking","7":"pa_autor-ferrand","8":"pa_erscheinungsjahr-27415","9":"pa_region-frankreich","10":"pa_sprache-fr","12":"first","13":"instock","14":"taxable","15":"shipping-taxable","16":"purchasable","17":"product-type-simple"},"_links":{"self":[{"href":"https:\/\/pizbube.ch\/en\/wp-json\/wp\/v2\/product\/179962","targetHints":{"allow":["GET"]}}],"collection":[{"href":"https:\/\/pizbube.ch\/en\/wp-json\/wp\/v2\/product"}],"about":[{"href":"https:\/\/pizbube.ch\/en\/wp-json\/wp\/v2\/types\/product"}],"wp:featuredmedia":[{"embeddable":true,"href":"https:\/\/pizbube.ch\/en\/wp-json\/wp\/v2\/media\/179963"}],"wp:attachment":[{"href":"https:\/\/pizbube.ch\/en\/wp-json\/wp\/v2\/media?parent=179962"}],"wp:term":[{"taxonomy":"product_brand","embeddable":true,"href":"https:\/\/pizbube.ch\/en\/wp-json\/wp\/v2\/product_brand?post=179962"},{"taxonomy":"product_cat","embeddable":true,"href":"https:\/\/pizbube.ch\/en\/wp-json\/wp\/v2\/product_cat?post=179962"},{"taxonomy":"product_tag","embeddable":true,"href":"https:\/\/pizbube.ch\/en\/wp-json\/wp\/v2\/product_tag?post=179962"}],"curies":[{"name":"wp","href":"https:\/\/api.w.org\/{rel}","templated":true}]}}