{"id":179967,"date":"2025-06-05T11:43:44","date_gmt":"2025-06-05T09:43:44","guid":{"rendered":"https:\/\/pizbube.ch\/?post_type=product&#038;p=179967"},"modified":"2025-06-05T11:51:43","modified_gmt":"2025-06-05T09:51:43","slug":"rock-climbing-guide-for-serbia","status":"publish","type":"product","link":"https:\/\/pizbube.ch\/en\/shop\/rock-climbing-guide-for-serbia\/","title":{"rendered":"Rock Climbing Guide for Serbia"},"content":{"rendered":"<p>Klettern ist nicht das Erste, was den meisten Menschen zu Serbien einf\u00e4llt. Doch in Serbien verbergen sich zerkl\u00fcftete Karstlandschaften mit tiefen Schluchten, abgelegenen T\u00e4lern und versteckten Felsw\u00e4nden im Balkan-, Karpaten- und Dinarischen Gebirge. Dort wiederum sind so viele Kletterrouten zu finden, dass sie zusammen einen Kletterf\u00fchrer mit \u00fcber 700 Seiten f\u00fcllen. Es gibt also viel, sehr viel zu entdecken.<\/p>\n<p>Dieser Kletter- und Reisef\u00fchrer ist eine Enyzklop\u00e4die f\u00fcr diese neue Kletterdestination, ein umfassender, sorgf\u00e4ltig gestalteter Einstieg in eine Kletterszene, die bisher kaum bekannt ist.\u00a0Er bietet nicht nur Infos zu 2.200 Routen in 38 Gebieten in 6 Regionen, sondern auch durchdachte Reisedetails, Geschichten, Karten, lokale Kontakte und kulturellen Kontext. Dargestellt auf Fototopos mit allen wichtigen Informationen. Das Buch zeigt dir, nicht nur wo du klettern kannst, sondern auch wann du reisen solltest, wie du dich zurechtfindest und welche Ausrichtungen die W\u00e4nde haben.<br \/>\nDamit aber noch nicht genug, denn das Buch macht dir auch Vorschl\u00e4ge, was du an den Ruhetagen machen kannst. Wenn du Abenteuer, Ruhe oder einfach einmal etwas Neues zum Klettern suchst: Dieses Buch hat all die Informationen f\u00fcr dich!<\/p>\n<p>Inklusive<strong>:<\/strong> Klettergeschichte, 25 Seiten Reiseinformationen, Infos zu Kletterhallen, Interviews u.v.m.<\/p>\n<p>Sprachen: Englisch und Serbisch<\/p>\n<p>704 Seiten;<br \/>\n1. Auflage 2025<\/p>","protected":false},"excerpt":{"rendered":"<p>Klettern ist nicht das Erste, was den meisten Menschen zu Serbien einf\u00e4llt. Doch in Serbien verbergen sich zerkl\u00fcftete Karstlandschaften mit tiefen Schluchten, abgelegenen T\u00e4lern und versteckten Felsw\u00e4nden im Balkan-, Karpaten- und Dinarischen Gebirge. Dort wiederum sind so viele Kletterrouten zu finden, dass sie zusammen einen Kletterf\u00fchrer mit \u00fcber 700 Seiten f\u00fcllen. Es gibt also viel, [&#8230;]\n","protected":false},"featured_media":179968,"template":"","meta":[],"product_brand":[],"product_cat":[21539],"product_tag":[],"class_list":{"0":"post-179967","1":"product","2":"type-product","3":"status-publish","4":"has-post-thumbnail","6":"product_cat-fuehrerliteratur-sportklettern-bouldern","7":"pa_autor-nemanja-cizmic-igor-vukic-david-lemmerer","8":"pa_erscheinungsjahr-27415","9":"pa_region-osteuropa","10":"pa_sprache-eng-serbisch","12":"first","13":"instock","14":"taxable","15":"shipping-taxable","16":"purchasable","17":"product-type-simple"},"_links":{"self":[{"href":"https:\/\/pizbube.ch\/en\/wp-json\/wp\/v2\/product\/179967","targetHints":{"allow":["GET"]}}],"collection":[{"href":"https:\/\/pizbube.ch\/en\/wp-json\/wp\/v2\/product"}],"about":[{"href":"https:\/\/pizbube.ch\/en\/wp-json\/wp\/v2\/types\/product"}],"wp:featuredmedia":[{"embeddable":true,"href":"https:\/\/pizbube.ch\/en\/wp-json\/wp\/v2\/media\/179968"}],"wp:attachment":[{"href":"https:\/\/pizbube.ch\/en\/wp-json\/wp\/v2\/media?parent=179967"}],"wp:term":[{"taxonomy":"product_brand","embeddable":true,"href":"https:\/\/pizbube.ch\/en\/wp-json\/wp\/v2\/product_brand?post=179967"},{"taxonomy":"product_cat","embeddable":true,"href":"https:\/\/pizbube.ch\/en\/wp-json\/wp\/v2\/product_cat?post=179967"},{"taxonomy":"product_tag","embeddable":true,"href":"https:\/\/pizbube.ch\/en\/wp-json\/wp\/v2\/product_tag?post=179967"}],"curies":[{"name":"wp","href":"https:\/\/api.w.org\/{rel}","templated":true}]}}