{"id":180020,"date":"2025-06-19T12:16:57","date_gmt":"2025-06-19T10:16:57","guid":{"rendered":"https:\/\/pizbube.ch\/?post_type=product&#038;p=180020"},"modified":"2025-06-19T12:16:58","modified_gmt":"2025-06-19T10:16:58","slug":"passaggio-a-nordovest-vol-2-falesie-e-vie-in-piemonte-occidentale","status":"publish","type":"product","link":"https:\/\/pizbube.ch\/en\/shop\/passaggio-a-nordovest-vol-2-falesie-e-vie-in-piemonte-occidentale\/","title":{"rendered":"Passaggio a Nordovest Vol. 2 &#8211; Falesie e vie in Piemonte occidentale"},"content":{"rendered":"<p class=\"product-detail\">Valli Pinerolesi &#8211; Rocca Sbarua &#8211; Val Sangone<\/p>\n<p>Il libro descrive <strong>oltre 100 siti d\u2019arrampicata<\/strong> presenti nelle <strong>Valli Pellice, Chisone<\/strong> e <strong>Germanasca,<\/strong> nella fascia pedemontana con la <strong>Rocca<\/strong> <strong>Sbarua<\/strong>, il <strong>Monte Tre Denti,<\/strong> le falesie dell\u2019area <strong>Cumianese<\/strong> e non ultimi quelli presenti nella <strong>Val Sangone.<\/strong> In queste valli l\u2019arrampicata e l\u2019alpinismo sono sempre stati presenti e siti importanti come la Rocca Sbarua testimoniano un\u2019attivit\u00e0 di primo piano fin dagli inizi del \u2018900.\u00a0Nomi importanti come <strong>Boccalatte, Gervasutti, Rivero,<\/strong>\u00a0<strong>Rossa, Motti, Grassi<\/strong> e non solo, hanno lasciato la loro\u00a0firma regalandoci le pi\u00f9 belle vie classiche divenute ormai storiche.\u00a0L\u2019evoluzione dell\u2019alpinismo verso un\u2019attivit\u00e0 molto pi\u00f9 mirata alla sola salita su roccia e senza il fine della vetta,\u00a0fu l\u2019incipit che colse <strong>Andrea Mellano<\/strong> e il suo gruppo di\u00a0amici a maturare l\u2019idea di promuovere le prime gare di\u00a0arrampicata sportiva con \u201cSportroccia \u201985\u201d.<\/p>\n<p>Da l\u00ec in poi le falesie si moltiplicano, ma c\u2019\u00e8 chi come <strong>Fiorenzo Michelin,<\/strong> coautore della precedente edizione, in queste valli ha aperto un incredibile numero di vie, sviluppando nel <em><strong>Bourcet<\/strong><\/em> il maggior sito di interesse nella Val Chisone e offrendo l\u2019opportunit\u00e0 di una crescita turistico economica del territorio.<\/p>\n<p>Il paesaggio cambia radicalmente: se ci si trova nelle\u00a0basse valli le pareti sono immerse principalmente in boschi di castagni e faggi, man mano che si prende quota\u00a0si lascia spazio ai boschi di conifere e ai pascoli per raggiungere quelle pi\u00f9 alte nel classico ambiente alpino con\u00a0abbondanza di laghi e panorami da cui non manca mai\u00a0uno sguardo al Monviso.<\/p>\n<p>Questa <strong>edizione<\/strong> di <em>Passaggio a Nord Ovest<\/em>, suddivisa\u00a0in <strong><a href=\"https:\/\/pizbube.ch\/en\/shop\/passaggio-a-nordovest-vol-1\/\" target=\"_blank\" rel=\"noopener\">due volumi<\/a><\/strong>, arricchita e aggiornata, testimonia quanto\u00a0queste valli siano piene di opportunit\u00e0 per trascorrere\u00a0una bella giornata su pareti e itinerari per tutti i gusti.<\/p>\n<p>1. edizione 2025;<br \/>\n576 pagine<\/p>\n<p>&nbsp;<\/p>\n<p class=\"product-detail\">Sportklettern und Mehrseill\u00e4ngen im westlichen Piemont vol.2 &#8211; Valli Pinerolesi &#8211; Rocca Sbarua &#8211; Val Sangone<\/p>\n<p>Das Buch beschreibt <strong>\u00fcber 100 Klettergebiete<\/strong> in den <strong>T\u00e4lern Pellice, Chisone<\/strong> und <strong>Germanasca,<\/strong> im Vorgebirge mit <strong>Rocca Sbarua, Monte Tre Denti,<\/strong> den Klippen des <strong>Cumianese-Gebiets<\/strong> und nicht zuletzt im <strong>Val Sangone.<\/strong> Klettern und Bergsteigen waren in diesen T\u00e4lern schon immer pr\u00e4sent, und bedeutende Orte wie Rocca Sbarua zeugen von einer f\u00fchrenden Aktivit\u00e4t seit Beginn des 20. Jahrhunderts. Bedeutende Namen wie Boccalatte, Gervasutti, Rivero, Rossa, Motti, Grassi und andere haben ihre Spuren hinterlassen und uns die sch\u00f6nsten klassischen Routen hinterlassen, die heute historisch sind. Die Entwicklung des Bergsteigens hin zu einer Aktivit\u00e4t, die sich viel st\u00e4rker auf das Klettern am Fels konzentriert und nicht das Ziel hat, den Gipfel zu erreichen, war der Ausgangspunkt f\u00fcr Andrea Mellano und seine Gruppe von Freunden, die Idee zu entwickeln, mit \u201eSportroccia \u201985\u201c die ersten Sportkletterwettbewerbe zu veranstalten.<\/p>\n<p>Von dort aus vervielfachen sich die Felsw\u00e4nde, doch es gibt Leute wie Fiorenzo Michelin, Mitautor der vorherigen Ausgabe, die eine unglaubliche Anzahl von Routen in diesen T\u00e4lern er\u00f6ffnet haben. Dadurch hat sich das Bourcet zur gr\u00f6\u00dften Sehensw\u00fcrdigkeit im Chisonetal entwickelt und bietet die M\u00f6glichkeit f\u00fcr wirtschaftliches und touristisches Wachstum in der Region.<\/p>\n<p>Die Landschaft ver\u00e4ndert sich radikal: In den tiefer gelegenen T\u00e4lern sind die W\u00e4nde haupts\u00e4chlich von Kastanien- und Buchenw\u00e4ldern bedeckt. Mit zunehmender H\u00f6he weichen Nadelw\u00e4ldern und Weiden, und in den h\u00f6heren T\u00e4lern erreicht man die klassische alpine Landschaft mit zahlreichen Seen und Aussichten, von denen man immer einen Blick auf den Monviso erhaschen kann.<\/p>\n<p>Diese Ausgabe von \u201e<em>Passaggio a Nord Ovest<\/em>\u201c, aufgeteilt in <strong><a href=\"https:\/\/pizbube.ch\/en\/shop\/passaggio-a-nordovest-vol-1\/\" target=\"_blank\" rel=\"noopener\">zwei B\u00e4nde<\/a><\/strong>, erweitert und aktualisiert, zeigt, wie viele M\u00f6glichkeiten diese T\u00e4ler bieten, einen sch\u00f6nen Tag an W\u00e4nden und Routen f\u00fcr jeden Geschmack zu verbringen.<\/p>\n<p>1. Auflage 2025, nur in ital. Sprache erschienen;<br \/>\n576 Seiten<\/p>","protected":false},"excerpt":{"rendered":"<p>Valli Pinerolesi &#8211; Rocca Sbarua &#8211; Val Sangone Il libro descrive oltre 100 siti d\u2019arrampicata presenti nelle Valli Pellice, Chisone e Germanasca, nella fascia pedemontana con la Rocca Sbarua, il Monte Tre Denti, le falesie dell\u2019area Cumianese e non ultimi quelli presenti nella Val Sangone. In queste valli l\u2019arrampicata e l\u2019alpinismo sono sempre stati presenti [&#8230;]\n","protected":false},"featured_media":180021,"template":"","meta":[],"product_brand":[],"product_cat":[21539],"product_tag":[],"class_list":{"0":"post-180020","1":"product","2":"type-product","3":"status-publish","4":"has-post-thumbnail","6":"product_cat-fuehrerliteratur-sportklettern-bouldern","7":"pa_autor-federico-marcellino","8":"pa_erscheinungsjahr-27415","9":"pa_region-italien","10":"pa_sprache-it","12":"first","13":"instock","14":"taxable","15":"shipping-taxable","16":"purchasable","17":"product-type-simple"},"_links":{"self":[{"href":"https:\/\/pizbube.ch\/en\/wp-json\/wp\/v2\/product\/180020","targetHints":{"allow":["GET"]}}],"collection":[{"href":"https:\/\/pizbube.ch\/en\/wp-json\/wp\/v2\/product"}],"about":[{"href":"https:\/\/pizbube.ch\/en\/wp-json\/wp\/v2\/types\/product"}],"wp:featuredmedia":[{"embeddable":true,"href":"https:\/\/pizbube.ch\/en\/wp-json\/wp\/v2\/media\/180021"}],"wp:attachment":[{"href":"https:\/\/pizbube.ch\/en\/wp-json\/wp\/v2\/media?parent=180020"}],"wp:term":[{"taxonomy":"product_brand","embeddable":true,"href":"https:\/\/pizbube.ch\/en\/wp-json\/wp\/v2\/product_brand?post=180020"},{"taxonomy":"product_cat","embeddable":true,"href":"https:\/\/pizbube.ch\/en\/wp-json\/wp\/v2\/product_cat?post=180020"},{"taxonomy":"product_tag","embeddable":true,"href":"https:\/\/pizbube.ch\/en\/wp-json\/wp\/v2\/product_tag?post=180020"}],"curies":[{"name":"wp","href":"https:\/\/api.w.org\/{rel}","templated":true}]}}