{"id":180026,"date":"2025-06-19T12:17:28","date_gmt":"2025-06-19T10:17:28","guid":{"rendered":"https:\/\/pizbube.ch\/?post_type=product&#038;p=180026"},"modified":"2025-06-19T12:17:28","modified_gmt":"2025-06-19T10:17:28","slug":"dolomiten-hard-rock-klassische-und-moderne-klettertouren-zwischen-6c-und-8a","status":"publish","type":"product","link":"https:\/\/pizbube.ch\/en\/shop\/dolomiten-hard-rock-klassische-und-moderne-klettertouren-zwischen-6c-und-8a\/","title":{"rendered":"Dolomiten Hard Rock &#8211; Klassische und moderne Klettertouren zwischen 6c und 8a"},"content":{"rendered":"<p>Der vorliegende F\u00fchrer stellt <strong>100 Kletterrouten in\u00a0den Dolomiten vor<\/strong>. Mit der steigenden Zahl der Neuerschlie\u00dfungen in h\u00f6heren Graden besteht st\u00e4ndig\u00a0der Bedarf an neuen Topos; ebenso fehlen oft aktuelle Beschreibungen f\u00fcr Routen, die zwar wohlbekannt sind, aber aufgrund ihrer Schwierigkeit oder\u00a0ihres gef\u00e4hrlichen, anspruchsvollen Rufs selten\u00a0geklettert bzw. selten beschrieben werden.<\/p>\n<p>Ziel dieses F\u00fchrers ist es daher, <strong>eine Auswahl der interessantesten alpinen bzw. sportlich-alpinen Mehrseill\u00e4ngenrouten in den gesamten Dolomiten vorzustellen<\/strong>. Wie jeder Kletterer wei\u00df, ist ein detailliertes Topo einer technisch anspruchsvollen, sp\u00e4rlich abgesicherten und daher psychisch fordernden Route \u00e4u\u00dferst hilfreich f\u00fcr eine erfolgreiche Begehung. Deshalb haben es sich die Autoren zur Aufgabe gemacht, zuverl\u00e4ssige Topos und Informationen \u00fcber weniger bekannte Extremtouren\u00a0zu liefern. Au\u00dferdem haben sie fast alle der hier\u00a0vorgestellten Routen selbst wiederholt, sodass eine\u00a0einheitliche Bewertung garantiert ist.<\/p>\n<p>Es sei noch angemerkt, dass es sich bei diesem F\u00fchrer um eine rein pers\u00f6nliche Auswahl der sch\u00f6nsten Routen in den Dolomiten handelt: Anderen, nicht enthaltenen Toptouren soll damit nichts abgesprochen werden!<\/p>\n<p>1. Auflage 2925;<br \/>\n480 Seiten<\/p>","protected":false},"excerpt":{"rendered":"<p>Der vorliegende F\u00fchrer stellt 100 Kletterrouten in\u00a0den Dolomiten vor. Mit der steigenden Zahl der Neuerschlie\u00dfungen in h\u00f6heren Graden besteht st\u00e4ndig\u00a0der Bedarf an neuen Topos; ebenso fehlen oft aktuelle Beschreibungen f\u00fcr Routen, die zwar wohlbekannt sind, aber aufgrund ihrer Schwierigkeit oder\u00a0ihres gef\u00e4hrlichen, anspruchsvollen Rufs selten\u00a0geklettert bzw. selten beschrieben werden. Ziel dieses F\u00fchrers ist es daher, eine [&#8230;]\n","protected":false},"featured_media":180027,"template":"","meta":[],"product_brand":[],"product_cat":[21539],"product_tag":[],"class_list":{"0":"post-180026","1":"product","2":"type-product","3":"status-publish","4":"has-post-thumbnail","6":"product_cat-fuehrerliteratur-sportklettern-bouldern","7":"pa_autor-francesco-piacenza-samuele-mazzolini","8":"pa_erscheinungsjahr-27415","9":"pa_region-italien","10":"pa_sprache-de","12":"first","13":"instock","14":"taxable","15":"shipping-taxable","16":"purchasable","17":"product-type-simple"},"_links":{"self":[{"href":"https:\/\/pizbube.ch\/en\/wp-json\/wp\/v2\/product\/180026","targetHints":{"allow":["GET"]}}],"collection":[{"href":"https:\/\/pizbube.ch\/en\/wp-json\/wp\/v2\/product"}],"about":[{"href":"https:\/\/pizbube.ch\/en\/wp-json\/wp\/v2\/types\/product"}],"wp:featuredmedia":[{"embeddable":true,"href":"https:\/\/pizbube.ch\/en\/wp-json\/wp\/v2\/media\/180027"}],"wp:attachment":[{"href":"https:\/\/pizbube.ch\/en\/wp-json\/wp\/v2\/media?parent=180026"}],"wp:term":[{"taxonomy":"product_brand","embeddable":true,"href":"https:\/\/pizbube.ch\/en\/wp-json\/wp\/v2\/product_brand?post=180026"},{"taxonomy":"product_cat","embeddable":true,"href":"https:\/\/pizbube.ch\/en\/wp-json\/wp\/v2\/product_cat?post=180026"},{"taxonomy":"product_tag","embeddable":true,"href":"https:\/\/pizbube.ch\/en\/wp-json\/wp\/v2\/product_tag?post=180026"}],"curies":[{"name":"wp","href":"https:\/\/api.w.org\/{rel}","templated":true}]}}