{"id":180042,"date":"2025-06-12T14:00:30","date_gmt":"2025-06-12T12:00:30","guid":{"rendered":"https:\/\/pizbube.ch\/?post_type=product&#038;p=180042"},"modified":"2025-10-23T11:36:47","modified_gmt":"2025-10-23T09:36:47","slug":"escalade-cassis-la-ciotat","status":"publish","type":"product","link":"https:\/\/pizbube.ch\/en\/shop\/escalade-cassis-la-ciotat\/","title":{"rendered":"Escalade Cassis &#8211; La Ciotat"},"content":{"rendered":"<p>Le topo autour de la Ciotat &amp; Cassis<\/p>\n<p>Le topo de Cassis La Ciotat :<br \/>\nd\u00e9crit 650 itin\u00e9raires. La description des sites d\u2019escalade sur Cassis, le cap Canaille (falaises Soubeyrannes) ainsi que les environs de La Ciotat.<\/p>\n<p>Il \u00e9tait tr\u00e8s attendu, le voici<\/p>\n<p>Dans les bacs depuis avril 2025, il d\u00e9crit des secteurs nouveaux : voies existantes \u00e0 Canailles non d\u00e9crites sur le pr\u00e9c\u00e9dent topo, secteurs que nous avions voulu garder secrets mais d\u00e9sormais divulgu\u00e9s, Etoile Noire, Carnoux, La Ciotat, Cassis (d\u00e9sormais sur ce topo), Ceyreste\u2026<\/p>\n<p>Topo version 2025,<br \/>\n292 pages<\/p>\n<p>&nbsp;<\/p>\n<p>Parmi les 1596 voies d\u00e9crites dans ce topo, d\u00e9couvrez les formidables<br \/>\ncr\u00e9ations min\u00e9rales aux portes de La Ciotat \/ Cap Canaille:<br \/>\nc\u00f4t\u00e9 mer, les grandes voies exotiques de Soubeyrannes et du Bec de l`Aigle ou<br \/>\nc\u00f4t\u00e9 terre, les couennes r\u00e9jouissantes (Mallombre, Etoile Noire).<\/p>\n<p>Entre Cassis et La Ciotat, ce topo d\u00e9crit toutes les grandes voies du massif<br \/>\nde Soubeyrannes, Cap Canaille.<br \/>\nBon compl\u00e9ment aux itin\u00e9raires de plusieurs longueurs, on retrouve les sites<br \/>\nsportifs de Mallombre, le S\u00e9maphore, les \u00c9migr\u00e9s et bien sur les gr\u00e8s de<br \/>\nl&#8217;Etoile Noire.<\/p>\n<p>L&#8217;introduction informe les grimpeurs sur l&#8217;environnement vertical qu&#8217;ils<br \/>\nc\u00f4toient, sur la faune et la flore locale.<br \/>\nL&#8217;association &#171;Les grimpeurs&#187; utilise les b\u00e9n\u00e9fices de ce topo pour<br \/>\nl&#8217;entretien des falaises du d\u00e9partement en partenariat avec le CD13 FFME.<\/p>","protected":false},"excerpt":{"rendered":"<p>Le topo autour de la Ciotat &amp; Cassis Le topo de Cassis La Ciotat : d\u00e9crit 650 itin\u00e9raires. La description des sites d\u2019escalade sur Cassis, le cap Canaille (falaises Soubeyrannes) ainsi que les environs de La Ciotat. Il \u00e9tait tr\u00e8s attendu, le voici Dans les bacs depuis avril 2025, il d\u00e9crit des secteurs nouveaux : [&#8230;]\n","protected":false},"featured_media":180043,"template":"","meta":[],"product_brand":[],"product_cat":[21539],"product_tag":[],"class_list":{"0":"post-180042","1":"product","2":"type-product","3":"status-publish","4":"has-post-thumbnail","6":"product_cat-fuehrerliteratur-sportklettern-bouldern","7":"pa_autor-bernard-drouot-guigliarelli","8":"pa_erscheinungsjahr-27415","9":"pa_region-frankreich","10":"pa_sprache-fr","12":"first","13":"instock","14":"taxable","15":"shipping-taxable","16":"purchasable","17":"product-type-simple"},"_links":{"self":[{"href":"https:\/\/pizbube.ch\/en\/wp-json\/wp\/v2\/product\/180042","targetHints":{"allow":["GET"]}}],"collection":[{"href":"https:\/\/pizbube.ch\/en\/wp-json\/wp\/v2\/product"}],"about":[{"href":"https:\/\/pizbube.ch\/en\/wp-json\/wp\/v2\/types\/product"}],"wp:featuredmedia":[{"embeddable":true,"href":"https:\/\/pizbube.ch\/en\/wp-json\/wp\/v2\/media\/180043"}],"wp:attachment":[{"href":"https:\/\/pizbube.ch\/en\/wp-json\/wp\/v2\/media?parent=180042"}],"wp:term":[{"taxonomy":"product_brand","embeddable":true,"href":"https:\/\/pizbube.ch\/en\/wp-json\/wp\/v2\/product_brand?post=180042"},{"taxonomy":"product_cat","embeddable":true,"href":"https:\/\/pizbube.ch\/en\/wp-json\/wp\/v2\/product_cat?post=180042"},{"taxonomy":"product_tag","embeddable":true,"href":"https:\/\/pizbube.ch\/en\/wp-json\/wp\/v2\/product_tag?post=180042"}],"curies":[{"name":"wp","href":"https:\/\/api.w.org\/{rel}","templated":true}]}}