{"id":180053,"date":"2025-06-13T09:29:54","date_gmt":"2025-06-13T07:29:54","guid":{"rendered":"https:\/\/pizbube.ch\/?post_type=product&#038;p=180053"},"modified":"2025-06-13T09:29:54","modified_gmt":"2025-06-13T07:29:54","slug":"les-brulures-de-glace","status":"publish","type":"product","link":"https:\/\/pizbube.ch\/en\/shop\/les-brulures-de-glace\/","title":{"rendered":"Les Br\u00fblures de glace"},"content":{"rendered":"<p>N\u00e9 au pied des montagnes Rocheuses, Cory Richards vit une enfance au grand air : ski, escalade, bivouacs\u2026 Enfance idyllique ? Pas tout \u00e0 fait.<\/p>\n<p>Pour Cory, la famille est aussi un n\u0153ud de violence et de douleurs. Diagnostiqu\u00e9 bipolaire \u00e0 l\u2019adolescence, il conna\u00eet l\u2019internement, les fugues et les addictions avant de se lancer \u00e0 corps perdu dans ses deux passions : l\u2019alpinisme et la photographie. \u00ab\u00a0J\u2019ai voulu vivre follement pour \u00e9chapper \u00e0 la folie\u00a0\u00bb, dit-il. En \u00e9crivant le livre de sa vie, ses r\u00e9ussites flamboyantes et ses rechutes brutales, il choisit de regarder avec une sinc\u00e9rit\u00e9 incandescente son chaos int\u00e9rieur, pour mieux l\u2019affronter. Et l\u2019apaiser.<\/p>\n<p>1\u00e8re \u00e9dit. 2025;<br \/>\n424 pages, 15 x 21 cm<\/p>\n<p><em>Traduit de l\u2019anglais (\u00c9tats-Unis) par Charlie Buffet<\/em><\/p>","protected":false},"excerpt":{"rendered":"<p>N\u00e9 au pied des montagnes Rocheuses, Cory Richards vit une enfance au grand air : ski, escalade, bivouacs\u2026 Enfance idyllique ? Pas tout \u00e0 fait. Pour Cory, la famille est aussi un n\u0153ud de violence et de douleurs. Diagnostiqu\u00e9 bipolaire \u00e0 l\u2019adolescence, il conna\u00eet l\u2019internement, les fugues et les addictions avant de se lancer \u00e0 [&#8230;]\n","protected":false},"featured_media":180054,"template":"","meta":[],"product_brand":[],"product_cat":[26762],"product_tag":[],"class_list":{"0":"post-180053","1":"product","2":"type-product","3":"status-publish","4":"has-post-thumbnail","6":"product_cat-unkategorisiert","7":"pa_autor-richards","8":"pa_erscheinungsjahr-27415","9":"pa_region-amerika-nord","10":"pa_region-asien","11":"pa_sprache-fr","13":"first","14":"instock","15":"taxable","16":"shipping-taxable","17":"purchasable","18":"product-type-simple"},"_links":{"self":[{"href":"https:\/\/pizbube.ch\/en\/wp-json\/wp\/v2\/product\/180053","targetHints":{"allow":["GET"]}}],"collection":[{"href":"https:\/\/pizbube.ch\/en\/wp-json\/wp\/v2\/product"}],"about":[{"href":"https:\/\/pizbube.ch\/en\/wp-json\/wp\/v2\/types\/product"}],"wp:featuredmedia":[{"embeddable":true,"href":"https:\/\/pizbube.ch\/en\/wp-json\/wp\/v2\/media\/180054"}],"wp:attachment":[{"href":"https:\/\/pizbube.ch\/en\/wp-json\/wp\/v2\/media?parent=180053"}],"wp:term":[{"taxonomy":"product_brand","embeddable":true,"href":"https:\/\/pizbube.ch\/en\/wp-json\/wp\/v2\/product_brand?post=180053"},{"taxonomy":"product_cat","embeddable":true,"href":"https:\/\/pizbube.ch\/en\/wp-json\/wp\/v2\/product_cat?post=180053"},{"taxonomy":"product_tag","embeddable":true,"href":"https:\/\/pizbube.ch\/en\/wp-json\/wp\/v2\/product_tag?post=180053"}],"curies":[{"name":"wp","href":"https:\/\/api.w.org\/{rel}","templated":true}]}}