{"id":180077,"date":"2025-06-17T10:06:16","date_gmt":"2025-06-17T08:06:16","guid":{"rendered":"https:\/\/pizbube.ch\/?post_type=product&#038;p=180077"},"modified":"2025-08-21T11:19:12","modified_gmt":"2025-08-21T09:19:12","slug":"kletterfuehrer-schwarzwald-nord-inkl-battert","status":"publish","type":"product","link":"https:\/\/pizbube.ch\/en\/shop\/kletterfuehrer-schwarzwald-nord-inkl-battert\/","title":{"rendered":"Kletterf\u00fchrer Schwarzwald Nord inkl. Battert"},"content":{"rendered":"<p>Der <em>Schwarzwald<\/em> geh\u00f6rt zu den gr\u00f6\u00dften deutschen Mittelgebirgen &#8211; dass wir ihn f\u00fcr die Kletterer\/innen in einen Band Nord und Band S\u00fcd aufgeteilt haben, lag auf der Hand. Einen Gro\u00dfteil des Nord-Bandes nimmt nat\u00fcrlich der Battert ein. Er ist ein Kletterziel von \u00fcberregionaler, ja sogar l\u00e4nder\u00fcbergreifender Bedeutung. An seinen T\u00fcrmen und steilen W\u00e4nden hat das Klettern eine weit \u00fcber hundertj\u00e4hrige Tradition.<\/p>\n<p>Die Art der Kletterei unterscheidet sich hier deutlich von der im Donautal oder auf der Schw\u00e4bischen Alb \u00fcblichen bohrhakengesicherten Kalklochzieherei: In den steilen Urgesteinsw\u00e4nden ist eine gute Fu\u00dftechnik mindestens genauso wichtig wie dicke Unterarme. Ebenfalls hilfreich ist die F\u00e4higkeit, mit mobilen Sicherungsmitteln wie Cams und Keilen umgehen zu k\u00f6nnen \u2013 die Bohr- und Schlaghaken sind eher gro\u00dfz\u00fcgig verteilt. Wer sich darauf einl\u00e4sst, findet im Battert ein fast unersch\u00f6pfliches Angebot an herrlichen, moderat schwierigen Kletterwegen in reizvoller landschaftlicher Umgebung. Und klassische Kletterwege, die lange im Ged\u00e4chtnis bleiben.<\/p>\n<p>Doch auch die anderen im Band beschriebenen Gebiete lohnen immer einen Besuch: F\u00fcr die rauen Granitzinnen des B\u00fchlertals braucht man ein ziemlich dickes Fell, am Grafensprung im Murgtal kann man fast mit dem Auto an den Einstieg fahren, in Bad Herrenalb hingegen mit der S1 aus Karlsruhe. Im Nagoldtal gibt&#8217;s leckeren Sandstein und bei Schramberg den famosen Falkenstein \u2013 f\u00fcr alle, die mal eine interessante Alternative zum sattsam bekannten Albkalk wollen. Schwarzwald-Novizen werden \u00fcberrascht sein, welch vielf\u00e4ltige Kletterm\u00f6glichkeiten sich zwischen den dunklen Tannenwipfeln verbergen.<\/p>\n<p>Beschriebene Gebiete:<\/p>\n<p>Battert<br \/>\nB\u00fchlertal<br \/>\nMurgtal<br \/>\nBad-Herrenalb<br \/>\nNagoldtal<br \/>\nSchramberger Gebiete<br \/>\nOberer Neckar<br \/>\nOrtenau<\/p>\n<p>Dem F\u00fchrer liegt ein Downloadcode f\u00fcr eine kostenlose Anwendung f\u00fcr iOS und Android bei. Ihr bekommt damit alle im Kletterf\u00fchrer enthaltenen Topos in Form einer App f\u00fcr euer Smartphone gratis dazu.<\/p>\n<p>4. Auflage 2025;<br \/>\n336 Seiten, 148 x 185 mm, Softcover, komplett 4-farbig.<\/p>","protected":false},"excerpt":{"rendered":"<p>Der Schwarzwald geh\u00f6rt zu den gr\u00f6\u00dften deutschen Mittelgebirgen &#8211; dass wir ihn f\u00fcr die Kletterer\/innen in einen Band Nord und Band S\u00fcd aufgeteilt haben, lag auf der Hand. Einen Gro\u00dfteil des Nord-Bandes nimmt nat\u00fcrlich der Battert ein. Er ist ein Kletterziel von \u00fcberregionaler, ja sogar l\u00e4nder\u00fcbergreifender Bedeutung. An seinen T\u00fcrmen und steilen W\u00e4nden hat das [&#8230;]\n","protected":false},"featured_media":180079,"template":"","meta":[],"product_brand":[],"product_cat":[21539],"product_tag":[],"class_list":{"0":"post-180077","1":"product","2":"type-product","3":"status-publish","4":"has-post-thumbnail","6":"product_cat-fuehrerliteratur-sportklettern-bouldern","7":"pa_autor-hrsg","8":"pa_autor-panico","9":"pa_erscheinungsjahr-27415","10":"pa_region-deutschland","11":"pa_sprache-de","13":"first","14":"instock","15":"taxable","16":"shipping-taxable","17":"purchasable","18":"product-type-simple"},"_links":{"self":[{"href":"https:\/\/pizbube.ch\/en\/wp-json\/wp\/v2\/product\/180077","targetHints":{"allow":["GET"]}}],"collection":[{"href":"https:\/\/pizbube.ch\/en\/wp-json\/wp\/v2\/product"}],"about":[{"href":"https:\/\/pizbube.ch\/en\/wp-json\/wp\/v2\/types\/product"}],"wp:featuredmedia":[{"embeddable":true,"href":"https:\/\/pizbube.ch\/en\/wp-json\/wp\/v2\/media\/180079"}],"wp:attachment":[{"href":"https:\/\/pizbube.ch\/en\/wp-json\/wp\/v2\/media?parent=180077"}],"wp:term":[{"taxonomy":"product_brand","embeddable":true,"href":"https:\/\/pizbube.ch\/en\/wp-json\/wp\/v2\/product_brand?post=180077"},{"taxonomy":"product_cat","embeddable":true,"href":"https:\/\/pizbube.ch\/en\/wp-json\/wp\/v2\/product_cat?post=180077"},{"taxonomy":"product_tag","embeddable":true,"href":"https:\/\/pizbube.ch\/en\/wp-json\/wp\/v2\/product_tag?post=180077"}],"curies":[{"name":"wp","href":"https:\/\/api.w.org\/{rel}","templated":true}]}}