{"id":180133,"date":"2025-06-20T09:55:45","date_gmt":"2025-06-20T07:55:45","guid":{"rendered":"https:\/\/pizbube.ch\/?post_type=product&#038;p=180133"},"modified":"2025-06-20T09:55:45","modified_gmt":"2025-06-20T07:55:45","slug":"parco-nazionale-dabruzzo-lazio-e-molise-125000","status":"publish","type":"product","link":"https:\/\/pizbube.ch\/en\/shop\/parco-nazionale-dabruzzo-lazio-e-molise-125000\/","title":{"rendered":"Parco Nazionale d&#8217;Abruzzo Lazio e Molise 1:25&#8217;000"},"content":{"rendered":"<p>Continua l&#8217;opera di aggiornamento e miglioramento dello strumento essenziale per vivere, a passo lento, la Natura del Parco Nazionale d&#8217;Abruzzo, Lazio e Molise. Composta di due fogli in scala 1:25.000, la Carta dei Sentieri illustra, nella loro versione pi\u00f9 aggiornata, i 158 sentieri ufficiali del Parco, ovvero quelli consentiti dal disciplinare di fruizione turistica del Parco.<\/p>\n<p>Tra le novit\u00e0 dell&#8217;edizione 2024 troviamo 2 nuovi tracciati, che si aggiungono ai 19 in pi\u00f9, inseriti, negli scorsi anni, nella sentieristica ufficiale dal 2019; una legenda che permette una pi\u00f9 facile lettura della carta, anche alla luce delle diverse regolamentazioni di percorrenza e la stampa su di un nuovo supporto ecologico, anti-strappo e anti-pioggia, denominato Stone paper derivato dal carbonato di carbonato di calcio e certificato &#171;Cradle to Cradle&#187; riconosciuto nel mondo come un importante parametro per misurare la sostenibilit\u00e0 di un prodotto all\u2019interno dell\u2019Economia Circolare.<\/p>\n<p>&nbsp;<\/p>\n<p>The work of updating and improving the essential tool for experiencing, at a slow pace, the nature of the Abruzzo, Lazio and Molise National Park continues. Composed of two sheets at a scale of 1:25,000, with 158 official trails, the new edition makes the map easier to read, also in the light of the different regulations for walking, horse riding, mountain biking and with dogs.<\/p>\n<p>The new ecological, tear-proof and rain-proof support, called Stone paper derived from calcium carbonate and certified &#8218;Cradle to Cradle&#8216;, recognised worldwide as an important parameter for measuring the sustainability of a product within the Circular Economy, makes it even more innovative.<\/p>","protected":false},"excerpt":{"rendered":"<p>Continua l&#8217;opera di aggiornamento e miglioramento dello strumento essenziale per vivere, a passo lento, la Natura del Parco Nazionale d&#8217;Abruzzo, Lazio e Molise. Composta di due fogli in scala 1:25.000, la Carta dei Sentieri illustra, nella loro versione pi\u00f9 aggiornata, i 158 sentieri ufficiali del Parco, ovvero quelli consentiti dal disciplinare di fruizione turistica del [&#8230;]\n","protected":false},"featured_media":180134,"template":"","meta":[],"product_brand":[],"product_cat":[21543],"product_tag":[26777,26776],"class_list":{"0":"post-180133","1":"product","2":"type-product","3":"status-publish","4":"has-post-thumbnail","6":"product_cat-landkarten","7":"product_tag-abbruzzen","8":"product_tag-abruzzen","9":"pa_autor-edizioni-del-parco","10":"pa_erscheinungsjahr-27339","11":"pa_region-italien","12":"pa_sprache-it-en","14":"first","15":"instock","16":"taxable","17":"shipping-taxable","18":"purchasable","19":"product-type-simple"},"_links":{"self":[{"href":"https:\/\/pizbube.ch\/en\/wp-json\/wp\/v2\/product\/180133","targetHints":{"allow":["GET"]}}],"collection":[{"href":"https:\/\/pizbube.ch\/en\/wp-json\/wp\/v2\/product"}],"about":[{"href":"https:\/\/pizbube.ch\/en\/wp-json\/wp\/v2\/types\/product"}],"wp:featuredmedia":[{"embeddable":true,"href":"https:\/\/pizbube.ch\/en\/wp-json\/wp\/v2\/media\/180134"}],"wp:attachment":[{"href":"https:\/\/pizbube.ch\/en\/wp-json\/wp\/v2\/media?parent=180133"}],"wp:term":[{"taxonomy":"product_brand","embeddable":true,"href":"https:\/\/pizbube.ch\/en\/wp-json\/wp\/v2\/product_brand?post=180133"},{"taxonomy":"product_cat","embeddable":true,"href":"https:\/\/pizbube.ch\/en\/wp-json\/wp\/v2\/product_cat?post=180133"},{"taxonomy":"product_tag","embeddable":true,"href":"https:\/\/pizbube.ch\/en\/wp-json\/wp\/v2\/product_tag?post=180133"}],"curies":[{"name":"wp","href":"https:\/\/api.w.org\/{rel}","templated":true}]}}