{"id":180208,"date":"2025-06-26T08:38:29","date_gmt":"2025-06-26T06:38:29","guid":{"rendered":"https:\/\/pizbube.ch\/?post_type=product&#038;p=180208"},"modified":"2025-07-05T15:28:48","modified_gmt":"2025-07-05T13:28:48","slug":"en-val-dherens-topo-escalade-2","status":"publish","type":"product","link":"https:\/\/pizbube.ch\/en\/shop\/en-val-dherens-topo-escalade-2\/","title":{"rendered":"En Val d&#8217;H\u00e9rens &#8211; Topo Escalade"},"content":{"rendered":"<p>En Val d&#8217;H\u00e9rens, Escalade<\/p>\n<p class=\"pub__text\">Le topo d\u2019escalade 2025 en Val d\u2019H\u00e9rens s\u2019\u00e9toffe cette ann\u00e9e avec 9 nouveaux secteurs et plus de 100 voies ajout\u00e9es. Une bonne excuse pour revenir grimper par ici, non ?<\/p>\n<p>Le Val d\u2019H\u00e9rens rec\u00e8le de nombreux sites proposant aux grimpeurs tous les styles d\u2019escalade. Des petites falaises accessibles offrent des voies d\u2019initiation, des secteurs plus raides invitent le grimpeur sportif \u00e0 se d\u00e9passer et de hautes falaises proposent des voies longues pour le grimpeur-alpiniste aimant les belles envol\u00e9es dans un environnement alpin dont la r\u00e9putation n\u2019est plus \u00e0 faire. Chaque site a une personnalit\u00e9, un grain de rocher bien \u00e0 lui, un environnement agr\u00e9able. Et lorsque les temp\u00e9ratures s\u2019\u00e9l\u00e8vent, la fra\u00eecheur du Val d\u2019H\u00e9rens permet de grimper pendant les mois chauds de l\u2019\u00e9t\u00e9.<\/p>\n<p>32 secteurs r\u00e9partis sur les communes d\u2019H\u00e9r\u00e9mence, Arolla, Saint-Martin et Evol\u00e8ne r\u00e9pertorient environ 300 voies.<\/p>\n<p>147 pages,<br \/>\n\u00e9dition 2025<\/p>","protected":false},"excerpt":{"rendered":"<p>En Val d&#8217;H\u00e9rens, Escalade Le topo d\u2019escalade 2025 en Val d\u2019H\u00e9rens s\u2019\u00e9toffe cette ann\u00e9e avec 9 nouveaux secteurs et plus de 100 voies ajout\u00e9es. Une bonne excuse pour revenir grimper par ici, non ? Le Val d\u2019H\u00e9rens rec\u00e8le de nombreux sites proposant aux grimpeurs tous les styles d\u2019escalade. Des petites falaises accessibles offrent des voies [&#8230;]\n","protected":false},"featured_media":180209,"template":"","meta":[],"product_brand":[],"product_cat":[21539],"product_tag":[],"class_list":{"0":"post-180208","1":"product","2":"type-product","3":"status-publish","4":"has-post-thumbnail","6":"product_cat-fuehrerliteratur-sportklettern-bouldern","7":"pa_autor-brenzikofer","8":"pa_erscheinungsjahr-27415","9":"pa_region-schweiz","10":"pa_sprache-fr","12":"first","13":"instock","14":"taxable","15":"shipping-taxable","16":"purchasable","17":"product-type-simple"},"_links":{"self":[{"href":"https:\/\/pizbube.ch\/en\/wp-json\/wp\/v2\/product\/180208","targetHints":{"allow":["GET"]}}],"collection":[{"href":"https:\/\/pizbube.ch\/en\/wp-json\/wp\/v2\/product"}],"about":[{"href":"https:\/\/pizbube.ch\/en\/wp-json\/wp\/v2\/types\/product"}],"wp:featuredmedia":[{"embeddable":true,"href":"https:\/\/pizbube.ch\/en\/wp-json\/wp\/v2\/media\/180209"}],"wp:attachment":[{"href":"https:\/\/pizbube.ch\/en\/wp-json\/wp\/v2\/media?parent=180208"}],"wp:term":[{"taxonomy":"product_brand","embeddable":true,"href":"https:\/\/pizbube.ch\/en\/wp-json\/wp\/v2\/product_brand?post=180208"},{"taxonomy":"product_cat","embeddable":true,"href":"https:\/\/pizbube.ch\/en\/wp-json\/wp\/v2\/product_cat?post=180208"},{"taxonomy":"product_tag","embeddable":true,"href":"https:\/\/pizbube.ch\/en\/wp-json\/wp\/v2\/product_tag?post=180208"}],"curies":[{"name":"wp","href":"https:\/\/api.w.org\/{rel}","templated":true}]}}