{"id":180266,"date":"2025-07-01T14:39:50","date_gmt":"2025-07-01T12:39:50","guid":{"rendered":"https:\/\/pizbube.ch\/?post_type=product&#038;p=180266"},"modified":"2025-07-12T14:22:20","modified_gmt":"2025-07-12T12:22:20","slug":"mont-blanc-granite-tomo-6-le-piu-belle-vie-darrampicata-val-ferret","status":"publish","type":"product","link":"https:\/\/pizbube.ch\/en\/shop\/mont-blanc-granite-tomo-6-le-piu-belle-vie-darrampicata-val-ferret\/","title":{"rendered":"Mont-Blanc Granite Tomo 6 &#8211; le pi\u00f9 belle vie d&#8217;arrampicata &#8211; Val Ferret"},"content":{"rendered":"<p>Il volume 6 di MONT-BLANC GRANITE completa la raccolta che descrive le pi\u00f9 belle arrampicate su roccia del massiccio.<br \/>\nI bacini della Val Ferret (I) non sono i pi\u00f9 conosciuti n\u00e9 i pi\u00f9 frequentati. Tuttavia, offrono una vasta gamma di arrampicate<br \/>\ndi alta qualit\u00e0 in un ambiente selvaggio e incontaminato.<\/p>\n<p>Ogni bacino <span id=\"js-showResume\" class=\"showResume\">\u00e8 dotato di un piccolo bivacco e la conca del Triolet \u00e8 servita dal rifugio Dalmazzi.<br \/>\n248 proposte di itinerari rocciosi indimenticabili.<\/span><\/p>\n<p>276 pagine;<br \/>\nedizione 2025<\/p>","protected":false},"excerpt":{"rendered":"<p>Il volume 6 di MONT-BLANC GRANITE completa la raccolta che descrive le pi\u00f9 belle arrampicate su roccia del massiccio. I bacini della Val Ferret (I) non sono i pi\u00f9 conosciuti n\u00e9 i pi\u00f9 frequentati. Tuttavia, offrono una vasta gamma di arrampicate di alta qualit\u00e0 in un ambiente selvaggio e incontaminato. Ogni bacino \u00e8 dotato di [&#8230;]\n","protected":false},"featured_media":180267,"template":"","meta":[],"product_brand":[],"product_cat":[21539],"product_tag":[],"class_list":{"0":"post-180266","1":"product","2":"type-product","3":"status-publish","4":"has-post-thumbnail","6":"product_cat-fuehrerliteratur-sportklettern-bouldern","7":"pa_autor-enrico-bonino-francois-damilano-julien-desecures-louis-laurent","8":"pa_erscheinungsjahr-27415","9":"pa_region-frankreich","10":"pa_region-italien","11":"pa_sprache-it","13":"first","14":"instock","15":"taxable","16":"shipping-taxable","17":"purchasable","18":"product-type-simple"},"_links":{"self":[{"href":"https:\/\/pizbube.ch\/en\/wp-json\/wp\/v2\/product\/180266","targetHints":{"allow":["GET"]}}],"collection":[{"href":"https:\/\/pizbube.ch\/en\/wp-json\/wp\/v2\/product"}],"about":[{"href":"https:\/\/pizbube.ch\/en\/wp-json\/wp\/v2\/types\/product"}],"wp:featuredmedia":[{"embeddable":true,"href":"https:\/\/pizbube.ch\/en\/wp-json\/wp\/v2\/media\/180267"}],"wp:attachment":[{"href":"https:\/\/pizbube.ch\/en\/wp-json\/wp\/v2\/media?parent=180266"}],"wp:term":[{"taxonomy":"product_brand","embeddable":true,"href":"https:\/\/pizbube.ch\/en\/wp-json\/wp\/v2\/product_brand?post=180266"},{"taxonomy":"product_cat","embeddable":true,"href":"https:\/\/pizbube.ch\/en\/wp-json\/wp\/v2\/product_cat?post=180266"},{"taxonomy":"product_tag","embeddable":true,"href":"https:\/\/pizbube.ch\/en\/wp-json\/wp\/v2\/product_tag?post=180266"}],"curies":[{"name":"wp","href":"https:\/\/api.w.org\/{rel}","templated":true}]}}