{"id":180271,"date":"2025-07-01T14:40:17","date_gmt":"2025-07-01T12:40:17","guid":{"rendered":"https:\/\/pizbube.ch\/?post_type=product&#038;p=180271"},"modified":"2025-07-12T14:22:39","modified_gmt":"2025-07-12T12:22:39","slug":"mont-blanc-granite-tome-6-val-ferret","status":"publish","type":"product","link":"https:\/\/pizbube.ch\/en\/shop\/mont-blanc-granite-tome-6-val-ferret\/","title":{"rendered":"MONT-BLANC GRANITE TOME 6 &#8211; VAL FERRET"},"content":{"rendered":"<p>MontBlanc Granite les plus belles voies d\u2019escalade tome 6, Val Ferret (I) : de la Tour des Jorasses aux parois des Titans<\/p>\n<p>Le MONT-BLANC GRANITE tome 6 compl\u00e8te la collection d\u00e9crivant les plus belles escalades rocheuses du massif.<br \/>\nLes bassins du Val Ferret (I) ne sont pas les plus connus ni les plus fr\u00e9quent\u00e9s. Ils r\u00e9servent pourtant une profusion d\u2019itin\u00e9raires de grande qualit\u00e9 dans une ambiance sauvage et pr\u00e9serv\u00e9e.<\/p>\n<p>Chaque bassin est \u00e9quip\u00e9 d\u2019un petit bivouac et le bassin de Triolet est desservi par le refuge Dalmazzi.<\/p>\n<p>248 promesses d&#8217;escalades rocheuses inoubliables.<\/p>\n<p>276 pages<br \/>\nedition 2025<\/p>","protected":false},"excerpt":{"rendered":"<p>MontBlanc Granite les plus belles voies d\u2019escalade tome 6, Val Ferret (I) : de la Tour des Jorasses aux parois des Titans Le MONT-BLANC GRANITE tome 6 compl\u00e8te la collection d\u00e9crivant les plus belles escalades rocheuses du massif. Les bassins du Val Ferret (I) ne sont pas les plus connus ni les plus fr\u00e9quent\u00e9s. Ils [&#8230;]\n","protected":false},"featured_media":180274,"template":"","meta":[],"product_brand":[],"product_cat":[21539],"product_tag":[],"class_list":{"0":"post-180271","1":"product","2":"type-product","3":"status-publish","4":"has-post-thumbnail","6":"product_cat-fuehrerliteratur-sportklettern-bouldern","7":"pa_autor-enrico-bonino-francois-damilano-julien-desecures-louis-laurent","8":"pa_erscheinungsjahr-27415","9":"pa_region-frankreich","10":"pa_region-italien","11":"pa_sprache-fr","13":"first","14":"instock","15":"taxable","16":"shipping-taxable","17":"purchasable","18":"product-type-simple"},"_links":{"self":[{"href":"https:\/\/pizbube.ch\/en\/wp-json\/wp\/v2\/product\/180271","targetHints":{"allow":["GET"]}}],"collection":[{"href":"https:\/\/pizbube.ch\/en\/wp-json\/wp\/v2\/product"}],"about":[{"href":"https:\/\/pizbube.ch\/en\/wp-json\/wp\/v2\/types\/product"}],"wp:featuredmedia":[{"embeddable":true,"href":"https:\/\/pizbube.ch\/en\/wp-json\/wp\/v2\/media\/180274"}],"wp:attachment":[{"href":"https:\/\/pizbube.ch\/en\/wp-json\/wp\/v2\/media?parent=180271"}],"wp:term":[{"taxonomy":"product_brand","embeddable":true,"href":"https:\/\/pizbube.ch\/en\/wp-json\/wp\/v2\/product_brand?post=180271"},{"taxonomy":"product_cat","embeddable":true,"href":"https:\/\/pizbube.ch\/en\/wp-json\/wp\/v2\/product_cat?post=180271"},{"taxonomy":"product_tag","embeddable":true,"href":"https:\/\/pizbube.ch\/en\/wp-json\/wp\/v2\/product_tag?post=180271"}],"curies":[{"name":"wp","href":"https:\/\/api.w.org\/{rel}","templated":true}]}}