{"id":180294,"date":"2025-07-02T14:05:15","date_gmt":"2025-07-02T12:05:15","guid":{"rendered":"https:\/\/pizbube.ch\/?post_type=product&#038;p=180294"},"modified":"2025-07-02T14:10:57","modified_gmt":"2025-07-02T12:10:57","slug":"fiche-granite-13-aiguille-dargentiere-milieu-du-monde-vierge","status":"publish","type":"product","link":"https:\/\/pizbube.ch\/en\/shop\/fiche-granite-13-aiguille-dargentiere-milieu-du-monde-vierge\/","title":{"rendered":"Fiche Granite 13: Aiguille d&#8217;Argenti\u00e8re &#8211; milieu du monde, Vierge"},"content":{"rendered":"<p>Le mythe du bassin d\u2019Argenti\u00e8re;<br \/>\nd\u00e9couvrez les merveilleuses fissures mythiques de la Vierge d&#8217;Argenti\u00e8re<br \/>\net tout nouveau secteur du &#171;Milieu du monde&#187; en exclusivit\u00e9!<\/p>\n<p>&nbsp;<\/p>\n<p>A new form of topo:<br \/>\nleporello with the up-to-date climbing routes of Michel Piola!<br \/>\nPhoto topo with all the infos you need for climbing them&#8230;<\/p>","protected":false},"excerpt":{"rendered":"<p>Le mythe du bassin d\u2019Argenti\u00e8re; d\u00e9couvrez les merveilleuses fissures mythiques de la Vierge d&#8217;Argenti\u00e8re et tout nouveau secteur du &#171;Milieu du monde&#187; en exclusivit\u00e9! &nbsp; A new form of topo: leporello with the up-to-date climbing routes of Michel Piola! Photo topo with all the infos you need for climbing them&#8230;<\/p>","protected":false},"featured_media":180296,"template":"","meta":[],"product_brand":[],"product_cat":[21539],"product_tag":[],"class_list":{"0":"post-180294","1":"product","2":"type-product","3":"status-publish","4":"has-post-thumbnail","6":"product_cat-fuehrerliteratur-sportklettern-bouldern","7":"pa_autor-piola","8":"pa_erscheinungsjahr-27415","9":"pa_region-schweiz","10":"pa_sprache-fr-en","12":"first","13":"instock","14":"taxable","15":"shipping-taxable","16":"purchasable","17":"product-type-simple"},"_links":{"self":[{"href":"https:\/\/pizbube.ch\/en\/wp-json\/wp\/v2\/product\/180294","targetHints":{"allow":["GET"]}}],"collection":[{"href":"https:\/\/pizbube.ch\/en\/wp-json\/wp\/v2\/product"}],"about":[{"href":"https:\/\/pizbube.ch\/en\/wp-json\/wp\/v2\/types\/product"}],"wp:featuredmedia":[{"embeddable":true,"href":"https:\/\/pizbube.ch\/en\/wp-json\/wp\/v2\/media\/180296"}],"wp:attachment":[{"href":"https:\/\/pizbube.ch\/en\/wp-json\/wp\/v2\/media?parent=180294"}],"wp:term":[{"taxonomy":"product_brand","embeddable":true,"href":"https:\/\/pizbube.ch\/en\/wp-json\/wp\/v2\/product_brand?post=180294"},{"taxonomy":"product_cat","embeddable":true,"href":"https:\/\/pizbube.ch\/en\/wp-json\/wp\/v2\/product_cat?post=180294"},{"taxonomy":"product_tag","embeddable":true,"href":"https:\/\/pizbube.ch\/en\/wp-json\/wp\/v2\/product_tag?post=180294"}],"curies":[{"name":"wp","href":"https:\/\/api.w.org\/{rel}","templated":true}]}}