{"id":180309,"date":"2025-07-02T16:16:31","date_gmt":"2025-07-02T14:16:31","guid":{"rendered":"https:\/\/pizbube.ch\/?post_type=product&#038;p=180309"},"modified":"2025-08-22T12:42:14","modified_gmt":"2025-08-22T10:42:14","slug":"stena-severna-stena-triglava-alpinisticni-vodnik","status":"publish","type":"product","link":"https:\/\/pizbube.ch\/en\/shop\/stena-severna-stena-triglava-alpinisticni-vodnik\/","title":{"rendered":"Stena &#8211; Severna stena Triglava, alpinisti\u010dni vodnik"},"content":{"rendered":"<p><span class=\"value\">V zadnji izdaji se je \u0161tevilo smeri in variant pribli\u017ealo \u0161tevilki 150 in zelo verjetno je, da so sedaj dokumentirane in vrisane vse smeri, ki so bile splezane v steni. Ve\u010dina najte\u017ejih je bila v zadnjem desetletju ponovljena, ocene in skice pa popravljene in dopolnjene. Nastalo je tudi nekaj vrhunskih novih smeri in razre\u0161enih je bilo \u0161e nekaj nejasnosti, povezanih s smermi Fran\u010dka Kneza, ki je v Steni z razli\u010dnimi soplezalci potegnil dale\u010d najve\u010d smeri.<\/span><\/p>\n<p><span class=\"value\">Vodnik temelji na karseda to\u010dnem vrisu smeri v fotografije in natan\u010dnih skicah, ve\u010dini smeri pa je dodana tudi kratka karakteristika ali komentar ponavljalcev.<\/span><\/p>\n<p><span class=\"value\">Ker je bila Stena od Avstro-Ogrske dalje tudi zagrizeno tori\u0161\u010de rivalstva med germanskimi in slovenskimi plezalci za nacionalno prvenstvo pri plezalskih problemih tistega \u010dasa, bo za radovednej\u0161e dobrodo\u0161el iz\u010drpen poljuden pregled plezalske zgodovine Stene, ki ga je prispeval Aleksander Bjel\u010devi\u010d.<\/span><\/p>\n<p>&nbsp;<\/p>\n<p><strong>Stena &#8211; Der vollst\u00e4ndigste Kletterf\u00fchrer \u00fcber die Triglav-Nordwand mit Informationen zu allen Kletterrouten von 1906 bis heute &#8211; fast 150 Touren und Varianten!<\/strong><\/p>\n<p>In der neuesten Ausgabe liegt die Zahl der Touren und Varianten bei etwa 150, und es ist sehr wahrscheinlich, dass nun alle Routen, die in der Wand geklettert wurden, dokumentiert und eingezeichnet sind. Die meisten der schwierigsten Routen wurden im letzten Jahrzehnt wiederholt, und die Sch\u00e4tzungen und Skizzen wurden korrigiert und aktualisiert. Es wurden auch einige hervorragende neue Routen geschaffen und einige Unklarheiten im Zusammenhang mit den Routen von Fran\u010dek Knez, der mit verschiedenen Kletterpartnern bei weitem die meisten Routen in der Wand begangen hat, wurden beseitigt.<\/p>\n<p>Der F\u00fchrer basiert auf einer m\u00f6glichst genauen Wiedergabe der Routen mit Fotos und detaillierten Skizzen, wobei die meisten Routen mit einer kurzen Beschreibung oder mit Kommentaren von Wiederholern versehen sind.<br \/>\nDa die Triglav Nordwand (Stena) auch eine Brutst\u00e4tte f\u00fcr die Rivalit\u00e4t zwischen deutschen und slowenischen Kletterern um die nationale Meisterschaft in Kletterei der damaligen Zeit war, werden Neugierige den umfassenden popul\u00e4ren \u00dcberblick \u00fcber die Klettergeschichte der Stena von Aleksander Bjel\u010devi\u0107 zu sch\u00e4tzen wissen.<\/p>\n<p><strong>NUR IN SOLV. SPRACHE ERH\u00c4LTLICH!<\/strong><\/p>","protected":false},"excerpt":{"rendered":"<p>V zadnji izdaji se je \u0161tevilo smeri in variant pribli\u017ealo \u0161tevilki 150 in zelo verjetno je, da so sedaj dokumentirane in vrisane vse smeri, ki so bile splezane v steni. Ve\u010dina najte\u017ejih je bila v zadnjem desetletju ponovljena, ocene in skice pa popravljene in dopolnjene. Nastalo je tudi nekaj vrhunskih novih smeri in razre\u0161enih je [&#8230;]\n","protected":false},"featured_media":180310,"template":"","meta":[],"product_brand":[],"product_cat":[21544,21539],"product_tag":[],"class_list":{"0":"post-180309","1":"product","2":"type-product","3":"status-publish","4":"has-post-thumbnail","6":"product_cat-fuehrerliteratur-alpin-sommer","7":"product_cat-fuehrerliteratur-sportklettern-bouldern","8":"pa_autor-miha-valic-marko-prezelj-janez-skok","9":"pa_erscheinungsjahr-27339","10":"pa_region-osteuropa","11":"pa_sprache-slov","13":"first","14":"instock","15":"taxable","16":"shipping-taxable","17":"purchasable","18":"product-type-simple"},"_links":{"self":[{"href":"https:\/\/pizbube.ch\/en\/wp-json\/wp\/v2\/product\/180309","targetHints":{"allow":["GET"]}}],"collection":[{"href":"https:\/\/pizbube.ch\/en\/wp-json\/wp\/v2\/product"}],"about":[{"href":"https:\/\/pizbube.ch\/en\/wp-json\/wp\/v2\/types\/product"}],"wp:featuredmedia":[{"embeddable":true,"href":"https:\/\/pizbube.ch\/en\/wp-json\/wp\/v2\/media\/180310"}],"wp:attachment":[{"href":"https:\/\/pizbube.ch\/en\/wp-json\/wp\/v2\/media?parent=180309"}],"wp:term":[{"taxonomy":"product_brand","embeddable":true,"href":"https:\/\/pizbube.ch\/en\/wp-json\/wp\/v2\/product_brand?post=180309"},{"taxonomy":"product_cat","embeddable":true,"href":"https:\/\/pizbube.ch\/en\/wp-json\/wp\/v2\/product_cat?post=180309"},{"taxonomy":"product_tag","embeddable":true,"href":"https:\/\/pizbube.ch\/en\/wp-json\/wp\/v2\/product_tag?post=180309"}],"curies":[{"name":"wp","href":"https:\/\/api.w.org\/{rel}","templated":true}]}}