{"id":180347,"date":"2025-07-05T09:24:44","date_gmt":"2025-07-05T07:24:44","guid":{"rendered":"https:\/\/pizbube.ch\/?post_type=product&#038;p=180347"},"modified":"2025-07-05T09:24:44","modified_gmt":"2025-07-05T07:24:44","slug":"der-alpen-appell","status":"publish","type":"product","link":"https:\/\/pizbube.ch\/en\/shop\/der-alpen-appell\/","title":{"rendered":"Der Alpen-Appell"},"content":{"rendered":"<p>Warum die Berge nicht zum Funpark werden d\u00fcrfen. Wie Profitgier und Massentourismus die Alpen zerst\u00f6ren. Ein Aufruf f\u00fcr mehr Schutz eines bedrohten Natur- und Kulturraums<\/p>\n<p>Die Alpen sind nicht nur ein riesiger Naturraum, Wasserschloss und beliebte Freizeitst\u00e4tte in der Mitte Europas. Sie sind auch mehr denn je im Wandel begriffen \u2013 und so gef\u00e4hrdet wie nie zuvor. Grund daf\u00fcr ist auch die vom Menschen initiierte und noch immer anhaltende Erschlie\u00dfung. Sie wird selbst in den entlegensten Regionen des Hochgebirges mit heute fragw\u00fcrdigen Methoden durchgezogen. Der Alpenkenner, Filmemacher und Journalist Georg Bayerle beobachtet diese Entwicklung seit mehreren Jahrzehnten, und das privat wie beruflich. In seiner Streitschrift \u201eAlpen-Appell\u201c analysiert Bayerle den Zustand eines immer fragiler werdenden \u00d6kosystems, hinterfragt die auf Gewinnmaximierung basierende Alpen\u00f6konomie \u2013 und er zeigt Wege auf, wie wir das gro\u00dfartige Gebirge inmitten des Kontinents doch noch vor uns retten k\u00f6nnen.<\/p>\n<p>Taschenbuch<br \/>\n160 Seiten; Zweifarbdruck, 16 Fotos; 20.5 cm x 11.5 cm<br \/>\n1. Auflage 2025<\/p>","protected":false},"excerpt":{"rendered":"<p>Warum die Berge nicht zum Funpark werden d\u00fcrfen. Wie Profitgier und Massentourismus die Alpen zerst\u00f6ren. Ein Aufruf f\u00fcr mehr Schutz eines bedrohten Natur- und Kulturraums Die Alpen sind nicht nur ein riesiger Naturraum, Wasserschloss und beliebte Freizeitst\u00e4tte in der Mitte Europas. Sie sind auch mehr denn je im Wandel begriffen \u2013 und so gef\u00e4hrdet wie [&#8230;]\n","protected":false},"featured_media":180348,"template":"","meta":[],"product_brand":[],"product_cat":[21542],"product_tag":[27591],"class_list":{"0":"post-180347","1":"product","2":"type-product","3":"status-publish","4":"has-post-thumbnail","6":"product_cat-sachbuecher-dokumentationen","7":"product_tag-der-alpenappell","8":"pa_autor-bayerle","9":"pa_erscheinungsjahr-27415","10":"pa_region-uebrigers-europa","11":"pa_sprache-de","13":"first","14":"instock","15":"taxable","16":"shipping-taxable","17":"purchasable","18":"product-type-simple"},"_links":{"self":[{"href":"https:\/\/pizbube.ch\/en\/wp-json\/wp\/v2\/product\/180347","targetHints":{"allow":["GET"]}}],"collection":[{"href":"https:\/\/pizbube.ch\/en\/wp-json\/wp\/v2\/product"}],"about":[{"href":"https:\/\/pizbube.ch\/en\/wp-json\/wp\/v2\/types\/product"}],"wp:featuredmedia":[{"embeddable":true,"href":"https:\/\/pizbube.ch\/en\/wp-json\/wp\/v2\/media\/180348"}],"wp:attachment":[{"href":"https:\/\/pizbube.ch\/en\/wp-json\/wp\/v2\/media?parent=180347"}],"wp:term":[{"taxonomy":"product_brand","embeddable":true,"href":"https:\/\/pizbube.ch\/en\/wp-json\/wp\/v2\/product_brand?post=180347"},{"taxonomy":"product_cat","embeddable":true,"href":"https:\/\/pizbube.ch\/en\/wp-json\/wp\/v2\/product_cat?post=180347"},{"taxonomy":"product_tag","embeddable":true,"href":"https:\/\/pizbube.ch\/en\/wp-json\/wp\/v2\/product_tag?post=180347"}],"curies":[{"name":"wp","href":"https:\/\/api.w.org\/{rel}","templated":true}]}}