{"id":180420,"date":"2025-07-10T11:38:06","date_gmt":"2025-07-10T09:38:06","guid":{"rendered":"https:\/\/pizbube.ch\/?post_type=product&#038;p=180420"},"modified":"2025-07-10T17:43:20","modified_gmt":"2025-07-10T15:43:20","slug":"die-top-kletterrouten-in-groeden-und-umgebung-150-einzigartige-touren-in-den-dolomiten","status":"publish","type":"product","link":"https:\/\/pizbube.ch\/en\/shop\/die-top-kletterrouten-in-groeden-und-umgebung-150-einzigartige-touren-in-den-dolomiten\/","title":{"rendered":"Die Top-Kletterrouten in Gr\u00f6den und Umgebung &#8211; 150 einzigartige Touren in den Dolomiten"},"content":{"rendered":"<div>\n<p>In diesem Kletterf\u00fchrer werden die 150 sch\u00f6nsten Kletterrouten in den Dolomiten, speziell in Gr\u00f6den und Umgebung vorgestellt. Die einzelnen Routen sind nach Schwierigkeitsgraden unterteilt und beinhalten \u00fcbersichtliche technische Daten wie H\u00f6henunterschied, Strecke, Seill\u00e4ngen, Gehzeiten u.a. sowie detaillierte Beschreibungen und Skizzen.<\/p>\n<\/div>\n<div><\/div>\n<div>Der Verlauf der Tour ist einerseits auf Fotos und andererseits in detaillierten Skizzen eingezeichnet \u2013 Seill\u00e4nge f\u00fcr Seill\u00e4nge \u2013 inklusive Schwierigkeitsangaben und Angabe der Felsformationen entlang der Kletterroute.<\/div>\n<div><\/div>\n<div class=\"views-field views-field-field-pages\"><span class=\"views-label views-label-field-pages\">Seiten: <\/span><span class=\"field-content\">336<\/span><\/div>\n<div class=\"views-field views-field-description\">\n<div class=\"field-content\">Buch flexibler Einband (Paperback)<\/div>\n<\/div>\n<div class=\"views-field views-field-field-width\"><span class=\"views-label views-label-field-width\">Format: <\/span><span class=\"field-content\">160 x 230 mm<\/span><\/div>","protected":false},"excerpt":{"rendered":"<p>In diesem Kletterf\u00fchrer werden die 150 sch\u00f6nsten Kletterrouten in den Dolomiten, speziell in Gr\u00f6den und Umgebung vorgestellt. Die einzelnen Routen sind nach Schwierigkeitsgraden unterteilt und beinhalten \u00fcbersichtliche technische Daten wie H\u00f6henunterschied, Strecke, Seill\u00e4ngen, Gehzeiten u.a. sowie detaillierte Beschreibungen und Skizzen. Der Verlauf der Tour ist einerseits auf Fotos und andererseits in detaillierten Skizzen eingezeichnet \u2013 [&#8230;]\n","protected":false},"featured_media":180421,"template":"","meta":[],"product_brand":[],"product_cat":[21539],"product_tag":[27592],"class_list":{"0":"post-180420","1":"product","2":"type-product","3":"status-publish","4":"has-post-thumbnail","6":"product_cat-fuehrerliteratur-sportklettern-bouldern","7":"product_tag-dolomiten","8":"pa_autor-bernardi","9":"pa_erscheinungsjahr-27415","10":"pa_region-italien","11":"pa_sprache-de","13":"first","14":"instock","15":"taxable","16":"shipping-taxable","17":"purchasable","18":"product-type-simple"},"_links":{"self":[{"href":"https:\/\/pizbube.ch\/en\/wp-json\/wp\/v2\/product\/180420","targetHints":{"allow":["GET"]}}],"collection":[{"href":"https:\/\/pizbube.ch\/en\/wp-json\/wp\/v2\/product"}],"about":[{"href":"https:\/\/pizbube.ch\/en\/wp-json\/wp\/v2\/types\/product"}],"wp:featuredmedia":[{"embeddable":true,"href":"https:\/\/pizbube.ch\/en\/wp-json\/wp\/v2\/media\/180421"}],"wp:attachment":[{"href":"https:\/\/pizbube.ch\/en\/wp-json\/wp\/v2\/media?parent=180420"}],"wp:term":[{"taxonomy":"product_brand","embeddable":true,"href":"https:\/\/pizbube.ch\/en\/wp-json\/wp\/v2\/product_brand?post=180420"},{"taxonomy":"product_cat","embeddable":true,"href":"https:\/\/pizbube.ch\/en\/wp-json\/wp\/v2\/product_cat?post=180420"},{"taxonomy":"product_tag","embeddable":true,"href":"https:\/\/pizbube.ch\/en\/wp-json\/wp\/v2\/product_tag?post=180420"}],"curies":[{"name":"wp","href":"https:\/\/api.w.org\/{rel}","templated":true}]}}