{"id":180478,"date":"2025-07-15T10:29:15","date_gmt":"2025-07-15T08:29:15","guid":{"rendered":"https:\/\/pizbube.ch\/?post_type=product&#038;p=180478"},"modified":"2025-07-15T10:38:46","modified_gmt":"2025-07-15T08:38:46","slug":"hochtouren-ostalpen-98-fels-und-eistouren-zwischen-bernina-und-tauern","status":"publish","type":"product","link":"https:\/\/pizbube.ch\/en\/shop\/hochtouren-ostalpen-98-fels-und-eistouren-zwischen-bernina-und-tauern\/","title":{"rendered":"Hochtouren Ostalpen &#8211; 98 Fels- und Eistouren zwischen Bernina und Tauern"},"content":{"rendered":"<p><span class=\"value\">Die h\u00f6chsten Gipfel der Ostalpen \u2013 das Buch \u00bbHochtouren Ostalpen\u00ab hat sie alle versammelt: Piz Bernina, Piz Pal\u00fc, Ortler, Adamello, Gro\u00dfglockner, Hochalmspitze \u2013 die gro\u00dfen Namen der gro\u00dfen Berge will jeder hochgebirgserfahrene Bergsteiger in seiner Sammlung haben. \u00bbHochtouren Ostalpen\u00ab pr\u00e4sentiert 98 sorgf\u00e4ltig ausgew\u00e4hlte Fels- und Eistouren in allen namhaften und vergletscherten Berggruppen der Ostalpen.<\/span><\/p>\n<p>Dieses Standardwerk f\u00fcr Hochtourengeher pr\u00e4sentiert nicht nur die Klassiker der Ostalpen, sondern auch weniger bekannte Gipfel, die die Autoren als Geheimtipps entdeckt haben. Der Fokus liegt auf den vergletscherten Zentralalpen, vom Bergell bis zur Ankogel- und Goldberggruppe, sowie den eindrucksvollen Dolomiten mit der Marmolada. Viele der Hochtouren lassen sich ideal zu mehrt\u00e4gigen Abenteuern kombinieren \u2013 diese Information sind in den Routenbeschreibungen klar hervorgehoben.<\/p>\n<p>Die Hochtouren Ostalpen sind mit pr\u00e4zisen Routenbeschreibungen, detaillierten Kartenausschnitten und aussagekr\u00e4ftigen Fotos ausgestattet. Mindestens ein Bild pro Tour zeigt den eingezeichneten Routenverlauf, um bei der Planung und Durchf\u00fchrung der Tour zu helfen.<\/p>\n<p>368 Seiten,<br \/>\n74 Tourenkarten im Ma\u00dfstab 1:50.000<br \/>\n9., aktualisierte Auflage 2025<\/p>","protected":false},"excerpt":{"rendered":"<p>Die h\u00f6chsten Gipfel der Ostalpen \u2013 das Buch \u00bbHochtouren Ostalpen\u00ab hat sie alle versammelt: Piz Bernina, Piz Pal\u00fc, Ortler, Adamello, Gro\u00dfglockner, Hochalmspitze \u2013 die gro\u00dfen Namen der gro\u00dfen Berge will jeder hochgebirgserfahrene Bergsteiger in seiner Sammlung haben. \u00bbHochtouren Ostalpen\u00ab pr\u00e4sentiert 98 sorgf\u00e4ltig ausgew\u00e4hlte Fels- und Eistouren in allen namhaften und vergletscherten Berggruppen der Ostalpen. Dieses [&#8230;]\n","protected":false},"featured_media":180479,"template":"","meta":[],"product_brand":[],"product_cat":[21544],"product_tag":[],"class_list":{"0":"post-180478","1":"product","2":"type-product","3":"status-publish","4":"has-post-thumbnail","6":"product_cat-fuehrerliteratur-alpin-sommer","7":"pa_autor-schmitt-pusch","8":"pa_erscheinungsjahr-27415","9":"pa_region-schweiz","10":"pa_sprache-de","12":"first","13":"instock","14":"taxable","15":"shipping-taxable","16":"purchasable","17":"product-type-simple"},"_links":{"self":[{"href":"https:\/\/pizbube.ch\/en\/wp-json\/wp\/v2\/product\/180478","targetHints":{"allow":["GET"]}}],"collection":[{"href":"https:\/\/pizbube.ch\/en\/wp-json\/wp\/v2\/product"}],"about":[{"href":"https:\/\/pizbube.ch\/en\/wp-json\/wp\/v2\/types\/product"}],"wp:featuredmedia":[{"embeddable":true,"href":"https:\/\/pizbube.ch\/en\/wp-json\/wp\/v2\/media\/180479"}],"wp:attachment":[{"href":"https:\/\/pizbube.ch\/en\/wp-json\/wp\/v2\/media?parent=180478"}],"wp:term":[{"taxonomy":"product_brand","embeddable":true,"href":"https:\/\/pizbube.ch\/en\/wp-json\/wp\/v2\/product_brand?post=180478"},{"taxonomy":"product_cat","embeddable":true,"href":"https:\/\/pizbube.ch\/en\/wp-json\/wp\/v2\/product_cat?post=180478"},{"taxonomy":"product_tag","embeddable":true,"href":"https:\/\/pizbube.ch\/en\/wp-json\/wp\/v2\/product_tag?post=180478"}],"curies":[{"name":"wp","href":"https:\/\/api.w.org\/{rel}","templated":true}]}}