{"id":180531,"date":"2025-07-17T14:43:29","date_gmt":"2025-07-17T12:43:29","guid":{"rendered":"https:\/\/pizbube.ch\/?post_type=product&#038;p=180531"},"modified":"2025-07-17T14:43:29","modified_gmt":"2025-07-17T12:43:29","slug":"klettersteige-in-gardetal-fassatal-groeden","status":"publish","type":"product","link":"https:\/\/pizbube.ch\/en\/shop\/klettersteige-in-gardetal-fassatal-groeden\/","title":{"rendered":"Klettersteige in Gardetal, Fassatal, Gr\u00f6den"},"content":{"rendered":"<p class=\"product-detail\">30 Klettersteige, 11 versicherte Steige und 2 H\u00f6henwege<\/p>\n<p>Dieser F\u00fchrer beschreibt die versicherten Steige und\u00a0Klettersteige in den Bergketten der Dolomiten, die\u00a0von den drei <strong>ladinischen T\u00e4lern<\/strong> <strong>Gadertal<\/strong>, <strong>Fassatal<\/strong>\u00a0und <strong>Gr\u00f6dnertal<\/strong> eingerahmt werden. Die <strong>43 Routen<\/strong>\u00a0werden so detailliert wie m\u00f6glich beschrieben,\u00a0einschlie\u00dflich der Bewertung der technischen und\u00a0gel\u00e4ndebedingten Schwierigkeiten, der Gehzeiten\u00a0f\u00fcr Zustieg und Klettersteig, der Gesamtdauer der<br \/>\nTour, der H\u00f6henunterschiede, des k\u00f6rperlichen Anspruchs, der Ausgesetztheit und der H\u00f6henlage.<\/p>\n<p>Die Einleitung liefert geschichtliche Hintergr\u00fcnde\u00a0zum Ursprung der Klettersteige, eine Darstellung\u00a0der Bewertung (in Anlehnung an die \u00f6sterreichische\u00a0Skala), Informationen zur Sicherheit im Gebirge und\u00a0auf Klettersteigen sowie zur daf\u00fcr notwendigen\u00a0Schutzausr\u00fcstung.<\/p>\n<p>Der Autor hat die beschriebenen Steige pers\u00f6nlich\u00a0begangen, vor Ort alle notwendigen Informationen\u00a0gesammelt und den Gro\u00dfteil der Fotos selbst aufgenommen. Eine detaillierte Karte jeder Tour und eine\u00a0anschauliche Skizze mit dem Routenverlauf, den\u00a0Schl\u00fcsselstellen und den technischen Schwierigkeiten der einzelnen Abschnitte des Steigs runden\u00a0den F\u00fchrer ab.<\/p>\n<p>Der F\u00fchrer eignet sich sowohl f\u00fcr Einsteiger, die\u00a0sich dieser Disziplin n\u00e4hern m\u00f6chten (dank der\u00a0zahlreichen einfachen Touren) als auch f\u00fcr erfahrene Klettersteiggeher, die hier einige der anspruchsvollsten Steige der Dolomiten finden.<\/p>\n<p>1. Auflage 2025,<br \/>\n352 Seiten<\/p>","protected":false},"excerpt":{"rendered":"<p>30 Klettersteige, 11 versicherte Steige und 2 H\u00f6henwege Dieser F\u00fchrer beschreibt die versicherten Steige und\u00a0Klettersteige in den Bergketten der Dolomiten, die\u00a0von den drei ladinischen T\u00e4lern Gadertal, Fassatal\u00a0und Gr\u00f6dnertal eingerahmt werden. Die 43 Routen\u00a0werden so detailliert wie m\u00f6glich beschrieben,\u00a0einschlie\u00dflich der Bewertung der technischen und\u00a0gel\u00e4ndebedingten Schwierigkeiten, der Gehzeiten\u00a0f\u00fcr Zustieg und Klettersteig, der Gesamtdauer der Tour, der H\u00f6henunterschiede, [&#8230;]\n","protected":false},"featured_media":180532,"template":"","meta":[],"product_brand":[],"product_cat":[21544],"product_tag":[],"class_list":{"0":"post-180531","1":"product","2":"type-product","3":"status-publish","4":"has-post-thumbnail","6":"product_cat-fuehrerliteratur-alpin-sommer","7":"pa_autor-corriero","8":"pa_erscheinungsjahr-27415","9":"pa_region-italien","10":"pa_sprache-de","12":"first","13":"instock","14":"taxable","15":"shipping-taxable","16":"purchasable","17":"product-type-simple"},"_links":{"self":[{"href":"https:\/\/pizbube.ch\/en\/wp-json\/wp\/v2\/product\/180531","targetHints":{"allow":["GET"]}}],"collection":[{"href":"https:\/\/pizbube.ch\/en\/wp-json\/wp\/v2\/product"}],"about":[{"href":"https:\/\/pizbube.ch\/en\/wp-json\/wp\/v2\/types\/product"}],"wp:featuredmedia":[{"embeddable":true,"href":"https:\/\/pizbube.ch\/en\/wp-json\/wp\/v2\/media\/180532"}],"wp:attachment":[{"href":"https:\/\/pizbube.ch\/en\/wp-json\/wp\/v2\/media?parent=180531"}],"wp:term":[{"taxonomy":"product_brand","embeddable":true,"href":"https:\/\/pizbube.ch\/en\/wp-json\/wp\/v2\/product_brand?post=180531"},{"taxonomy":"product_cat","embeddable":true,"href":"https:\/\/pizbube.ch\/en\/wp-json\/wp\/v2\/product_cat?post=180531"},{"taxonomy":"product_tag","embeddable":true,"href":"https:\/\/pizbube.ch\/en\/wp-json\/wp\/v2\/product_tag?post=180531"}],"curies":[{"name":"wp","href":"https:\/\/api.w.org\/{rel}","templated":true}]}}