{"id":180746,"date":"2025-08-05T16:19:01","date_gmt":"2025-08-05T14:19:01","guid":{"rendered":"https:\/\/pizbube.ch\/?post_type=product&#038;p=180746"},"modified":"2025-11-17T12:00:57","modified_gmt":"2025-11-17T11:00:57","slug":"himalayan-rocks","status":"publish","type":"product","link":"https:\/\/pizbube.ch\/en\/shop\/himalayan-rocks\/","title":{"rendered":"Himalayan Rocks"},"content":{"rendered":"<p>The rock climbing guidebook to the world&#8217;s highest mountain range.<\/p>\n<p>Compiled in close cooperation with many of the leading climbers of Nepal and India, Pakistan, Bhutan and Tibet, this first-ever rock climbing guidebook to the entire Himalayan range picks out the pure rock climbs. Pleasure and adrenaline through vertical adventure, from single to multi-pitch, and trad to bolted.<\/p>\n<p>Covering what is higher than bouldering and not already too extremely remote requiring an expedition or semi-expedition style approach. Climbs, portrayed within their regional contexts of landscapes and nature, people and their culture. Rock climbing, in its environment. A book aiming at both visitors, and local climbers.<\/p>\n<p>1st edition 2025,<br \/>\n420 pages,<br \/>\n200 x 265 mm<\/p>\n<p>&nbsp;<\/p>\n<p>Kletterf\u00fchrer Himalayan Rocks<\/p>\n<p>In enger Zusammenarbeit mit vielen der f\u00fchrenden Kletterer aus Nepal, Indien, Pakistan, Bhutan und Tibet wurden f\u00fcr diesen ersten Kletterf\u00fchrer des gesamten Himalaya-Gebirges die reinen Felsklettereien die es in den verschiedensten T\u00e4lern und Regionen gibt, herausgesucht. Er bietet Vergn\u00fcgen und Adrenalin durch vertikale Abenteuer, von Einzel- bis Mehrseill\u00e4ngen, von Trad bis Bolt. Das Buch deckt alles ab, was \u00fcber das Bouldern hinausgeht, aber noch nicht so abgelegen ist, dass eine Expedition oder Semi-Expedition erforderlich w\u00e4re. Die Klettereien werden in ihrem regionalen Kontext von Landschaft und Natur sowie von Menschen und ihrer Kultur dargestellt. Klettern in seiner Umgebung. Ein Buch, das sich sowohl an Besucher als auch an einheimische Kletterer richtet.<\/p>\n<p>in engl. Sprache;<br \/>\n420 Seiten;<br \/>\n200 x 265 mm<\/p>","protected":false},"excerpt":{"rendered":"<p>The rock climbing guidebook to the world&#8217;s highest mountain range. Compiled in close cooperation with many of the leading climbers of Nepal and India, Pakistan, Bhutan and Tibet, this first-ever rock climbing guidebook to the entire Himalayan range picks out the pure rock climbs. Pleasure and adrenaline through vertical adventure, from single to multi-pitch, and [&#8230;]\n","protected":false},"featured_media":180747,"template":"","meta":[],"product_brand":[],"product_cat":[21544,21539],"product_tag":[],"class_list":{"0":"post-180746","1":"product","2":"type-product","3":"status-publish","4":"has-post-thumbnail","6":"product_cat-fuehrerliteratur-alpin-sommer","7":"product_cat-fuehrerliteratur-sportklettern-bouldern","8":"pa_autor-kai-maluck","9":"pa_erscheinungsjahr-27415","10":"pa_region-asien","11":"pa_sprache-en","13":"first","14":"instock","15":"taxable","16":"shipping-taxable","17":"purchasable","18":"product-type-simple"},"_links":{"self":[{"href":"https:\/\/pizbube.ch\/en\/wp-json\/wp\/v2\/product\/180746","targetHints":{"allow":["GET"]}}],"collection":[{"href":"https:\/\/pizbube.ch\/en\/wp-json\/wp\/v2\/product"}],"about":[{"href":"https:\/\/pizbube.ch\/en\/wp-json\/wp\/v2\/types\/product"}],"wp:featuredmedia":[{"embeddable":true,"href":"https:\/\/pizbube.ch\/en\/wp-json\/wp\/v2\/media\/180747"}],"wp:attachment":[{"href":"https:\/\/pizbube.ch\/en\/wp-json\/wp\/v2\/media?parent=180746"}],"wp:term":[{"taxonomy":"product_brand","embeddable":true,"href":"https:\/\/pizbube.ch\/en\/wp-json\/wp\/v2\/product_brand?post=180746"},{"taxonomy":"product_cat","embeddable":true,"href":"https:\/\/pizbube.ch\/en\/wp-json\/wp\/v2\/product_cat?post=180746"},{"taxonomy":"product_tag","embeddable":true,"href":"https:\/\/pizbube.ch\/en\/wp-json\/wp\/v2\/product_tag?post=180746"}],"curies":[{"name":"wp","href":"https:\/\/api.w.org\/{rel}","templated":true}]}}