{"id":180760,"date":"2025-08-06T09:10:38","date_gmt":"2025-08-06T07:10:38","guid":{"rendered":"https:\/\/pizbube.ch\/?post_type=product&#038;p=180760"},"modified":"2025-11-27T15:29:54","modified_gmt":"2025-11-27T14:29:54","slug":"kletterfuehrer-tessin-guida-darrampicata-ticino-escalades-en-tessin","status":"publish","type":"product","link":"https:\/\/pizbube.ch\/en\/shop\/kletterfuehrer-tessin-guida-darrampicata-ticino-escalades-en-tessin\/","title":{"rendered":"Kletterf\u00fchrer Tessin &#8211; Guida d`arrampicata Ticino &#8211; Escalades en Tessin"},"content":{"rendered":"<div class=\"tabs__tab-content--template--23974835093849__52bf00c5-c1a5-4bcd-9b87-204e690ab1d5 tabs__tab-content--template--23974835093849__52bf00c5-c1a5-4bcd-9b87-204e690ab1d5-1638dd10-8e33-4e82-b01c-2eb71d6362ba w100\" data-suffix=\"template--23974835093849__52bf00c5-c1a5-4bcd-9b87-204e690ab1d5-1638dd10-8e33-4e82-b01c-2eb71d6362ba\">\n<div>\n<div class=\"truncate-text__content-wrapper\">\n<div class=\"truncate-text__content rte\">\n<p><strong>Der kompletteste Kletterf\u00fchrer \u00fcber das Tessin. Kletterg\u00e4rten und Mehrseill\u00e4ngen mit total \u00fcber 4000 Routen.<\/strong><\/p>\n<p>Locarno \/ Onsernone \/ Maggia \/ Verzasca \/ Bellinzona \/ Riviera \/ Blenio \/ Leventina \/ Moesa \/ Lugano \/ Mendrisio<\/p>\n<p>Der Kletterf\u00fchrer Tessin stellt 93 Klettergebiete mit insgesamt weit \u00fcber 4000 Routen vor. F\u00fcr diese Neuauflage 2025 hat der im Tessin heimische Autor und Erschliesser Glauco Cugini \u00fcber 30 Gebiete aktualisiert, sechs Sektoren kamen komplett neu hinzu.<\/p>\n<p>Die Beschreibungen der Klettergebiete sind detailliert und gut verst\u00e4ndlich dargestellt: gezeichnete Topos, Angaben zur Erschliessung und Bewertung der Sch\u00f6nheit der Routen, \u00dcbersichtskarten und GPS-Koordinaten f\u00fcr den Zustieg, viele Farbfotos. Erg\u00e4nzt wird der dreisprachige Kletterf\u00fchrer (Italienisch, Franz\u00f6sisch, Deutsch) mit Informationen zur Geschichte des Kletterns im Tessin, zur Geologie und zu Umweltthemen.<\/p>\n<ul>\n<li>5. Auflage 2025<\/li>\n<li>624 Seiten<\/li>\n<li>\u00fcber 400 gezeichnete Klettertopos, \u00fcber 400 Farbfotos, \u00dcbersichtskarten<\/li>\n<li>Softcover<\/li>\n<\/ul>\n<\/div>\n<\/div>\n<\/div>\n<\/div>\n<p>&nbsp;<\/p>\n<p class=\"Nessunostileparagrafo\">Le topo Tessin pr\u00e9sente <strong>93<\/strong>\u00a0<strong>sites<\/strong> comptabilisant plus de <strong>4000<\/strong>\u00a0<strong>voies<\/strong>. Celles-ci apparaissent en rouge de mani\u00e8re \u00e0 \u00eatre rep\u00e9rables rapidement. Gr\u00e2ce aux dessins d\u00e9taill\u00e9s, aux indications concernant les acc\u00e8s, aux coordonn\u00e9es GPS et aux nombreuses photos en couleur, il est ais\u00e9 de choisir ses sites pr\u00e9f\u00e9r\u00e9s. Ce topo trilingue est compl\u00e9t\u00e9 par des informations relatives \u00e0 l\u2019histoire, la g\u00e9ologie et la nature.<\/p>\n<p>&nbsp;<\/p>\n<p class=\"Nessunostileparagrafo\">La guida di arrampicata per il Ticino presenta <strong>93<\/strong> <strong>siti<\/strong> con un totale piu di <strong>4000<\/strong>\u00a0<strong>vie<\/strong>. Grazie agli schizzi dettagliati, alle indicazioni concernenti gli accessi con coordinate GPS e alle numerose fotografie a colori, la scelta del sito di arrampicata desiderato diventa un gioco. La guida in tre lingue \u00e8 completata da informazioni di carattere storico, geologico e naturalistico.<\/p>\n<p>&nbsp;<\/p>\n<p>This is a selective guidebook describing the best rock climbing and sport climbing areas in the Ticino region of southeast Switzerland. It covers 105 different crags in 15 main areas, including Locarno, Onsernone, Maggia, Verzasca, Bellinzona, Riviera, Blenio, Leventina, Moesa, Lugano, and Mendrisio.<\/p>\n<p>The guidebook describes over 4,800 routes, with a good mixture of single pitch sport routes and long trad\/mixed multi-pitch routes. Many of these multi-pitch routes are between 200m and 500m long.<\/p>\n<p>The majority of the single pitch sport routes are shown on colour photo topos. The multi-pitch routes are shown on clear topos, with symbols indicating how good the bolting is, what trad gear is required, and type of descent. French grades are given for each pitch, along with an overall obligatory grade.<\/p>\n<p>For each crag there is a location map and GPS co-ordinates for the parking area. Symbols indicate how good the bolting is, approach time, rope length required, orientation, altitude and the style of climbing to be found.<\/p>\n<p>Published in 2025 this guidebook is in German, French and Italian text throughout, but a large amount of information is conveyed by symbols.<\/p>","protected":false},"excerpt":{"rendered":"<p>Der kompletteste Kletterf\u00fchrer \u00fcber das Tessin. Kletterg\u00e4rten und Mehrseill\u00e4ngen mit total \u00fcber 4000 Routen. Locarno \/ Onsernone \/ Maggia \/ Verzasca \/ Bellinzona \/ Riviera \/ Blenio \/ Leventina \/ Moesa \/ Lugano \/ Mendrisio Der Kletterf\u00fchrer Tessin stellt 93 Klettergebiete mit insgesamt weit \u00fcber 4000 Routen vor. F\u00fcr diese Neuauflage 2025 hat der im [&#8230;]\n","protected":false},"featured_media":180761,"template":"","meta":[],"product_brand":[],"product_cat":[21539],"product_tag":[],"class_list":{"0":"post-180760","1":"product","2":"type-product","3":"status-publish","4":"has-post-thumbnail","6":"product_cat-fuehrerliteratur-sportklettern-bouldern","7":"pa_autor-cugini","8":"pa_erscheinungsjahr-27415","9":"pa_region-schweiz","10":"pa_sprache-de-fr-it","12":"first","13":"instock","14":"taxable","15":"shipping-taxable","16":"purchasable","17":"product-type-simple"},"_links":{"self":[{"href":"https:\/\/pizbube.ch\/en\/wp-json\/wp\/v2\/product\/180760","targetHints":{"allow":["GET"]}}],"collection":[{"href":"https:\/\/pizbube.ch\/en\/wp-json\/wp\/v2\/product"}],"about":[{"href":"https:\/\/pizbube.ch\/en\/wp-json\/wp\/v2\/types\/product"}],"wp:featuredmedia":[{"embeddable":true,"href":"https:\/\/pizbube.ch\/en\/wp-json\/wp\/v2\/media\/180761"}],"wp:attachment":[{"href":"https:\/\/pizbube.ch\/en\/wp-json\/wp\/v2\/media?parent=180760"}],"wp:term":[{"taxonomy":"product_brand","embeddable":true,"href":"https:\/\/pizbube.ch\/en\/wp-json\/wp\/v2\/product_brand?post=180760"},{"taxonomy":"product_cat","embeddable":true,"href":"https:\/\/pizbube.ch\/en\/wp-json\/wp\/v2\/product_cat?post=180760"},{"taxonomy":"product_tag","embeddable":true,"href":"https:\/\/pizbube.ch\/en\/wp-json\/wp\/v2\/product_tag?post=180760"}],"curies":[{"name":"wp","href":"https:\/\/api.w.org\/{rel}","templated":true}]}}