{"id":180809,"date":"2025-08-08T14:40:23","date_gmt":"2025-08-08T12:40:23","guid":{"rendered":"https:\/\/pizbube.ch\/?post_type=product&#038;p=180809"},"modified":"2025-08-08T17:05:59","modified_gmt":"2025-08-08T15:05:59","slug":"adamello-himmelsleitern-band-1","status":"publish","type":"product","link":"https:\/\/pizbube.ch\/en\/shop\/adamello-himmelsleitern-band-1\/","title":{"rendered":"Adamello &#8211; Himmelsleitern, Band 1"},"content":{"rendered":"<p class=\"product-detail\">Band 1. Ostseite &#8211; Klassische und moderne Routen<\/p>\n<p>Mit seinen riesigen, von Gletschern aus dem Quart\u00e4r geformten T\u00e4lern, seinen kilometerlangen gezackten K\u00e4mmen, die sich vom vergletscherten Hochplateau in die Ferne erstrecken, seinen silbernen Tonalitw\u00e4nden und einem Hauch von Unendlichkeit, fast schon ein Markenzeichen dieses Gebirges, ist das Adamello ein schlicht magischer Ort zum Klettern.<\/p>\n<p>Die fast 330 beschriebenen \u201eHimmelsleitern\u201c auf der Ostseite des Massivs bieten einen einzigartigen Spielraum f\u00fcr Naturbegegnungen und Erlebnisse, der nur ein Zwischenschritt auf einem fortdauernden Weg der Leidenschaft und bewussten Erfahrung dieser einmaligen und kostbaren Naturkulisse sein soll.<\/p>\n<p>Dieser erste Band beschreibt die n\u00f6rdlich gelegenen T\u00e4ler der Ostseite des Massivs,<br \/>\nw\u00e4hrend ein zweiter Band, der schon bald erscheinen wird, die Blumone-Gruppe und das Val Daone mit Seitent\u00e4lern vorstellt.<\/p>\n<p>1. Auflage 2025<br \/>\n496 Seiten<\/p>","protected":false},"excerpt":{"rendered":"<p>Band 1. Ostseite &#8211; Klassische und moderne Routen Mit seinen riesigen, von Gletschern aus dem Quart\u00e4r geformten T\u00e4lern, seinen kilometerlangen gezackten K\u00e4mmen, die sich vom vergletscherten Hochplateau in die Ferne erstrecken, seinen silbernen Tonalitw\u00e4nden und einem Hauch von Unendlichkeit, fast schon ein Markenzeichen dieses Gebirges, ist das Adamello ein schlicht magischer Ort zum Klettern. Die [&#8230;]\n","protected":false},"featured_media":180810,"template":"","meta":[],"product_brand":[],"product_cat":[21539],"product_tag":[],"class_list":{"0":"post-180809","1":"product","2":"type-product","3":"status-publish","4":"has-post-thumbnail","6":"product_cat-fuehrerliteratur-sportklettern-bouldern","7":"pa_autor-paolo-amadio-nicola-binelli","8":"pa_erscheinungsjahr-27415","9":"pa_region-italien","10":"pa_sprache-de","12":"first","13":"instock","14":"taxable","15":"shipping-taxable","16":"purchasable","17":"product-type-simple"},"_links":{"self":[{"href":"https:\/\/pizbube.ch\/en\/wp-json\/wp\/v2\/product\/180809","targetHints":{"allow":["GET"]}}],"collection":[{"href":"https:\/\/pizbube.ch\/en\/wp-json\/wp\/v2\/product"}],"about":[{"href":"https:\/\/pizbube.ch\/en\/wp-json\/wp\/v2\/types\/product"}],"wp:featuredmedia":[{"embeddable":true,"href":"https:\/\/pizbube.ch\/en\/wp-json\/wp\/v2\/media\/180810"}],"wp:attachment":[{"href":"https:\/\/pizbube.ch\/en\/wp-json\/wp\/v2\/media?parent=180809"}],"wp:term":[{"taxonomy":"product_brand","embeddable":true,"href":"https:\/\/pizbube.ch\/en\/wp-json\/wp\/v2\/product_brand?post=180809"},{"taxonomy":"product_cat","embeddable":true,"href":"https:\/\/pizbube.ch\/en\/wp-json\/wp\/v2\/product_cat?post=180809"},{"taxonomy":"product_tag","embeddable":true,"href":"https:\/\/pizbube.ch\/en\/wp-json\/wp\/v2\/product_tag?post=180809"}],"curies":[{"name":"wp","href":"https:\/\/api.w.org\/{rel}","templated":true}]}}