{"id":180893,"date":"2025-08-14T09:34:45","date_gmt":"2025-08-14T07:34:45","guid":{"rendered":"https:\/\/pizbube.ch\/?post_type=product&#038;p=180893"},"modified":"2025-08-14T09:41:29","modified_gmt":"2025-08-14T07:41:29","slug":"mattmark-1965","status":"publish","type":"product","link":"https:\/\/pizbube.ch\/en\/shop\/mattmark-1965\/","title":{"rendered":"Mattmark 1965"},"content":{"rendered":"<section class=\"section\">\n<div class=\"container\">\n<div class=\"title is-4 font-serif has-text-centered\">\n<p>Die Katastrophe von Mattmark \u2013 eine verflochtene Geschichte;<br \/>\nErinnerungen, Gerichtsurteile, italienisch-schweizerische Verflechtungen<\/p>\n<div id=\"rmjs-2\" class=\"cursor-pointer rmjs-1\" data-target=\"readmore.text\" data-action=\"click-&gt;readmore#toggle\" data-readmore=\"\" aria-expanded=\"false\">\n<p>Am 30. August 1965 donnerte eine Eislawine auf die direkt unter dem Allalingletscher liegenden Arbeiterbaracken f\u00fcr den Bau des Staudamms Mattmark und begrub 88 Menschen unter sich; 56 kamen aus Italien.<\/p>\n<p>Die Herausgeberin Elisabeth Joris l\u00e4sst die als Arbeitnehmerinnen oder Familienangeh\u00f6rige in den Bau des Staudamms involvierten Frauen zu Wort kommen. Sie beleuchtet zudem die Unterschiede in der Erinnerungskultur. W\u00e4hrend Mattmark in Italien Sinnbild f\u00fcr ein vermeidbares Ungl\u00fcck geblieben ist, steht es in der Schweiz heute vorwiegend f\u00fcr einen beliebten Wanderweg. Diese Verbindung zwischen dem Saastal und dem italienischen Macugnaga diente laut Andreas Weissen fr\u00fcher als Schmugglerpfad.<\/p>\n<p>Sehr unterschiedlich f\u00e4llt auch die Deutung der Gerichtsurteile aus, die sieben Jahre nach der Katastrophe die Verantwortlichen von jeglicher Schuld freisprachen. Kurt Marti erg\u00e4nzt die Erkenntnisse seiner Besch\u00e4ftigung mit dem Prozess durch die Analyse der seit 2022 \u00f6ffentlich zug\u00e4nglichen Akten, die seine These von der einseitigen Sicht der Richter best\u00e4tigten. Vasco Pedrina beschreibt die Bedeutung von Mattmark f\u00fcr den Wandel der gewerkschaftlichen Migrationspolitik zur Zeit der Schwarzenbach-Initiative, als aus der Ablehnung der Zugewanderten als Konkurrenz eine solidarische Interessenvertretung wurde.<\/p>\n<\/div>\n<p>208 Seiten, 20.4 \u00d7 13.5 cm, Klappenbroschur<br \/>\n1. Auflage 2025<\/p>\n<p>Mit zahlreichen historischen Bildern und Dokumenten<\/p>\n<\/div>\n<\/div>\n<\/section>","protected":false},"excerpt":{"rendered":"<p>Die Katastrophe von Mattmark \u2013 eine verflochtene Geschichte; Erinnerungen, Gerichtsurteile, italienisch-schweizerische Verflechtungen Am 30. August 1965 donnerte eine Eislawine auf die direkt unter dem Allalingletscher liegenden Arbeiterbaracken f\u00fcr den Bau des Staudamms Mattmark und begrub 88 Menschen unter sich; 56 kamen aus Italien. Die Herausgeberin Elisabeth Joris l\u00e4sst die als Arbeitnehmerinnen oder Familienangeh\u00f6rige in den [&#8230;]\n","protected":false},"featured_media":180894,"template":"","meta":[],"product_brand":[],"product_cat":[21542],"product_tag":[],"class_list":{"0":"post-180893","1":"product","2":"type-product","3":"status-publish","4":"has-post-thumbnail","6":"product_cat-sachbuecher-dokumentationen","7":"pa_autor-joris","8":"pa_erscheinungsjahr-27415","9":"pa_region-schweiz","10":"pa_sprache-de","12":"first","13":"instock","14":"taxable","15":"shipping-taxable","16":"purchasable","17":"product-type-simple"},"_links":{"self":[{"href":"https:\/\/pizbube.ch\/en\/wp-json\/wp\/v2\/product\/180893","targetHints":{"allow":["GET"]}}],"collection":[{"href":"https:\/\/pizbube.ch\/en\/wp-json\/wp\/v2\/product"}],"about":[{"href":"https:\/\/pizbube.ch\/en\/wp-json\/wp\/v2\/types\/product"}],"wp:featuredmedia":[{"embeddable":true,"href":"https:\/\/pizbube.ch\/en\/wp-json\/wp\/v2\/media\/180894"}],"wp:attachment":[{"href":"https:\/\/pizbube.ch\/en\/wp-json\/wp\/v2\/media?parent=180893"}],"wp:term":[{"taxonomy":"product_brand","embeddable":true,"href":"https:\/\/pizbube.ch\/en\/wp-json\/wp\/v2\/product_brand?post=180893"},{"taxonomy":"product_cat","embeddable":true,"href":"https:\/\/pizbube.ch\/en\/wp-json\/wp\/v2\/product_cat?post=180893"},{"taxonomy":"product_tag","embeddable":true,"href":"https:\/\/pizbube.ch\/en\/wp-json\/wp\/v2\/product_tag?post=180893"}],"curies":[{"name":"wp","href":"https:\/\/api.w.org\/{rel}","templated":true}]}}