{"id":180900,"date":"2025-08-14T09:46:29","date_gmt":"2025-08-14T07:46:29","guid":{"rendered":"https:\/\/pizbube.ch\/?post_type=product&#038;p=180900"},"modified":"2025-08-14T09:52:43","modified_gmt":"2025-08-14T07:52:43","slug":"rebellinnen-zu-fuss","status":"publish","type":"product","link":"https:\/\/pizbube.ch\/en\/shop\/rebellinnen-zu-fuss\/","title":{"rendered":"Rebellinnen zu Fuss"},"content":{"rendered":"<div class=\"book-detail-header__genre-list\">\n<p class=\"typo-paragraph01\">Erz\u00e4hlendes Sachbuch<\/p>\n<\/div>\n<div class=\"book-detail-header__teaser\">\n<div class=\"book-detail-header__teaser-text\">\n<div class=\"typo-paragraph01 cms-richtext cms-richtext--full-width\">Es ist kein Zufall, dass Caspar David Friedrichs ber\u00fchmtes Bild Der Wanderer \u00fcber dem Nebelmeer einen Mann zeigt: Der Naturraum wird hier als M\u00e4nnerdom\u00e4ne markiert. Frauen spielten als historische und literarische Wanderinnen selten eine Rolle. Anneke Lubkowitz, selbst von der Stubenhockerin zur Ausfl\u00fcglerin geworden, hat sich aufgemacht, ihre Vorg\u00e4ngerinnen aufzusp\u00fcren und zu w\u00fcrdigen. Sie nimmt uns mit auf eine Entdeckungsreise voller \u00fcberraschender Geschichten.<\/div>\n<div><\/div>\n<div class=\"typo-paragraph01 cms-richtext cms-richtext--full-width\">\n<p>Auf ihren Touren begegnet sie: Sophie von La Roche, Bettina Brentano, Karoline von G\u00fcnderrode, Mary Shelley, Annette von Droste-H\u00fclshoff, Mathilde Franziska Anneke, Emmy Hennings, Else Lasker-Sch\u00fcler, Simone de Beauvoir, Annemarie Schwarzenbach und Octavia E. Butler. Anhand dieser Frauen zeigt sich, dass Wandern sehr viel mehr ist als das Erobern von Landschaften. Es geht vor allem um Autonomie und Freiheit \u2013 und den weiblichen Blick auf die Natur.<\/p>\n<\/div>\n<\/div>\n<\/div>\n<div class=\"book-detail-header__info\">\n<p class=\"typo-paragraph01\">Format: 15 x 22 cm, 304 Seiten<br \/>\n1. Auflage 2025<\/p>\n<\/div>","protected":false},"excerpt":{"rendered":"<p>Erz\u00e4hlendes Sachbuch Es ist kein Zufall, dass Caspar David Friedrichs ber\u00fchmtes Bild Der Wanderer \u00fcber dem Nebelmeer einen Mann zeigt: Der Naturraum wird hier als M\u00e4nnerdom\u00e4ne markiert. Frauen spielten als historische und literarische Wanderinnen selten eine Rolle. Anneke Lubkowitz, selbst von der Stubenhockerin zur Ausfl\u00fcglerin geworden, hat sich aufgemacht, ihre Vorg\u00e4ngerinnen aufzusp\u00fcren und zu w\u00fcrdigen. [&#8230;]\n","protected":false},"featured_media":180901,"template":"","meta":[],"product_brand":[],"product_cat":[21542],"product_tag":[],"class_list":{"0":"post-180900","1":"product","2":"type-product","3":"status-publish","4":"has-post-thumbnail","6":"product_cat-sachbuecher-dokumentationen","7":"pa_autor-anneke-lubkowitz","8":"pa_erscheinungsjahr-27415","9":"pa_region-schweiz","10":"pa_sprache-de","12":"first","13":"instock","14":"taxable","15":"shipping-taxable","16":"purchasable","17":"product-type-simple"},"_links":{"self":[{"href":"https:\/\/pizbube.ch\/en\/wp-json\/wp\/v2\/product\/180900","targetHints":{"allow":["GET"]}}],"collection":[{"href":"https:\/\/pizbube.ch\/en\/wp-json\/wp\/v2\/product"}],"about":[{"href":"https:\/\/pizbube.ch\/en\/wp-json\/wp\/v2\/types\/product"}],"wp:featuredmedia":[{"embeddable":true,"href":"https:\/\/pizbube.ch\/en\/wp-json\/wp\/v2\/media\/180901"}],"wp:attachment":[{"href":"https:\/\/pizbube.ch\/en\/wp-json\/wp\/v2\/media?parent=180900"}],"wp:term":[{"taxonomy":"product_brand","embeddable":true,"href":"https:\/\/pizbube.ch\/en\/wp-json\/wp\/v2\/product_brand?post=180900"},{"taxonomy":"product_cat","embeddable":true,"href":"https:\/\/pizbube.ch\/en\/wp-json\/wp\/v2\/product_cat?post=180900"},{"taxonomy":"product_tag","embeddable":true,"href":"https:\/\/pizbube.ch\/en\/wp-json\/wp\/v2\/product_tag?post=180900"}],"curies":[{"name":"wp","href":"https:\/\/api.w.org\/{rel}","templated":true}]}}