{"id":180917,"date":"2025-08-15T09:43:01","date_gmt":"2025-08-15T07:43:01","guid":{"rendered":"https:\/\/pizbube.ch\/?post_type=product&#038;p=180917"},"modified":"2025-08-15T09:43:02","modified_gmt":"2025-08-15T07:43:02","slug":"berge-bleichen-whitening-heights","status":"publish","type":"product","link":"https:\/\/pizbube.ch\/en\/shop\/berge-bleichen-whitening-heights\/","title":{"rendered":"Berge bleichen &#8211; Whitening Heights"},"content":{"rendered":"<p><span class=\"value\">Berge bleichen ist Fotografie und Lebensform zugleich. Unter dem Eindruck eines alles ausbleichenden Sonnenlichts in den Bergen schafft Sandro Livio Straube seit 2015 eine fortlaufende Bildserie, die von Entschleunigung und Ents\u00e4ttigung spricht. Auf diesem \u00dcbungsweg des Schauens, mit dem Blick durch die Kamera, findet eine Auseinandersetzung mit der Verg\u00e4nglichkeit statt, mit der Verletzlichkeit aller Lebewesen, der Hinf\u00e4lligkeit der von Menschen geschaffenen Umgebung. <\/span><\/p>\n<p><span class=\"value\">Die Schwarz-Wei\u00df- und Farbaufnahmen aus dem Alpental Val Lumnezia zeugen von einer erf\u00fcllten Gegenw\u00e4rtigkeit, die die Dinge in ihrer eigenen Sch\u00f6nheit sichtbar macht. Die drei Textbeitr\u00e4ge beleuchten verschiedene Aspekte dieser fotografischen Arbeit, wobei Passagen auf R\u00e4toromanisch und Schweizerdeutsch auch etwas vom Lebensgef\u00fchl im Tal des Lichts vermitteln.<\/span><\/p>\n<p>&nbsp;<\/p>\n<p><em>Whitening Heights<\/em> is both photography and a way of life at once. Inspired by the Alpine sun that seems to drain everything of colour, Sandro Livio Straube has been creating an ongoing series of images since 2015 that express a sense of deceleration and desaturation. Through this exercise in observation, looking at the world through the camera lens, he explores themes of transience, the vulnerability of all living beings, and the fragility of the environment created by humankind.<\/p>\n<p>The black-and-white and colour photographs taken in the Alpine valley of Lumnezia bear witness to a fulfilled presence that reveals things in all their inherent beauty. The three accompanying texts shed light on various aspects of this photographic work, with passages in Rheto-Romanic and Swiss German that also convey something of the attitude to life in this valley of light.<\/p>\n<p>21,5 \u00d7 27,0 cm, 180 Seiten<br \/>\n62 farbige und 50 s\/w Abbildungen<br \/>\nHardcover in Leinen<\/p>","protected":false},"excerpt":{"rendered":"<p>Berge bleichen ist Fotografie und Lebensform zugleich. Unter dem Eindruck eines alles ausbleichenden Sonnenlichts in den Bergen schafft Sandro Livio Straube seit 2015 eine fortlaufende Bildserie, die von Entschleunigung und Ents\u00e4ttigung spricht. Auf diesem \u00dcbungsweg des Schauens, mit dem Blick durch die Kamera, findet eine Auseinandersetzung mit der Verg\u00e4nglichkeit statt, mit der Verletzlichkeit aller Lebewesen, [&#8230;]\n","protected":false},"featured_media":180918,"template":"","meta":[],"product_brand":[],"product_cat":[21580],"product_tag":[],"class_list":{"0":"post-180917","1":"product","2":"type-product","3":"status-publish","4":"has-post-thumbnail","6":"product_cat-kunst-kultur","7":"pa_autor-sandro-livio-straube","8":"pa_erscheinungsjahr-27415","9":"pa_region-deutschland","10":"pa_region-schweiz","11":"pa_sprache-de-en","13":"first","14":"instock","15":"taxable","16":"shipping-taxable","17":"purchasable","18":"product-type-simple"},"_links":{"self":[{"href":"https:\/\/pizbube.ch\/en\/wp-json\/wp\/v2\/product\/180917","targetHints":{"allow":["GET"]}}],"collection":[{"href":"https:\/\/pizbube.ch\/en\/wp-json\/wp\/v2\/product"}],"about":[{"href":"https:\/\/pizbube.ch\/en\/wp-json\/wp\/v2\/types\/product"}],"wp:featuredmedia":[{"embeddable":true,"href":"https:\/\/pizbube.ch\/en\/wp-json\/wp\/v2\/media\/180918"}],"wp:attachment":[{"href":"https:\/\/pizbube.ch\/en\/wp-json\/wp\/v2\/media?parent=180917"}],"wp:term":[{"taxonomy":"product_brand","embeddable":true,"href":"https:\/\/pizbube.ch\/en\/wp-json\/wp\/v2\/product_brand?post=180917"},{"taxonomy":"product_cat","embeddable":true,"href":"https:\/\/pizbube.ch\/en\/wp-json\/wp\/v2\/product_cat?post=180917"},{"taxonomy":"product_tag","embeddable":true,"href":"https:\/\/pizbube.ch\/en\/wp-json\/wp\/v2\/product_tag?post=180917"}],"curies":[{"name":"wp","href":"https:\/\/api.w.org\/{rel}","templated":true}]}}