{"id":180928,"date":"2025-08-15T10:26:29","date_gmt":"2025-08-15T08:26:29","guid":{"rendered":"https:\/\/pizbube.ch\/?post_type=product&#038;p=180928"},"modified":"2025-09-25T14:43:20","modified_gmt":"2025-09-25T12:43:20","slug":"civetta-suedseite-cantoni-di-pelsa-westkamm-cantoni-della-busazza-ostkamm","status":"publish","type":"product","link":"https:\/\/pizbube.ch\/en\/shop\/civetta-suedseite-cantoni-di-pelsa-westkamm-cantoni-della-busazza-ostkamm\/","title":{"rendered":"Civetta S\u00fcdseite: Cantoni di Pelsa &#8211; Westkamm &#8211; Cantoni della Busazza &#8211; Ostkamm"},"content":{"rendered":"<p>Die S\u00fcdseite der Civetta ist eine sehr komplexe Gebirgslandschaft. Auf topografischen Karten \u00e4hnelt das Hauptmassiv\u00a0einer riesigen Kralle, die mit drei Gliedern in Richtung S\u00fcden\u00a0und einem nach Norden ausgerichtet ist. Die Gipfel im S\u00fcden\u00a0sind weniger hoch, deshalb ist der Zugang aus dieser Richtung\u00a0auch der bequemste. Aber dennoch trifft man hier auf sehr\u00a0hohe, senkrechte W\u00e4nde und Felsformationen aus kompaktem\u00a0Kalkstein. Spitze Zinnen und Nadeln, schlanke T\u00fcrme, klotzige\u00a0Pfeiler und isolierte Gipfel kennzeichnen zwar die gesamten\u00a0Dolomiten, aber auch die ber\u00fchmteren unter ihnen sind, verglichen mit dem Torre Trieste (ca. 700 Meter H\u00f6he) oder der\u00a0Busazza-Kante (ca. 1100 Meter H\u00f6he), eher kleine Grenzsteine.<\/p>\n<p>Beim Aufstieg durch die Talebene der Mussaia hat man den Eindruck, dass sich zwischen diesen beiden riesigen T\u00fcrmen ein\u00a0wahres Labyrinth von Gipfeln und T\u00fcrmen ausbreitet \u2013 die sogenannten Cantoni di Pelsa und Cantoni della Busazza. Tats\u00e4chlich ist eine Differenzierung eher aus visuellen als aus geografischen Gesichtspunkten m\u00f6glich. Die Cantoni di Pelsa enden\u00a0noch vor den riesigen Pfeilern der Cima di Terranova, w\u00e4hrend\u00a0die Cantoni della Busazza bis zum Beginn der Felsk\u00e4mme reichen, die im Norden das Van del Giazzer begrenzen. Von vorne\u00a0gesehen wirken beide aber wie eine einheitliche Struktur.<\/p>\n<p>Klettern in den \u201eCantoni\u201c hei\u00dft: viel Sonne, relativkurze Zustiege, keine Probleme wegen schwieriger Abstiege oder schnellen Wetterwechseln, freie Kletterei in gutem Fels mit fast immer nat\u00fcrlicher Absicherung und nicht zuletzt: ein unbek\u00fcmmertes Leben zwischen den Aufstiegen. Aber hier findet man auch hohe Gipfel mit \u00fcber 3000 Metern Meeresh\u00f6he, sehr schwierige Routen, br\u00fcchige Felsb\u00e4nder, unangenehme Abstiege wie am Torre Trieste oder schwierige W\u00e4nde wie die Westwand der Cima Busazza mit mehr als tausend Metern H\u00f6he, die fast den ganzen Tag im Schatten liegt und wo es keine luchtm\u00f6glichkeit gibt.<\/p>\n<p>482 Seiten,<br \/>\n1.Auflage 2025<\/p>","protected":false},"excerpt":{"rendered":"<p>Die S\u00fcdseite der Civetta ist eine sehr komplexe Gebirgslandschaft. Auf topografischen Karten \u00e4hnelt das Hauptmassiv\u00a0einer riesigen Kralle, die mit drei Gliedern in Richtung S\u00fcden\u00a0und einem nach Norden ausgerichtet ist. Die Gipfel im S\u00fcden\u00a0sind weniger hoch, deshalb ist der Zugang aus dieser Richtung\u00a0auch der bequemste. Aber dennoch trifft man hier auf sehr\u00a0hohe, senkrechte W\u00e4nde und Felsformationen [&#8230;]\n","protected":false},"featured_media":180929,"template":"","meta":[],"product_brand":[],"product_cat":[21539],"product_tag":[],"class_list":{"0":"post-180928","1":"product","2":"type-product","3":"status-publish","4":"has-post-thumbnail","6":"product_cat-fuehrerliteratur-sportklettern-bouldern","7":"pa_autor-manrico-dellagnola","8":"pa_erscheinungsjahr-27415","9":"pa_region-italien","10":"pa_sprache-de","12":"first","13":"instock","14":"taxable","15":"shipping-taxable","16":"purchasable","17":"product-type-simple"},"_links":{"self":[{"href":"https:\/\/pizbube.ch\/en\/wp-json\/wp\/v2\/product\/180928","targetHints":{"allow":["GET"]}}],"collection":[{"href":"https:\/\/pizbube.ch\/en\/wp-json\/wp\/v2\/product"}],"about":[{"href":"https:\/\/pizbube.ch\/en\/wp-json\/wp\/v2\/types\/product"}],"wp:featuredmedia":[{"embeddable":true,"href":"https:\/\/pizbube.ch\/en\/wp-json\/wp\/v2\/media\/180929"}],"wp:attachment":[{"href":"https:\/\/pizbube.ch\/en\/wp-json\/wp\/v2\/media?parent=180928"}],"wp:term":[{"taxonomy":"product_brand","embeddable":true,"href":"https:\/\/pizbube.ch\/en\/wp-json\/wp\/v2\/product_brand?post=180928"},{"taxonomy":"product_cat","embeddable":true,"href":"https:\/\/pizbube.ch\/en\/wp-json\/wp\/v2\/product_cat?post=180928"},{"taxonomy":"product_tag","embeddable":true,"href":"https:\/\/pizbube.ch\/en\/wp-json\/wp\/v2\/product_tag?post=180928"}],"curies":[{"name":"wp","href":"https:\/\/api.w.org\/{rel}","templated":true}]}}