{"id":181048,"date":"2025-08-23T11:40:06","date_gmt":"2025-08-23T09:40:06","guid":{"rendered":"https:\/\/pizbube.ch\/?post_type=product&#038;p=181048"},"modified":"2025-08-23T11:40:06","modified_gmt":"2025-08-23T09:40:06","slug":"rund-um-den-ortler","status":"publish","type":"product","link":"https:\/\/pizbube.ch\/en\/shop\/rund-um-den-ortler\/","title":{"rendered":"Rund um den Ortler"},"content":{"rendered":"<p class=\"mt-3\">Nationalpark Stilfserjoch mit Sulden, Martell, Rabbi, Peio, Bormio<\/p>\n<p><span class=\"value\">Der Ortler, mit stolzen 3905 Metern der h\u00f6chste Berg S\u00fcdtirols, thront als majest\u00e4tischer Hauptgipfel \u00fcber dem Ortler-Massiv und dem Nationalpark Stilfserjoch. Diese Region mit ihren schroffen Felsen, weiten Almwiesen und hochalpinen Gletschern ist ein wahres Paradies f\u00fcr Wanderer und Bergsteiger. Der Rother Wanderf\u00fchrer \u00bbRund um den Ortler\u00ab pr\u00e4sentiert 60 sorgf\u00e4ltig ausgew\u00e4hlte Touren im Nationalpark Stilfserjoch sowie in die angrenzenden Provinzen in S\u00fcdtirol, Trentino und Lombardei.<\/span><\/p>\n<p>Relativ einfach kommt man im Nationalpark Stilfserjoch in H\u00f6henlagen jenseits der 3000 Meter. Der Wanderf\u00fchrer stellt viele moderate Wanderungen zu den Gletschern des Ortlers vor, von wo sich atemberaubende Blicke auf die majest\u00e4tischen Gipfel bieten. Ambitionierte Bergsteiger k\u00f6nnen auf dem einw\u00f6chigen Ortler-H\u00f6henweg von H\u00fctte zu H\u00fctte ein neues Wander-Highlight erleben.<\/p>\n<p>Auch die um das Ortler-Massiv liegenden Provinzen bieten herrliche Wanderm\u00f6glichkeiten: Im S\u00fcdtiroler Vinschgau locken das Trafoital, das Martelltal und Sulden mit spektakul\u00e4ren Ausblicken auf den Ortler. Im Trentino laden die sonnigen T\u00e4ler Val di Sole, Val di Rabbi und Val di Peio zu unvergesslichen Erkundungen ein. Und in der Lombardei warten in Valfurva und Bormio unber\u00fchrte Natur und unvergleichliche Erlebnisse.<\/p>\n<p>Der Wanderf\u00fchrer bietet Touren rund um den Ortler in allen Schwierigkeitsgraden \u2013 von einfach bis anspruchsvoll. Jede Wanderung wird mit zuverl\u00e4ssigen Wegbeschreibungen, detaillierten Karten und aussagekr\u00e4ftigen H\u00f6henprofilen pr\u00e4sentiert. Gepr\u00fcfte GPS-Tracks, die zum Download bereitstehen, machen die Orientierung unterwegs einfach.<\/p>\n<p>232 Seiten,<br \/>\n60 Wanderk\u00e4rtchen im Ma\u00dfstab 1:50.000 \/ 1:75.000, 60 H\u00f6henprofile, zwei \u00dcbersichtskarten, GPS-Tracks zum Download<br \/>\n1. Auflage 2025<\/p>","protected":false},"excerpt":{"rendered":"<p>Nationalpark Stilfserjoch mit Sulden, Martell, Rabbi, Peio, Bormio Der Ortler, mit stolzen 3905 Metern der h\u00f6chste Berg S\u00fcdtirols, thront als majest\u00e4tischer Hauptgipfel \u00fcber dem Ortler-Massiv und dem Nationalpark Stilfserjoch. Diese Region mit ihren schroffen Felsen, weiten Almwiesen und hochalpinen Gletschern ist ein wahres Paradies f\u00fcr Wanderer und Bergsteiger. Der Rother Wanderf\u00fchrer \u00bbRund um den Ortler\u00ab [&#8230;]\n","protected":false},"featured_media":181049,"template":"","meta":[],"product_brand":[],"product_cat":[21605],"product_tag":[],"class_list":{"0":"post-181048","1":"product","2":"type-product","3":"status-publish","4":"has-post-thumbnail","6":"product_cat-wanderfuehrer-trekking","7":"pa_autor-zahel","8":"pa_erscheinungsjahr-27415","9":"pa_region-italien","10":"pa_sprache-de","12":"first","13":"instock","14":"taxable","15":"shipping-taxable","16":"purchasable","17":"product-type-simple"},"_links":{"self":[{"href":"https:\/\/pizbube.ch\/en\/wp-json\/wp\/v2\/product\/181048","targetHints":{"allow":["GET"]}}],"collection":[{"href":"https:\/\/pizbube.ch\/en\/wp-json\/wp\/v2\/product"}],"about":[{"href":"https:\/\/pizbube.ch\/en\/wp-json\/wp\/v2\/types\/product"}],"wp:featuredmedia":[{"embeddable":true,"href":"https:\/\/pizbube.ch\/en\/wp-json\/wp\/v2\/media\/181049"}],"wp:attachment":[{"href":"https:\/\/pizbube.ch\/en\/wp-json\/wp\/v2\/media?parent=181048"}],"wp:term":[{"taxonomy":"product_brand","embeddable":true,"href":"https:\/\/pizbube.ch\/en\/wp-json\/wp\/v2\/product_brand?post=181048"},{"taxonomy":"product_cat","embeddable":true,"href":"https:\/\/pizbube.ch\/en\/wp-json\/wp\/v2\/product_cat?post=181048"},{"taxonomy":"product_tag","embeddable":true,"href":"https:\/\/pizbube.ch\/en\/wp-json\/wp\/v2\/product_tag?post=181048"}],"curies":[{"name":"wp","href":"https:\/\/api.w.org\/{rel}","templated":true}]}}