{"id":181173,"date":"2025-09-03T10:24:56","date_gmt":"2025-09-03T08:24:56","guid":{"rendered":"https:\/\/pizbube.ch\/?post_type=product&#038;p=181173"},"modified":"2025-09-03T11:39:21","modified_gmt":"2025-09-03T09:39:21","slug":"an-wilden-wassern-und-stillen-ufern","status":"publish","type":"product","link":"https:\/\/pizbube.ch\/en\/shop\/an-wilden-wassern-und-stillen-ufern\/","title":{"rendered":"An wilden Wassern und stillen Ufern"},"content":{"rendered":"<p>Wanderungen durch 30 Auenlandschaften der Schweiz<\/p>\n<div class=\"product-detail-description-text\">\n<p>Auenlandschaften geh\u00f6ren zu den vielf\u00e4ltigsten Lebensr\u00e4umen der Schweiz. Sie entstehen \u00fcberall dort, wo Wasser auf Land trifft und die nat\u00fcrliche Dynamik noch spielt &#8211; also dort, wo sich Wasser m\u00e4andrierend immer wieder neue Wege bahnt, wo Sandb\u00e4nke trockenfallen, Gletschervorfelder allm\u00e4hlich besiedelt werden oder Weidengeb\u00fcsche vor\u00fcbergehend im Wasser stehen. Auen sind Lebensraum f\u00fcr zahlreiche Pflanzen und Tiere &#8211; und stellen diese zugleich vor gro\u00dfe Herausforderungen.<\/p>\n<p>Eric A. Soder l\u00e4dt dazu ein, die Vielfalt und Wandlungsf\u00e4higkeit der Schweizer Auenlandschaften zu Fu\u00df zu erkunden und zu erleben. Die Routen wurden sorgf\u00e4ltig ausgew\u00e4hlt und f\u00fchren zu bekannten und \u00fcberraschenden Orten in der ganzen Schweiz.<\/p>\n<\/div>\n<div class=\"product-detail-description-text\">\n<p>1. Auflage 2025<br \/>\n208 Seiten, 290 Fotos, 30 Karten<br \/>\nSoftcover (Flexobroschur)<\/p>\n<\/div>","protected":false},"excerpt":{"rendered":"<p>Wanderungen durch 30 Auenlandschaften der Schweiz Auenlandschaften geh\u00f6ren zu den vielf\u00e4ltigsten Lebensr\u00e4umen der Schweiz. Sie entstehen \u00fcberall dort, wo Wasser auf Land trifft und die nat\u00fcrliche Dynamik noch spielt &#8211; also dort, wo sich Wasser m\u00e4andrierend immer wieder neue Wege bahnt, wo Sandb\u00e4nke trockenfallen, Gletschervorfelder allm\u00e4hlich besiedelt werden oder Weidengeb\u00fcsche vor\u00fcbergehend im Wasser stehen. Auen [&#8230;]\n","protected":false},"featured_media":181174,"template":"","meta":[],"product_brand":[],"product_cat":[21605],"product_tag":[],"class_list":{"0":"post-181173","1":"product","2":"type-product","3":"status-publish","4":"has-post-thumbnail","6":"product_cat-wanderfuehrer-trekking","7":"pa_autor-soder","8":"pa_erscheinungsjahr-27415","9":"pa_region-schweiz","10":"pa_sprache-de","12":"first","13":"instock","14":"taxable","15":"shipping-taxable","16":"purchasable","17":"product-type-simple"},"_links":{"self":[{"href":"https:\/\/pizbube.ch\/en\/wp-json\/wp\/v2\/product\/181173","targetHints":{"allow":["GET"]}}],"collection":[{"href":"https:\/\/pizbube.ch\/en\/wp-json\/wp\/v2\/product"}],"about":[{"href":"https:\/\/pizbube.ch\/en\/wp-json\/wp\/v2\/types\/product"}],"wp:featuredmedia":[{"embeddable":true,"href":"https:\/\/pizbube.ch\/en\/wp-json\/wp\/v2\/media\/181174"}],"wp:attachment":[{"href":"https:\/\/pizbube.ch\/en\/wp-json\/wp\/v2\/media?parent=181173"}],"wp:term":[{"taxonomy":"product_brand","embeddable":true,"href":"https:\/\/pizbube.ch\/en\/wp-json\/wp\/v2\/product_brand?post=181173"},{"taxonomy":"product_cat","embeddable":true,"href":"https:\/\/pizbube.ch\/en\/wp-json\/wp\/v2\/product_cat?post=181173"},{"taxonomy":"product_tag","embeddable":true,"href":"https:\/\/pizbube.ch\/en\/wp-json\/wp\/v2\/product_tag?post=181173"}],"curies":[{"name":"wp","href":"https:\/\/api.w.org\/{rel}","templated":true}]}}