{"id":181212,"date":"2025-09-04T09:24:15","date_gmt":"2025-09-04T07:24:15","guid":{"rendered":"https:\/\/pizbube.ch\/?post_type=product&#038;p=181212"},"modified":"2025-09-04T09:24:15","modified_gmt":"2025-09-04T07:24:15","slug":"die-gipfelstuermerin","status":"publish","type":"product","link":"https:\/\/pizbube.ch\/en\/shop\/die-gipfelstuermerin\/","title":{"rendered":"Die Gipfelst\u00fcrmerin"},"content":{"rendered":"<p>Lucy Walker k\u00e4mpft im 19. Jahrhundert f\u00fcr ihren Traum, die Alpen zu erklimmen &#8211; damenhaft im langen Rock. Trotz gesellschaftlicher Hindernisse und einer unm\u00f6glichen Liebe zu ihrem Bergf\u00fchrer entdeckt Lucy in den Schweizer Bergen eine nie gekannte Freiheit.<\/p>\n<p>Ihre gr\u00f6\u00dfte Sehnsucht ist das schauderhaft sch\u00f6ne Matterhorn, das im Schatten eines t\u00f6dlichen Ungl\u00fccks steht. Sie begibt sich in den gef\u00e4hrlichen Wettkampf, die erste Frau auf dem Gipfel zu sein. Ein mitrei\u00dfender historischer Roman \u00fcber die Frage, was wahre St\u00e4rke ist.<\/p>\n<p>400 Seiten, 13,5 x 21 cm, Paperback<br \/>\n1. Auflage 2025<\/p>","protected":false},"excerpt":{"rendered":"<p>Lucy Walker k\u00e4mpft im 19. Jahrhundert f\u00fcr ihren Traum, die Alpen zu erklimmen &#8211; damenhaft im langen Rock. Trotz gesellschaftlicher Hindernisse und einer unm\u00f6glichen Liebe zu ihrem Bergf\u00fchrer entdeckt Lucy in den Schweizer Bergen eine nie gekannte Freiheit. Ihre gr\u00f6\u00dfte Sehnsucht ist das schauderhaft sch\u00f6ne Matterhorn, das im Schatten eines t\u00f6dlichen Ungl\u00fccks steht. Sie begibt [&#8230;]\n","protected":false},"featured_media":181213,"template":"","meta":[],"product_brand":[],"product_cat":[21629,21542],"product_tag":[],"class_list":{"0":"post-181212","1":"product","2":"type-product","3":"status-publish","4":"has-post-thumbnail","6":"product_cat-belletristik","7":"product_cat-sachbuecher-dokumentationen","8":"pa_autor-guenther","9":"pa_erscheinungsjahr-27415","10":"pa_region-schweiz","11":"pa_sprache-de","13":"first","14":"instock","15":"taxable","16":"shipping-taxable","17":"purchasable","18":"product-type-simple"},"_links":{"self":[{"href":"https:\/\/pizbube.ch\/en\/wp-json\/wp\/v2\/product\/181212","targetHints":{"allow":["GET"]}}],"collection":[{"href":"https:\/\/pizbube.ch\/en\/wp-json\/wp\/v2\/product"}],"about":[{"href":"https:\/\/pizbube.ch\/en\/wp-json\/wp\/v2\/types\/product"}],"wp:featuredmedia":[{"embeddable":true,"href":"https:\/\/pizbube.ch\/en\/wp-json\/wp\/v2\/media\/181213"}],"wp:attachment":[{"href":"https:\/\/pizbube.ch\/en\/wp-json\/wp\/v2\/media?parent=181212"}],"wp:term":[{"taxonomy":"product_brand","embeddable":true,"href":"https:\/\/pizbube.ch\/en\/wp-json\/wp\/v2\/product_brand?post=181212"},{"taxonomy":"product_cat","embeddable":true,"href":"https:\/\/pizbube.ch\/en\/wp-json\/wp\/v2\/product_cat?post=181212"},{"taxonomy":"product_tag","embeddable":true,"href":"https:\/\/pizbube.ch\/en\/wp-json\/wp\/v2\/product_tag?post=181212"}],"curies":[{"name":"wp","href":"https:\/\/api.w.org\/{rel}","templated":true}]}}