{"id":181280,"date":"2025-09-13T14:53:15","date_gmt":"2025-09-13T12:53:15","guid":{"rendered":"https:\/\/pizbube.ch\/?post_type=product&#038;p=181280"},"modified":"2025-09-22T14:40:47","modified_gmt":"2025-09-22T12:40:47","slug":"auf-in-die-berge-was-menschen-in-die-hoehe-treibt","status":"publish","type":"product","link":"https:\/\/pizbube.ch\/en\/shop\/auf-in-die-berge-was-menschen-in-die-hoehe-treibt\/","title":{"rendered":"Auf in die Berge &#8211; Was Menschen in die H\u00f6he treibt"},"content":{"rendered":"<p>Der Gipfel ist das Ziel! Aber wie begann eigentlich Geschichte des Bergsteigens? Welchen Herausforderungen sahen sich die Pioniere und Pionierinnen des Alpinismus gegen\u00fcber?<\/p>\n<p>Und wie geht der Wettlauf um die h\u00f6chsten Gipfel bis heute weiter? Katja Seifert erz\u00e4hlt mitreissend und pointiert mit einem besonderen Fokus auf den Frauen. Denn Frauen hatten lange mit gesellschaftlichen Vorgaben und Herausforderungen zu k\u00e4mpfen. Reich illustriert, mit beeindruckenden Bildtafeln und grosser Detailliebe bietet dieses Sachbuch einen verl\u00e4sslichen Pfad durch ein faszinierendes Gel\u00e4nde.<\/p>\n<p>Dieses opulente Sachbilderbuch erz\u00e4hlt, wie der Alpinismus seinen Anfang nahm, welche Herausforderungen die ersten Frauen und M\u00e4nner auf ihrem Weg nach oben meistern mussten, und von den ber\u00fchmtesten Expeditionen zu den weltweit h\u00f6chsten Bergen.<\/p>\n<p>Reich illustriert, mit beeindruckenden Bildtafeln und gro\u00dfem Detailwissen, f\u00fchrt uns Katja Seifert durch faszinierendes Gel\u00e4nde. Eine Liebeserkl\u00e4rung an die Berge.<\/p>\n<p><span class=\"product__meta__line\"><span class=\"product__meta__illustrations\">Durchgehend farbig illustriert;<\/span> <\/span><span class=\"product__meta__line\"><span class=\"product__meta__type\">Hardcover<\/span><span class=\"sep\"> \/ <\/span><span class=\"product__meta__dimensions\">24,5 \u00d7 30,5 cm<\/span><\/span><br \/>\n<span class=\"product__meta__line\"><span class=\"product__meta__pages\">64 Seiten<\/span><span class=\"sep\"> \/ <\/span><span class=\"product__meta__age_rating\">ab 7 Jahren<\/span><\/span><\/p>","protected":false},"excerpt":{"rendered":"<p>Der Gipfel ist das Ziel! Aber wie begann eigentlich Geschichte des Bergsteigens? Welchen Herausforderungen sahen sich die Pioniere und Pionierinnen des Alpinismus gegen\u00fcber? Und wie geht der Wettlauf um die h\u00f6chsten Gipfel bis heute weiter? Katja Seifert erz\u00e4hlt mitreissend und pointiert mit einem besonderen Fokus auf den Frauen. Denn Frauen hatten lange mit gesellschaftlichen Vorgaben [&#8230;]\n","protected":false},"featured_media":181281,"template":"","meta":[],"product_brand":[],"product_cat":[21629,21881,21542],"product_tag":[26864,26863],"class_list":{"0":"post-181280","1":"product","2":"type-product","3":"status-publish","4":"has-post-thumbnail","6":"product_cat-belletristik","7":"product_cat-comics","8":"product_cat-sachbuecher-dokumentationen","9":"product_tag-kinderbuch","10":"product_tag-kinderbuecher","11":"pa_autor-seifert","12":"pa_erscheinungsjahr-27415","13":"pa_region-asien","14":"pa_region-uebrigers-europa","15":"pa_sprache-d","17":"first","18":"instock","19":"taxable","20":"shipping-taxable","21":"purchasable","22":"product-type-simple"},"_links":{"self":[{"href":"https:\/\/pizbube.ch\/en\/wp-json\/wp\/v2\/product\/181280","targetHints":{"allow":["GET"]}}],"collection":[{"href":"https:\/\/pizbube.ch\/en\/wp-json\/wp\/v2\/product"}],"about":[{"href":"https:\/\/pizbube.ch\/en\/wp-json\/wp\/v2\/types\/product"}],"wp:featuredmedia":[{"embeddable":true,"href":"https:\/\/pizbube.ch\/en\/wp-json\/wp\/v2\/media\/181281"}],"wp:attachment":[{"href":"https:\/\/pizbube.ch\/en\/wp-json\/wp\/v2\/media?parent=181280"}],"wp:term":[{"taxonomy":"product_brand","embeddable":true,"href":"https:\/\/pizbube.ch\/en\/wp-json\/wp\/v2\/product_brand?post=181280"},{"taxonomy":"product_cat","embeddable":true,"href":"https:\/\/pizbube.ch\/en\/wp-json\/wp\/v2\/product_cat?post=181280"},{"taxonomy":"product_tag","embeddable":true,"href":"https:\/\/pizbube.ch\/en\/wp-json\/wp\/v2\/product_tag?post=181280"}],"curies":[{"name":"wp","href":"https:\/\/api.w.org\/{rel}","templated":true}]}}