{"id":181406,"date":"2025-09-24T10:47:18","date_gmt":"2025-09-24T08:47:18","guid":{"rendered":"https:\/\/pizbube.ch\/?post_type=product&#038;p=181406"},"modified":"2025-11-21T11:11:05","modified_gmt":"2025-11-21T10:11:05","slug":"kalender-best-of-klettern-2026","status":"publish","type":"product","link":"https:\/\/pizbube.ch\/en\/shop\/kalender-best-of-klettern-2026\/","title":{"rendered":"Kalender Best of Klettern 2026"},"content":{"rendered":"<p>Kletterkalender KLETTERN 2026<\/p>\n<p>Gro\u00dfformatiger Wandkalender.<\/p>\n<p>Ein echter Klassiker ist der gro\u00dfformatige Kalender &#171;Best of Klettern&#187; der jedes Jahr mit spektakul\u00e4ren Kletterhighlights des Jahres mit Bildern von den besten Fotografen der Szene erscheint. Die Kletterspots verteilen sich rund um den Globus, mit zahlreichen Stars der Kletterszene. Nach dem gr\u00fcndlichem Facelift sind die Bilder noch gr\u00f6\u00dfer und wirken durch die moderne Optik noch besser an der Wand. Format: 47 cm x 67 cm (Gro\u00dfformat)<\/p>\n<p>Nach dem gr\u00fcndlichem Facelift sind die Bilder noch gr\u00f6\u00dfer und wirken durch die moderne Optik noch besser an der Wand. Nat\u00fcrlich besteht auch weiterhin die M\u00f6glichkeit das Kalendarium abzuschneiden und die Bilder nach Ablauf des Jahres einzurahmen. Format: 47 cm x 67 cm (Gro\u00dfformat)<\/p>\n<p><strong>**Bitte beachten Sie \/ please note:**<\/strong><br \/>\n<strong>Versandkosten Poster\/ Kalender: SCHWEIZ: CHF 9.00 \/ EU: EUR 38.00<\/strong><br \/>\n<strong>Postage for posters \/calendars: SWITZERLAND: CHF 9.00 \/ EU: EUR 38.00<\/strong><br \/>\n<strong>(Unabh\u00e4ngig von der Gesamtbestellsumme)<\/strong><\/p>","protected":false},"excerpt":{"rendered":"<p>Kletterkalender KLETTERN 2026 Gro\u00dfformatiger Wandkalender. Ein echter Klassiker ist der gro\u00dfformatige Kalender &#171;Best of Klettern&#187; der jedes Jahr mit spektakul\u00e4ren Kletterhighlights des Jahres mit Bildern von den besten Fotografen der Szene erscheint. Die Kletterspots verteilen sich rund um den Globus, mit zahlreichen Stars der Kletterszene. Nach dem gr\u00fcndlichem Facelift sind die Bilder noch gr\u00f6\u00dfer und [&#8230;]\n","protected":false},"featured_media":181408,"template":"","meta":[],"product_brand":[],"product_cat":[21607],"product_tag":[],"class_list":{"0":"post-181406","1":"product","2":"type-product","3":"status-publish","4":"has-post-thumbnail","6":"product_cat-kalender-posters","7":"pa_autor-klettern-magazin-tmms","8":"pa_erscheinungsjahr-27415","9":"pa_region-deutschland","10":"pa_sprache-de","12":"first","13":"instock","14":"taxable","15":"shipping-taxable","16":"purchasable","17":"product-type-simple"},"_links":{"self":[{"href":"https:\/\/pizbube.ch\/en\/wp-json\/wp\/v2\/product\/181406","targetHints":{"allow":["GET"]}}],"collection":[{"href":"https:\/\/pizbube.ch\/en\/wp-json\/wp\/v2\/product"}],"about":[{"href":"https:\/\/pizbube.ch\/en\/wp-json\/wp\/v2\/types\/product"}],"wp:featuredmedia":[{"embeddable":true,"href":"https:\/\/pizbube.ch\/en\/wp-json\/wp\/v2\/media\/181408"}],"wp:attachment":[{"href":"https:\/\/pizbube.ch\/en\/wp-json\/wp\/v2\/media?parent=181406"}],"wp:term":[{"taxonomy":"product_brand","embeddable":true,"href":"https:\/\/pizbube.ch\/en\/wp-json\/wp\/v2\/product_brand?post=181406"},{"taxonomy":"product_cat","embeddable":true,"href":"https:\/\/pizbube.ch\/en\/wp-json\/wp\/v2\/product_cat?post=181406"},{"taxonomy":"product_tag","embeddable":true,"href":"https:\/\/pizbube.ch\/en\/wp-json\/wp\/v2\/product_tag?post=181406"}],"curies":[{"name":"wp","href":"https:\/\/api.w.org\/{rel}","templated":true}]}}