{"id":181413,"date":"2025-09-24T10:51:51","date_gmt":"2025-09-24T08:51:51","guid":{"rendered":"https:\/\/pizbube.ch\/?post_type=product&#038;p=181413"},"modified":"2025-11-21T11:10:35","modified_gmt":"2025-11-21T10:10:35","slug":"kalender-best-of-bouldern-2026","status":"publish","type":"product","link":"https:\/\/pizbube.ch\/en\/shop\/kalender-best-of-bouldern-2026\/","title":{"rendered":"Kalender Best of Bouldern 2026"},"content":{"rendered":"<p>Boulder-Wandkalender 2026 im Gro\u00dfformat 67 x 47 cm auf hochwertigem 250 gr. Papier.<\/p>\n<p>Bouldern erlebt in den letzten Jahren einen enormen Boom und ist extrem angesagt. Dieser Kalender ist ein Spiegel der besten Boulderspots in Europa und dem Rest der Welt. Nicht nur Topgebiete und -athleten sind im Kalender vertreten, sondern die Fotos wurden nach \u00e4sthetischen Gesichtspunkten ausgew\u00e4hlt, so dass der Wandkalender ein spannender Querschnitt durch die Boulderszene darstellt, den man sich gerne an die Wand h\u00e4ngt.<\/p>\n<p>Durch das gro\u00dfe Format und das dicke Papier kommt neben der sch\u00f6nen Optik auch noch eine hochwertige Haptik dazu. &#171;Best of Bouldern&#187; ist ein optischer Leckerbissen und auch Inspiration f\u00fcr den n\u00e4chsten Bouldertrip. Der Kalender wirkt durch hohe Kontrastst\u00e4rke und dem modernen Layout extrem stylisch.<br \/>\nGro\u00dfformat: 67 cm x 47 cm<\/p>\n<p><strong>**Bitte beachten Sie \/ please note:**<\/strong><br \/>\n<strong>Versandkosten Poster\/ Kalender: SCHWEIZ: CHF 9.00 \/ EU: EUR 38.00<\/strong><br \/>\n<strong>Postage for posters \/calendars: SWITZERLAND: CHF 9.00 \/ EU: EUR 38.00<\/strong><br \/>\n<strong>(Unabh\u00e4ngig von der Gesamtbestellsumme)<\/strong><\/p>","protected":false},"excerpt":{"rendered":"<p>Boulder-Wandkalender 2026 im Gro\u00dfformat 67 x 47 cm auf hochwertigem 250 gr. Papier. Bouldern erlebt in den letzten Jahren einen enormen Boom und ist extrem angesagt. Dieser Kalender ist ein Spiegel der besten Boulderspots in Europa und dem Rest der Welt. Nicht nur Topgebiete und -athleten sind im Kalender vertreten, sondern die Fotos wurden nach [&#8230;]\n","protected":false},"featured_media":181414,"template":"","meta":[],"product_brand":[],"product_cat":[21607],"product_tag":[],"class_list":{"0":"post-181413","1":"product","2":"type-product","3":"status-publish","4":"has-post-thumbnail","6":"product_cat-kalender-posters","7":"pa_autor-tmms","8":"pa_erscheinungsjahr-27415","9":"pa_region-deutschland","10":"pa_sprache-de","12":"first","13":"instock","14":"taxable","15":"shipping-taxable","16":"purchasable","17":"product-type-simple"},"_links":{"self":[{"href":"https:\/\/pizbube.ch\/en\/wp-json\/wp\/v2\/product\/181413","targetHints":{"allow":["GET"]}}],"collection":[{"href":"https:\/\/pizbube.ch\/en\/wp-json\/wp\/v2\/product"}],"about":[{"href":"https:\/\/pizbube.ch\/en\/wp-json\/wp\/v2\/types\/product"}],"wp:featuredmedia":[{"embeddable":true,"href":"https:\/\/pizbube.ch\/en\/wp-json\/wp\/v2\/media\/181414"}],"wp:attachment":[{"href":"https:\/\/pizbube.ch\/en\/wp-json\/wp\/v2\/media?parent=181413"}],"wp:term":[{"taxonomy":"product_brand","embeddable":true,"href":"https:\/\/pizbube.ch\/en\/wp-json\/wp\/v2\/product_brand?post=181413"},{"taxonomy":"product_cat","embeddable":true,"href":"https:\/\/pizbube.ch\/en\/wp-json\/wp\/v2\/product_cat?post=181413"},{"taxonomy":"product_tag","embeddable":true,"href":"https:\/\/pizbube.ch\/en\/wp-json\/wp\/v2\/product_tag?post=181413"}],"curies":[{"name":"wp","href":"https:\/\/api.w.org\/{rel}","templated":true}]}}