{"id":181421,"date":"2025-09-24T11:10:48","date_gmt":"2025-09-24T09:10:48","guid":{"rendered":"https:\/\/pizbube.ch\/?post_type=product&#038;p=181421"},"modified":"2025-12-16T11:52:04","modified_gmt":"2025-12-16T10:52:04","slug":"kalender-sac-huetten-2026","status":"publish","type":"product","link":"https:\/\/pizbube.ch\/en\/shop\/kalender-sac-huetten-2026\/","title":{"rendered":"Kalender SAC-H\u00fctten 2026"},"content":{"rendered":"<div class=\"m-introduction__copy c-rich-text\">\n<p>13 SAC-H\u00fctten in atemberaubender Umgebung:<br \/>\nDie Albert-Heim-H\u00fctte SAC, Cabane d\u2019Orny CAS, Capanna Corno-Gries CAS \u2013 diese und 10 weitere H\u00fctten verteilt auf alle Sprachregionen der Schweiz zieren den neuen Kalender SAC-H\u00fctten 2026.<\/p>\n<\/div>\n<p>Format: 48 x 33 cm, 13 Bl\u00e4tter, farbig, Spiralbindung, in Wellkarton,<br \/>\nKalendarium viersprachig: dt\/fr\/it\/engl.<\/p>\n<p>Marco Volken fotografiert f\u00fcr den querformatigen SAC- H\u00fcttenkalender 13 SAC-H\u00fctten in atemberaubender Umgebung.<br \/>\n\u2022 H\u00fctten in der ganzen Schweiz<br \/>\n\u2022 Ausf\u00fchrliche Beschreibung der H\u00fctte mit historischem Bildmaterial<br \/>\n\u2022 Zustiegsangaben inklusive Link auf das SAC-Tourenportal<\/p>\n<div class=\"m-info-table-text__copy fs-copy\">\n<p>R\u00fcckseiten mit detaillierten H\u00fcttenbeschrieben<\/p>\n<\/div>\n<p>Le calendrier des cabanes du CAS au format paysage. Photos de Marco Volken. 12<br \/>\ncabanes du CAS dans un cadre exceptionnel.<\/p>\n<p>L&#8217;apprezzato calendario del CAS in formato orizzontale. Photos di Marco<br \/>\nVolken. 12 capanne CAS in paesaggi mozzafiato.<\/p>\n<p><strong>**Bitte beachten Sie \/ please note:**<\/strong><br \/>\n<strong>Versandkosten Poster\/ Kalender: SCHWEIZ: CHF 9.00 \/ EU: CHF 45.00<\/strong><br \/>\n<strong>Postage for posters \/calendars: SWITZERLAND: CHF 9.00 \/ EU: CHF 45.00<\/strong><br \/>\n<strong>(Unabh\u00e4ngig von der Gesamtbestellsumme)<\/strong><\/p>","protected":false},"excerpt":{"rendered":"<p>13 SAC-H\u00fctten in atemberaubender Umgebung: Die Albert-Heim-H\u00fctte SAC, Cabane d\u2019Orny CAS, Capanna Corno-Gries CAS \u2013 diese und 10 weitere H\u00fctten verteilt auf alle Sprachregionen der Schweiz zieren den neuen Kalender SAC-H\u00fctten 2026. Format: 48 x 33 cm, 13 Bl\u00e4tter, farbig, Spiralbindung, in Wellkarton, Kalendarium viersprachig: dt\/fr\/it\/engl. Marco Volken fotografiert f\u00fcr den querformatigen SAC- H\u00fcttenkalender 13 [&#8230;]\n","protected":false},"featured_media":181423,"template":"","meta":[],"product_brand":[],"product_cat":[21607],"product_tag":[27313,26961],"class_list":{"0":"post-181421","1":"product","2":"type-product","3":"status-publish","4":"has-post-thumbnail","6":"product_cat-kalender-posters","7":"product_tag-huettenkalender-sac","8":"product_tag-sac-huettenkalender","9":"pa_autor-sac","10":"pa_erscheinungsjahr-27415","11":"pa_region-schweiz","12":"pa_sprache-de-fr-it","14":"first","15":"instock","16":"taxable","17":"shipping-taxable","18":"purchasable","19":"product-type-simple"},"_links":{"self":[{"href":"https:\/\/pizbube.ch\/en\/wp-json\/wp\/v2\/product\/181421","targetHints":{"allow":["GET"]}}],"collection":[{"href":"https:\/\/pizbube.ch\/en\/wp-json\/wp\/v2\/product"}],"about":[{"href":"https:\/\/pizbube.ch\/en\/wp-json\/wp\/v2\/types\/product"}],"wp:featuredmedia":[{"embeddable":true,"href":"https:\/\/pizbube.ch\/en\/wp-json\/wp\/v2\/media\/181423"}],"wp:attachment":[{"href":"https:\/\/pizbube.ch\/en\/wp-json\/wp\/v2\/media?parent=181421"}],"wp:term":[{"taxonomy":"product_brand","embeddable":true,"href":"https:\/\/pizbube.ch\/en\/wp-json\/wp\/v2\/product_brand?post=181421"},{"taxonomy":"product_cat","embeddable":true,"href":"https:\/\/pizbube.ch\/en\/wp-json\/wp\/v2\/product_cat?post=181421"},{"taxonomy":"product_tag","embeddable":true,"href":"https:\/\/pizbube.ch\/en\/wp-json\/wp\/v2\/product_tag?post=181421"}],"curies":[{"name":"wp","href":"https:\/\/api.w.org\/{rel}","templated":true}]}}