{"id":181424,"date":"2025-09-24T11:17:03","date_gmt":"2025-09-24T09:17:03","guid":{"rendered":"https:\/\/pizbube.ch\/?post_type=product&#038;p=181424"},"modified":"2025-11-21T11:12:15","modified_gmt":"2025-11-21T10:12:15","slug":"schweizer-bergsteiger-kalender-2026","status":"publish","type":"product","link":"https:\/\/pizbube.ch\/en\/shop\/schweizer-bergsteiger-kalender-2026\/","title":{"rendered":"Schweizer Bergsteiger-Kalender 2026"},"content":{"rendered":"<p>Schweizer Bergsteigerkalender 2026<\/p>\n<p>Mit den starken Aufnahmen des bekannten Fotografen R\u00f6bi B\u00f6sch haben Sie die M\u00f6glichkeit, die sch\u00f6nsten Eindr\u00fccke aus der einzigartigen Schweizer Bergwelt im Posterformat 35 x 48 cm geniessen zu k\u00f6nnen.<\/p>\n<p><span class=\"s1\">Dieser grosse Wandkalender im Hochformat ist ein Traum f\u00fcr jeden Bergsteiger und Bergliebhaber. Wundersch\u00f6ne Detailaufnahmen der h\u00f6chsten Spitzen, dicksten Eisschollen und steilsten Bergw\u00e4nde aus der gesamten Schweiz. Der Kalender kommt in einem Modernen Design, welches die Fotografie in den Vordergrund stellt.<\/span><\/p>\n<p class=\"p1\">Format:\u00a033\u00a0x 48 cm<br \/>\nKalendarium:\u00a0de\/fr\/engl<br \/>\nDruck:\u00a04farbig\/Skala<br \/>\nPapier:\u00a0halbmatt\u00a0gestrichen weiss, 150 gm\u00b2,\u00a0FSC-Mix<\/p>\n<p><strong>**Bitte beachten Sie \/ please note:**<\/strong><br \/>\n<strong>Versandkosten Poster\/ Kalender: SCHWEIZ: CHF 9.00 \/ EU: EUR 39.00<\/strong><br \/>\n<strong>Postage for posters \/calendars: SWITZERLAND: CHF 9.00 \/ EU: EUR 39.00<\/strong><br \/>\n<strong>(Unabh\u00e4ngig von der Gesamtbestellsumme)<\/strong><\/p>","protected":false},"excerpt":{"rendered":"<p>Schweizer Bergsteigerkalender 2026 Mit den starken Aufnahmen des bekannten Fotografen R\u00f6bi B\u00f6sch haben Sie die M\u00f6glichkeit, die sch\u00f6nsten Eindr\u00fccke aus der einzigartigen Schweizer Bergwelt im Posterformat 35 x 48 cm geniessen zu k\u00f6nnen. Dieser grosse Wandkalender im Hochformat ist ein Traum f\u00fcr jeden Bergsteiger und Bergliebhaber. Wundersch\u00f6ne Detailaufnahmen der h\u00f6chsten Spitzen, dicksten Eisschollen und steilsten [&#8230;]\n","protected":false},"featured_media":181425,"template":"","meta":[],"product_brand":[],"product_cat":[21607],"product_tag":[],"class_list":{"0":"post-181424","1":"product","2":"type-product","3":"status-publish","4":"has-post-thumbnail","6":"product_cat-kalender-posters","7":"pa_autor-boesch","8":"pa_erscheinungsjahr-27415","9":"pa_region-schweiz","10":"pa_sprache-de","12":"first","13":"instock","14":"taxable","15":"shipping-taxable","16":"purchasable","17":"product-type-simple"},"_links":{"self":[{"href":"https:\/\/pizbube.ch\/en\/wp-json\/wp\/v2\/product\/181424","targetHints":{"allow":["GET"]}}],"collection":[{"href":"https:\/\/pizbube.ch\/en\/wp-json\/wp\/v2\/product"}],"about":[{"href":"https:\/\/pizbube.ch\/en\/wp-json\/wp\/v2\/types\/product"}],"wp:featuredmedia":[{"embeddable":true,"href":"https:\/\/pizbube.ch\/en\/wp-json\/wp\/v2\/media\/181425"}],"wp:attachment":[{"href":"https:\/\/pizbube.ch\/en\/wp-json\/wp\/v2\/media?parent=181424"}],"wp:term":[{"taxonomy":"product_brand","embeddable":true,"href":"https:\/\/pizbube.ch\/en\/wp-json\/wp\/v2\/product_brand?post=181424"},{"taxonomy":"product_cat","embeddable":true,"href":"https:\/\/pizbube.ch\/en\/wp-json\/wp\/v2\/product_cat?post=181424"},{"taxonomy":"product_tag","embeddable":true,"href":"https:\/\/pizbube.ch\/en\/wp-json\/wp\/v2\/product_tag?post=181424"}],"curies":[{"name":"wp","href":"https:\/\/api.w.org\/{rel}","templated":true}]}}