{"id":181436,"date":"2025-09-25T08:43:15","date_gmt":"2025-09-25T06:43:15","guid":{"rendered":"https:\/\/pizbube.ch\/?post_type=product&#038;p=181436"},"modified":"2025-09-25T08:53:55","modified_gmt":"2025-09-25T06:53:55","slug":"alpinkletterfuehrer-karwendel","status":"publish","type":"product","link":"https:\/\/pizbube.ch\/en\/shop\/alpinkletterfuehrer-karwendel\/","title":{"rendered":"Alpinkletterf\u00fchrer Karwendel"},"content":{"rendered":"<p>Kletterf\u00fchrer Karwendel \u2013 zwischen Plaisir und Abenteuer.<\/p>\n<p>Das Karwendelgebirge ist eine der gr\u00f6\u00dften Gebirgsgruppen der N\u00f6rdlichen Kalkalpen, eine der wildesten sowieso und f\u00fcr Kletterer eine der interessantesten. Die Breite der Palette ist einmalig und reicht von den sportkletterm\u00e4\u00dfig anmutenden Mehrseill\u00e4ngentouren an der Martinswand, die von Innsbruck aus auch noch nach Feierabend gehen, bis zu den wilden Bergabenteuern im Schatten der m\u00e4chtigen Lalidererw\u00e4nde. Dazwischen ist alles geboten. Darunter immer mehr Sportkletterperlen in allerbestem Kalk (Halleranger, Repswand, Eiskarlsporn) und Gebiete mit Sportklettercharakter (Gramais, Martinswandsockel, Gerberkreuz). Werft alte Vorurteile \u00fcber Bord, holt euch den neuen Karwendelf\u00fchrer ins Regal.<\/p>\n<p>Aber die Kletterepochen sind selbstverst\u00e4ndlich auch an den Bergen zwischen Mittenwald und Achensee nicht vorbeigerauscht, und so gibt es nat\u00fcrlich inzwischen auch leichter Verdauliches und unbeschwert Genie\u00dfbares: Gro\u00dfz\u00fcgige alpine Klassiker in festem Fels, moderne alpine Sportklettereien und plaisirm\u00e4\u00dfig abgesicherte Bohrhaken-Baseclimbs.<\/p>\n<p>Ziele:<br \/>\nGebiet Mittenwald &#8211; N\u00f6rdliche Karwendelkette<br \/>\nGebiet Hinterri\u00df &#8211; N\u00f6rdliche Karwendelkette, Falkengruppe, Gamsjochgruppe<br \/>\nGebiet Ahornboden &#8211; Hinterautal-Vomperkette (Nordseite)<br \/>\nGebiet Gramai &#8211; Sonnjochgruppe, Rauer Kn\u00f6ll-Verzweigung<br \/>\nGebiet Lamsenjochh\u00fctte &#8211; Hinterautal-Vomperkette (Lamsengebiet)<br \/>\nGebiet Halltal\/Halltalkette &#8211; (Gleirsch)-Halltalkette<br \/>\nGebiet Nordkette &#8211; Nordkette<br \/>\nGebiet Innsbruck &#8211; Nordkette<br \/>\nGebiet Scharnitz &#8211; Gleirsch-(Halltal)-Kette, Hinterautal-Vomperkette<br \/>\n(S\u00fcdseite)<br \/>\nGebiet Halleranger &#8211; Gleirsch-Halltalkette (Nordseite)<\/p>\n<p>6. Auflage 2025, 564 Seiten, 40 Topokarten, 115 x 185 mm, Softcover, komplett 4 Farbig, Schutzh\u00fclle<\/p>","protected":false},"excerpt":{"rendered":"<p>Kletterf\u00fchrer Karwendel \u2013 zwischen Plaisir und Abenteuer. Das Karwendelgebirge ist eine der gr\u00f6\u00dften Gebirgsgruppen der N\u00f6rdlichen Kalkalpen, eine der wildesten sowieso und f\u00fcr Kletterer eine der interessantesten. Die Breite der Palette ist einmalig und reicht von den sportkletterm\u00e4\u00dfig anmutenden Mehrseill\u00e4ngentouren an der Martinswand, die von Innsbruck aus auch noch nach Feierabend gehen, bis zu den [&#8230;]\n","protected":false},"featured_media":181442,"template":"","meta":[],"product_brand":[],"product_cat":[21539],"product_tag":[],"class_list":{"0":"post-181436","1":"product","2":"type-product","3":"status-publish","4":"has-post-thumbnail","6":"product_cat-fuehrerliteratur-sportklettern-bouldern","7":"pa_autor-eberle-mair-rutter-scherrer-sussmann","8":"pa_erscheinungsjahr-27415","9":"pa_region-oesterreich","10":"pa_sprache-de","12":"first","13":"instock","14":"taxable","15":"shipping-taxable","16":"purchasable","17":"product-type-simple"},"_links":{"self":[{"href":"https:\/\/pizbube.ch\/en\/wp-json\/wp\/v2\/product\/181436","targetHints":{"allow":["GET"]}}],"collection":[{"href":"https:\/\/pizbube.ch\/en\/wp-json\/wp\/v2\/product"}],"about":[{"href":"https:\/\/pizbube.ch\/en\/wp-json\/wp\/v2\/types\/product"}],"wp:featuredmedia":[{"embeddable":true,"href":"https:\/\/pizbube.ch\/en\/wp-json\/wp\/v2\/media\/181442"}],"wp:attachment":[{"href":"https:\/\/pizbube.ch\/en\/wp-json\/wp\/v2\/media?parent=181436"}],"wp:term":[{"taxonomy":"product_brand","embeddable":true,"href":"https:\/\/pizbube.ch\/en\/wp-json\/wp\/v2\/product_brand?post=181436"},{"taxonomy":"product_cat","embeddable":true,"href":"https:\/\/pizbube.ch\/en\/wp-json\/wp\/v2\/product_cat?post=181436"},{"taxonomy":"product_tag","embeddable":true,"href":"https:\/\/pizbube.ch\/en\/wp-json\/wp\/v2\/product_tag?post=181436"}],"curies":[{"name":"wp","href":"https:\/\/api.w.org\/{rel}","templated":true}]}}