{"id":181521,"date":"2025-10-01T09:43:43","date_gmt":"2025-10-01T07:43:43","guid":{"rendered":"https:\/\/pizbube.ch\/?post_type=product&#038;p=181521"},"modified":"2026-03-12T09:32:36","modified_gmt":"2026-03-12T08:32:36","slug":"frei-am-fels-mein-leben-zwischen-bouldern-und-routen-im-neunten-grad","status":"publish","type":"product","link":"https:\/\/pizbube.ch\/en\/shop\/frei-am-fels-mein-leben-zwischen-bouldern-und-routen-im-neunten-grad\/","title":{"rendered":"Frei am Fels &#8211; Mein Leben zwischen Bouldern und Routen im neunten Grad."},"content":{"rendered":"<p><span class=\"value\">Es w\u00e4re Alex Megos nicht recht, wenn man ihn als neuen Star der deutschen Kletterszene beschreibt. Dabei ist der bescheidene 31-J\u00e4hrige aus Erlangen genau das. Seine Spezialdisziplin sind Routen am Fels, wobei die Herausforderung nicht hoch genug sein kann &#8211; Megos hat mehrere Routen im 9. Schwierigkeitsgrad gemeistert, mehr geht beim Klettern nicht. <\/span><\/p>\n<p><span class=\"value\">Seine Leistungsst\u00e4rke brachte ihn bis zu den Olympischen Spielen von Paris, wo er allerdings alles andere als gut abschnitt. Dar\u00fcber spricht Alex Megos in diesem Buch genauso schonungslos offen wie \u00fcber seine Magersucht und die ihm so wichtigen Themen Klimaschutz und Nachhaltigkeit.<\/span><\/p>\n<p>Ein Spitzensportler, der offen \u00fcber R\u00fcckschl\u00e4ge bei Olympia, psychische Herausforderungen wie Magersucht und pers\u00f6nliche Schw\u00e4chen spricht<br \/>\nPers\u00f6nlich, intensiv, inspirierend: Einblicke in den Kopf eines Ausnahmeathleten<\/p>\n<p>288 Seiten, <span class=\"value\">Kartonierter Einband<\/span><br \/>\n2. Auflage 2026<\/p>","protected":false},"excerpt":{"rendered":"<p>Es w\u00e4re Alex Megos nicht recht, wenn man ihn als neuen Star der deutschen Kletterszene beschreibt. Dabei ist der bescheidene 31-J\u00e4hrige aus Erlangen genau das. Seine Spezialdisziplin sind Routen am Fels, wobei die Herausforderung nicht hoch genug sein kann &#8211; Megos hat mehrere Routen im 9. Schwierigkeitsgrad gemeistert, mehr geht beim Klettern nicht. Seine Leistungsst\u00e4rke [&#8230;]\n","protected":false},"featured_media":181522,"template":"","meta":[],"product_brand":[],"product_cat":[21542],"product_tag":[],"class_list":{"0":"post-181521","1":"product","2":"type-product","3":"status-publish","4":"has-post-thumbnail","6":"product_cat-sachbuecher-dokumentationen","7":"pa_autor-megos","8":"pa_erscheinungsjahr-27654","9":"pa_region-deutschland","10":"pa_sprache-de","12":"first","13":"instock","14":"taxable","15":"shipping-taxable","16":"purchasable","17":"product-type-simple"},"_links":{"self":[{"href":"https:\/\/pizbube.ch\/en\/wp-json\/wp\/v2\/product\/181521","targetHints":{"allow":["GET"]}}],"collection":[{"href":"https:\/\/pizbube.ch\/en\/wp-json\/wp\/v2\/product"}],"about":[{"href":"https:\/\/pizbube.ch\/en\/wp-json\/wp\/v2\/types\/product"}],"wp:featuredmedia":[{"embeddable":true,"href":"https:\/\/pizbube.ch\/en\/wp-json\/wp\/v2\/media\/181522"}],"wp:attachment":[{"href":"https:\/\/pizbube.ch\/en\/wp-json\/wp\/v2\/media?parent=181521"}],"wp:term":[{"taxonomy":"product_brand","embeddable":true,"href":"https:\/\/pizbube.ch\/en\/wp-json\/wp\/v2\/product_brand?post=181521"},{"taxonomy":"product_cat","embeddable":true,"href":"https:\/\/pizbube.ch\/en\/wp-json\/wp\/v2\/product_cat?post=181521"},{"taxonomy":"product_tag","embeddable":true,"href":"https:\/\/pizbube.ch\/en\/wp-json\/wp\/v2\/product_tag?post=181521"}],"curies":[{"name":"wp","href":"https:\/\/api.w.org\/{rel}","templated":true}]}}