{"id":181529,"date":"2025-10-01T10:54:48","date_gmt":"2025-10-01T08:54:48","guid":{"rendered":"https:\/\/pizbube.ch\/?post_type=product&#038;p=181529"},"modified":"2025-10-01T10:58:54","modified_gmt":"2025-10-01T08:58:54","slug":"grand-tour-lago-maggiore-und-grand-tour-lago-dorta","status":"publish","type":"product","link":"https:\/\/pizbube.ch\/en\/shop\/grand-tour-lago-maggiore-und-grand-tour-lago-dorta\/","title":{"rendered":"Grand Tour Lago Maggiore und Grand Tour Lago d\u2019Orta"},"content":{"rendered":"<p class=\"mt-3\">51 Etappen rund um die Seen \u2013 entlang der Ufer und \u00fcber die Gipfel<\/p>\n<p><span class=\"value\">Die mediterran-alpine Bergwelt rund um den Lago Maggiore l\u00e4sst sich kaum sch\u00f6ner entdecken als auf zwei neuen Weitwanderwegen: der Grand Tour Lago Maggiore und der Grand Tour Lago d&#8217;Orta. Diese Mehrtagestouren umrunden die beiden oberitalienischen Seen in verschiedenen Varianten &#8211; von einfach bis anspruchsvoll. Der Rother Wanderf\u00fchrer \u00bbGrand Tour Lago Maggiore und Grand Tour Lago d&#8217;Orta\u00ab begleitet auf jeder Etappe durch die herrlichen Landschaften von Piemont, Lombardei und dem angrenzenden Schweizer Kanton Tessin.<\/span><\/p>\n<p>Die einfache Route der Grand Tour Lago Maggiore verl\u00e4uft auf bequemen Wegen entlang des Seeufers und kann in gut zwei Wochen bew\u00e4ltigt werden. Unterwegs lassen sich versteckte Sch\u00e4tze und Sehensw\u00fcrdigkeit entdecken sowie ber\u00fchmte Orte wie Locarno, Ascona, Cannobio und Stresa erkunden. Hier laden charmante Restaurants und gem\u00fctliche Unterk\u00fcnfte zum Verweilen ein.<\/p>\n<p><span class=\"value\">F\u00fcr Abenteuerlustige bietet die anspruchsvolle Bergroute spektakul\u00e4re Ausblicke auf den Lago Maggiore. In zwei Wochen f\u00fchrt in sie \u00fcber die sch\u00f6nsten Grate und Gipfel, darunter der Monte Tamaro, Limidario und Zeda. Herrliche Panoramen belohnen die Anstrengung, w\u00e4hrend urige Bergh\u00fctten sch\u00f6ne Einkehr- und \u00dcbernachtungsm\u00f6glichkeiten bieten. Es ist auch problemlos m\u00f6glich, an vielen Stellen von der Berg- auf die Uferroute zu wechseln und umgekehrt.<\/span><\/p>\n<p>Die Grand Tour Lago d\u2019Orta f\u00fchrt in einer Woche rund um den charmanten kleinen Bruder des Lago Maggiore. Alternativ kann man in nur drei Tagen auf dem Anello Azzurro immer entlang des Ufers des Ortasees wandern. Pittoreske D\u00f6rfer, schattige W\u00e4lder und erfrischende Badestellen machen diese kurze Mehrtagestour zu einem Highlight.<\/p>\n<p>Alle Etappen der Grand Tour Lago Maggiore und der Grand Tour Lago d\u2018Orta werden \u00fcbersichtlich beschrieben: Zuverl\u00e4ssige Webeschreibungen, Kartenausschnitte mit Routenverlauf, H\u00f6henprofile und Infos zu Infrastruktur, \u00dcbernachtung und Einkehr machen Planung und Durchf\u00fchrung einfach. Gepr\u00fcfte GPS-Tracks, die zum Download bereitstehen, erleichtern die Orientierung. Viele Ausgangspunkte der Etappen sind au\u00dferdem mit Bus, Bahn oder Schiff erreichbar.<\/p>\n<p>Ob gem\u00fctliche Wanderung oder anspruchsvolle Bergtour \u2013 mit der Grand Tour Lago Maggiore und der Grand Tour Lago d\u2019Orta l\u00e4sst sich die spektakul\u00e4re Bergwelt rund um die Seen in all ihren Facetten erleben.<\/p>\n<p>1. Auflage 2025;<br \/>\n240 Seiten, 51 Wanderk\u00e4rtchen im Ma\u00dfstab 1:100.000, 51 H\u00f6henprofile, zwei \u00dcbersichtskarten, GPS-Tracks zum Download<\/p>","protected":false},"excerpt":{"rendered":"<p>51 Etappen rund um die Seen \u2013 entlang der Ufer und \u00fcber die Gipfel Die mediterran-alpine Bergwelt rund um den Lago Maggiore l\u00e4sst sich kaum sch\u00f6ner entdecken als auf zwei neuen Weitwanderwegen: der Grand Tour Lago Maggiore und der Grand Tour Lago d&#8217;Orta. Diese Mehrtagestouren umrunden die beiden oberitalienischen Seen in verschiedenen Varianten &#8211; von [&#8230;]\n","protected":false},"featured_media":181530,"template":"","meta":[],"product_brand":[],"product_cat":[21605],"product_tag":[],"class_list":{"0":"post-181529","1":"product","2":"type-product","3":"status-publish","4":"has-post-thumbnail","6":"product_cat-wanderfuehrer-trekking","7":"pa_autor-shaw","8":"pa_erscheinungsjahr-27415","9":"pa_region-italien","10":"pa_region-schweiz","11":"pa_sprache-de","13":"first","14":"instock","15":"taxable","16":"shipping-taxable","17":"purchasable","18":"product-type-simple"},"_links":{"self":[{"href":"https:\/\/pizbube.ch\/en\/wp-json\/wp\/v2\/product\/181529","targetHints":{"allow":["GET"]}}],"collection":[{"href":"https:\/\/pizbube.ch\/en\/wp-json\/wp\/v2\/product"}],"about":[{"href":"https:\/\/pizbube.ch\/en\/wp-json\/wp\/v2\/types\/product"}],"wp:featuredmedia":[{"embeddable":true,"href":"https:\/\/pizbube.ch\/en\/wp-json\/wp\/v2\/media\/181530"}],"wp:attachment":[{"href":"https:\/\/pizbube.ch\/en\/wp-json\/wp\/v2\/media?parent=181529"}],"wp:term":[{"taxonomy":"product_brand","embeddable":true,"href":"https:\/\/pizbube.ch\/en\/wp-json\/wp\/v2\/product_brand?post=181529"},{"taxonomy":"product_cat","embeddable":true,"href":"https:\/\/pizbube.ch\/en\/wp-json\/wp\/v2\/product_cat?post=181529"},{"taxonomy":"product_tag","embeddable":true,"href":"https:\/\/pizbube.ch\/en\/wp-json\/wp\/v2\/product_tag?post=181529"}],"curies":[{"name":"wp","href":"https:\/\/api.w.org\/{rel}","templated":true}]}}