{"id":181551,"date":"2025-10-02T14:43:34","date_gmt":"2025-10-02T12:43:34","guid":{"rendered":"https:\/\/pizbube.ch\/?post_type=product&#038;p=181551"},"modified":"2025-10-02T15:01:45","modified_gmt":"2025-10-02T13:01:45","slug":"belledonne-escalade","status":"publish","type":"product","link":"https:\/\/pizbube.ch\/en\/shop\/belledonne-escalade\/","title":{"rendered":"Belledonne Escalade"},"content":{"rendered":"<p>Ce topoguide d\u00e9crit 198 itin\u00e9raires d\u2019escalade rocheuse situ\u00e9s dans le massif de Belledonne dont une cinquantaine de voies nouvelles. Cet ouvrage s\u2019adresse aussi bien au grimpeur de voies modernes enti\u00e8rement \u00e9quip\u00e9es qu\u2019\u00e0 l\u2019amateur de terrain traditionnel.<\/p>\n<p><span class=\"icon-and-text\">Grands Moulins, Pic du Fr\u00eane &#8211; Puy Gris, Argenti\u00e8re-Buyant, Sept-Laux, Pas de la Coche, Grand Pic, Lac du Crozet, Lacs Robert, Lac Achard et Pic de la Fare<\/span><\/p>\n<div class=\"product-block\">\n<p>Les lignes sont d\u00e9crites avec trac\u00e9s sur photos. L\u2019approche, l\u2019historique, les cotations, le mat\u00e9riel \u00e0 emporter, la descente, compl\u00e9t\u00e9s par le cheminement \u00e0 suivre lorsqu\u2019il s\u2019av\u00e8re indispensable, sont accompagn\u00e9s d\u2019un commentaire apportant des pr\u00e9cisions sur la voie. Une riche introduction pr\u00e9sente le massif dans ses g\u00e9n\u00e9ralit\u00e9s et plus pr\u00e9cis\u00e9ment sur l\u2019escalade avec notamment douze pages consacr\u00e9es \u00e0 l\u2019histoire de l\u2019escalade en Belledonne.<\/p>\n<p>Lionel Tassan parcourt ces sommets de long en large depuis pr\u00e8s de quarante ans et avec l\u2019aide des sp\u00e9cialistes du massif, il nous offre un v\u00e9ritable livre sur Belledonne, version rocher.<\/p>\n<\/div>\n<p>272 pages en couleur,<br \/>\nFormat : 14 x 21 cm<br \/>\n3i\u00e8me \u00e9dition 2025<\/p>","protected":false},"excerpt":{"rendered":"<p>Ce topoguide d\u00e9crit 198 itin\u00e9raires d\u2019escalade rocheuse situ\u00e9s dans le massif de Belledonne dont une cinquantaine de voies nouvelles. Cet ouvrage s\u2019adresse aussi bien au grimpeur de voies modernes enti\u00e8rement \u00e9quip\u00e9es qu\u2019\u00e0 l\u2019amateur de terrain traditionnel. Grands Moulins, Pic du Fr\u00eane &#8211; Puy Gris, Argenti\u00e8re-Buyant, Sept-Laux, Pas de la Coche, Grand Pic, Lac du Crozet, [&#8230;]\n","protected":false},"featured_media":181552,"template":"","meta":[],"product_brand":[],"product_cat":[21539],"product_tag":[],"class_list":{"0":"post-181551","1":"product","2":"type-product","3":"status-publish","4":"has-post-thumbnail","6":"product_cat-fuehrerliteratur-sportklettern-bouldern","7":"pa_autor-tassan","8":"pa_erscheinungsjahr-27415","9":"pa_region-frankreich","10":"pa_sprache-fr","12":"first","13":"instock","14":"taxable","15":"shipping-taxable","16":"purchasable","17":"product-type-simple"},"_links":{"self":[{"href":"https:\/\/pizbube.ch\/en\/wp-json\/wp\/v2\/product\/181551","targetHints":{"allow":["GET"]}}],"collection":[{"href":"https:\/\/pizbube.ch\/en\/wp-json\/wp\/v2\/product"}],"about":[{"href":"https:\/\/pizbube.ch\/en\/wp-json\/wp\/v2\/types\/product"}],"wp:featuredmedia":[{"embeddable":true,"href":"https:\/\/pizbube.ch\/en\/wp-json\/wp\/v2\/media\/181552"}],"wp:attachment":[{"href":"https:\/\/pizbube.ch\/en\/wp-json\/wp\/v2\/media?parent=181551"}],"wp:term":[{"taxonomy":"product_brand","embeddable":true,"href":"https:\/\/pizbube.ch\/en\/wp-json\/wp\/v2\/product_brand?post=181551"},{"taxonomy":"product_cat","embeddable":true,"href":"https:\/\/pizbube.ch\/en\/wp-json\/wp\/v2\/product_cat?post=181551"},{"taxonomy":"product_tag","embeddable":true,"href":"https:\/\/pizbube.ch\/en\/wp-json\/wp\/v2\/product_tag?post=181551"}],"curies":[{"name":"wp","href":"https:\/\/api.w.org\/{rel}","templated":true}]}}