{"id":181564,"date":"2025-10-03T09:56:18","date_gmt":"2025-10-03T07:56:18","guid":{"rendered":"https:\/\/pizbube.ch\/?post_type=product&#038;p=181564"},"modified":"2025-10-03T09:56:18","modified_gmt":"2025-10-03T07:56:18","slug":"sur-lannapurna","status":"publish","type":"product","link":"https:\/\/pizbube.ch\/en\/shop\/sur-lannapurna\/","title":{"rendered":"Sur l&#8217;Annapurna"},"content":{"rendered":"<div id=\"product-description-short-830\" class=\"product-short-description\">\n<p>La version de Lachenal, longtemps censur\u00e9e.<\/p>\n<\/div>\n<div id=\"product-description-830\" class=\"product-long-description\">\n<p>En 1950, Louis Lachenal fut, avec Maurice Herzog, le premier homme \u00e0 atteindre un sommet de plus de 8 000 m\u00e8tres, l\u2019Annapurna, et paya cette victoire de graves gelures. Le retour sous la mousson fut un calvaire et Lachenal fut amput\u00e9 de tous ses orteils. Cinq ans plus tard, \u00e0 la fin du contrat qui lui interdisait toute publication sur le sujet, il entreprit de raconter sa vie et cette ascension historique de son point de vue.<\/p>\n<p>Son livre \u00e9tait presque achev\u00e9 quand il disparut, \u00e0 34 ans, dans une crevasse de la Vall\u00e9e Blanche. Son manuscrit fut confi\u00e9 au fr\u00e8re de Maurice Herzog et expurg\u00e9 d\u2019un chapitre cl\u00e9,<br \/>\n\u00abCommentaires sur l\u2019Annapurna\u00bb, o\u00f9 Lachenal se d\u00e9marquait du r\u00e9cit officiel. Ce texte visionnaire, pi\u00e8ce cl\u00e9 de l\u2019histoire de l\u2019alpinisme fran\u00e7ais au XXe si\u00e8cle m\u00e9rite un livre en soi.<\/p>\n<p>64 pages, 12 x 17 cm<\/p>\n<\/div>","protected":false},"excerpt":{"rendered":"<p>La version de Lachenal, longtemps censur\u00e9e. En 1950, Louis Lachenal fut, avec Maurice Herzog, le premier homme \u00e0 atteindre un sommet de plus de 8 000 m\u00e8tres, l\u2019Annapurna, et paya cette victoire de graves gelures. Le retour sous la mousson fut un calvaire et Lachenal fut amput\u00e9 de tous ses orteils. Cinq ans plus tard, [&#8230;]\n","protected":false},"featured_media":181565,"template":"","meta":[],"product_brand":[],"product_cat":[21629,21542],"product_tag":[],"class_list":{"0":"post-181564","1":"product","2":"type-product","3":"status-publish","4":"has-post-thumbnail","6":"product_cat-belletristik","7":"product_cat-sachbuecher-dokumentationen","8":"pa_autor-lachenal","9":"pa_erscheinungsjahr-27415","10":"pa_region-asien","11":"pa_region-frankreich","12":"pa_sprache-fr","14":"first","15":"instock","16":"taxable","17":"shipping-taxable","18":"purchasable","19":"product-type-simple"},"_links":{"self":[{"href":"https:\/\/pizbube.ch\/en\/wp-json\/wp\/v2\/product\/181564","targetHints":{"allow":["GET"]}}],"collection":[{"href":"https:\/\/pizbube.ch\/en\/wp-json\/wp\/v2\/product"}],"about":[{"href":"https:\/\/pizbube.ch\/en\/wp-json\/wp\/v2\/types\/product"}],"wp:featuredmedia":[{"embeddable":true,"href":"https:\/\/pizbube.ch\/en\/wp-json\/wp\/v2\/media\/181565"}],"wp:attachment":[{"href":"https:\/\/pizbube.ch\/en\/wp-json\/wp\/v2\/media?parent=181564"}],"wp:term":[{"taxonomy":"product_brand","embeddable":true,"href":"https:\/\/pizbube.ch\/en\/wp-json\/wp\/v2\/product_brand?post=181564"},{"taxonomy":"product_cat","embeddable":true,"href":"https:\/\/pizbube.ch\/en\/wp-json\/wp\/v2\/product_cat?post=181564"},{"taxonomy":"product_tag","embeddable":true,"href":"https:\/\/pizbube.ch\/en\/wp-json\/wp\/v2\/product_tag?post=181564"}],"curies":[{"name":"wp","href":"https:\/\/api.w.org\/{rel}","templated":true}]}}