{"id":181569,"date":"2025-10-03T10:28:11","date_gmt":"2025-10-03T08:28:11","guid":{"rendered":"https:\/\/pizbube.ch\/?post_type=product&#038;p=181569"},"modified":"2025-11-26T10:21:05","modified_gmt":"2025-11-26T09:21:05","slug":"le-pilier","status":"publish","type":"product","link":"https:\/\/pizbube.ch\/en\/shop\/le-pilier\/","title":{"rendered":"Le pilier"},"content":{"rendered":"<div id=\"product-description-short-826\" class=\"product-short-description\">\n<p>Le r\u00e9cit du plus grand solo de l\u2019histoire de l\u2019alpinisme.<\/p>\n<\/div>\n<div id=\"product-description-826\" class=\"product-long-description\">\n<p>En ao\u00fbt 1955, un jeune homme en d\u00e9pression se pr\u00e9sente au pied du Dru, au-dessus de Chamonix. Un an plus t\u00f4t, Walter Bonatti a \u00e9t\u00e9 l\u2019artisan du succ\u00e8s italien en Himalaya, sur le K2, mais ses compagnons l\u2019ont trahi, l\u2019abandonnant \u00e0 un bivouac glacial \u00e0 plus de 8 000 m\u00e8tres. \u00ab Marqu\u00e9 au fer rouge \u00bb, Walter a perdu confiance en ses semblables. Il traverse une \u00ab crise morale \u00bb lorsqu\u2019il se lance en solitaire dans l\u2019ascension du pilier de granit vierge, dress\u00e9 comme une chandelle vers le ciel.<\/p>\n<p>\u00ab Le pilier \u00bb, chapitre cl\u00e9 de \u00c0 mes montagnes, l\u2019autobiographie culte de Bonatti, est un r\u00e9cit incandescent des souffrances qu\u2019un homme peut endurer pour se r\u00e9concilier avec la vie. Mais aussi un r\u00e9cit d\u2019action haletant, o\u00f9 le succ\u00e8s para\u00eet inaccessible presque jusqu\u2019au bout.<\/p>\n<p>Walter Bonatti a \u00e9crit ce texte alors qu\u2019il \u00e9tait encore un alpiniste hyperactif, imaginatif, passionn\u00e9. L\u2019intensit\u00e9 qui transpire dans toutes les aventures n\u2019est jamais aussi intense que dans ce texte. Le Pilier : un homme joue sa vie et rena\u00eet en cinq jours.<\/p>\n<p>64 pages, 12 x 17 cm<\/p>\n<\/div>","protected":false},"excerpt":{"rendered":"<p>Le r\u00e9cit du plus grand solo de l\u2019histoire de l\u2019alpinisme. En ao\u00fbt 1955, un jeune homme en d\u00e9pression se pr\u00e9sente au pied du Dru, au-dessus de Chamonix. Un an plus t\u00f4t, Walter Bonatti a \u00e9t\u00e9 l\u2019artisan du succ\u00e8s italien en Himalaya, sur le K2, mais ses compagnons l\u2019ont trahi, l\u2019abandonnant \u00e0 un bivouac glacial \u00e0 [&#8230;]\n","protected":false},"featured_media":181571,"template":"","meta":[],"product_brand":[],"product_cat":[21629,21542],"product_tag":[],"class_list":{"0":"post-181569","1":"product","2":"type-product","3":"status-publish","4":"has-post-thumbnail","6":"product_cat-belletristik","7":"product_cat-sachbuecher-dokumentationen","8":"pa_autor-bonatti","9":"pa_erscheinungsjahr-27415","10":"pa_region-frankreich","11":"pa_sprache-fr","13":"first","14":"instock","15":"taxable","16":"shipping-taxable","17":"purchasable","18":"product-type-simple"},"_links":{"self":[{"href":"https:\/\/pizbube.ch\/en\/wp-json\/wp\/v2\/product\/181569","targetHints":{"allow":["GET"]}}],"collection":[{"href":"https:\/\/pizbube.ch\/en\/wp-json\/wp\/v2\/product"}],"about":[{"href":"https:\/\/pizbube.ch\/en\/wp-json\/wp\/v2\/types\/product"}],"wp:featuredmedia":[{"embeddable":true,"href":"https:\/\/pizbube.ch\/en\/wp-json\/wp\/v2\/media\/181571"}],"wp:attachment":[{"href":"https:\/\/pizbube.ch\/en\/wp-json\/wp\/v2\/media?parent=181569"}],"wp:term":[{"taxonomy":"product_brand","embeddable":true,"href":"https:\/\/pizbube.ch\/en\/wp-json\/wp\/v2\/product_brand?post=181569"},{"taxonomy":"product_cat","embeddable":true,"href":"https:\/\/pizbube.ch\/en\/wp-json\/wp\/v2\/product_cat?post=181569"},{"taxonomy":"product_tag","embeddable":true,"href":"https:\/\/pizbube.ch\/en\/wp-json\/wp\/v2\/product_tag?post=181569"}],"curies":[{"name":"wp","href":"https:\/\/api.w.org\/{rel}","templated":true}]}}