{"id":181575,"date":"2025-10-03T10:57:59","date_gmt":"2025-10-03T08:57:59","guid":{"rendered":"https:\/\/pizbube.ch\/?post_type=product&#038;p=181575"},"modified":"2025-10-03T11:20:47","modified_gmt":"2025-10-03T09:20:47","slug":"gipfelstuermer-spannende-geschichten-beruehmter-bergsteiger-ueber-ihre-lieblingsberge","status":"publish","type":"product","link":"https:\/\/pizbube.ch\/en\/shop\/gipfelstuermer-spannende-geschichten-beruehmter-bergsteiger-ueber-ihre-lieblingsberge\/","title":{"rendered":"Gipfelst\u00fcrmer &#8211; Spannende Geschichten ber\u00fchmter Bergsteiger \u00fcber ihre Lieblingsberge"},"content":{"rendered":"<p>50 legend\u00e4re Alpinisten und ihre Lieblingsberge<\/p>\n<p>Was macht einen Berg unvergesslich? In Gipfelst\u00fcrmer erz\u00e4hlen ber\u00fchmte Alpinisten von ihren Lieblingsbergen \u2013 von ikonischen Gipfeln bis zu versteckten Juwelen.<\/p>\n<p>Pers\u00f6nliche Erlebnisse, packende Anekdoten und beeindruckende Leistungen machen dieses Buch zu einer Hommage an die Faszination der Berge. Mit O-T\u00f6nen, Hintergrundinfos und Tourenfakten \u2013 f\u00fcr alle, die selbst aufbrechen oder einfach tr\u00e4umen m\u00f6chten.<\/p>\n<p>192 Seiten,<br \/>\n1. Auflage 2025<\/p>","protected":false},"excerpt":{"rendered":"<p>50 legend\u00e4re Alpinisten und ihre Lieblingsberge Was macht einen Berg unvergesslich? In Gipfelst\u00fcrmer erz\u00e4hlen ber\u00fchmte Alpinisten von ihren Lieblingsbergen \u2013 von ikonischen Gipfeln bis zu versteckten Juwelen. Pers\u00f6nliche Erlebnisse, packende Anekdoten und beeindruckende Leistungen machen dieses Buch zu einer Hommage an die Faszination der Berge. Mit O-T\u00f6nen, Hintergrundinfos und Tourenfakten \u2013 f\u00fcr alle, die selbst [&#8230;]\n","protected":false},"featured_media":181576,"template":"","meta":[],"product_brand":[],"product_cat":[26762],"product_tag":[],"class_list":{"0":"post-181575","1":"product","2":"type-product","3":"status-publish","4":"has-post-thumbnail","6":"product_cat-unkategorisiert","7":"pa_autor-auffermann","8":"pa_erscheinungsjahr-27415","9":"pa_region-deutschland","10":"pa_region-uebrigers-europa","11":"pa_sprache-de","13":"first","14":"instock","15":"taxable","16":"shipping-taxable","17":"purchasable","18":"product-type-simple"},"_links":{"self":[{"href":"https:\/\/pizbube.ch\/en\/wp-json\/wp\/v2\/product\/181575","targetHints":{"allow":["GET"]}}],"collection":[{"href":"https:\/\/pizbube.ch\/en\/wp-json\/wp\/v2\/product"}],"about":[{"href":"https:\/\/pizbube.ch\/en\/wp-json\/wp\/v2\/types\/product"}],"wp:featuredmedia":[{"embeddable":true,"href":"https:\/\/pizbube.ch\/en\/wp-json\/wp\/v2\/media\/181576"}],"wp:attachment":[{"href":"https:\/\/pizbube.ch\/en\/wp-json\/wp\/v2\/media?parent=181575"}],"wp:term":[{"taxonomy":"product_brand","embeddable":true,"href":"https:\/\/pizbube.ch\/en\/wp-json\/wp\/v2\/product_brand?post=181575"},{"taxonomy":"product_cat","embeddable":true,"href":"https:\/\/pizbube.ch\/en\/wp-json\/wp\/v2\/product_cat?post=181575"},{"taxonomy":"product_tag","embeddable":true,"href":"https:\/\/pizbube.ch\/en\/wp-json\/wp\/v2\/product_tag?post=181575"}],"curies":[{"name":"wp","href":"https:\/\/api.w.org\/{rel}","templated":true}]}}