{"id":181588,"date":"2025-10-04T13:13:16","date_gmt":"2025-10-04T11:13:16","guid":{"rendered":"https:\/\/pizbube.ch\/?post_type=product&#038;p=181588"},"modified":"2025-10-04T14:16:36","modified_gmt":"2025-10-04T12:16:36","slug":"hike-fly-select","status":"publish","type":"product","link":"https:\/\/pizbube.ch\/en\/shop\/hike-fly-select\/","title":{"rendered":"Hike &amp; Fly Select"},"content":{"rendered":"<p>Mehr als 85 ausgew\u00e4hlte Tourenvorschl\u00e4ge f\u00fcr Genie\u00dfer und Abenteurer in Deutschland,\u00a0\u00d6sterreich und\u00a0Italien<\/p>\n<p>Hike &amp; Fly, auch Para-Alpinismus, ist eine der sch\u00f6nsten aber auch anspruchsvollsten Spielarten des Gleitschirmfliegens. Zu Fu\u00df auf den Berg, schwerelos gleitend wieder ins Tal.<\/p>\n<p>Klingt sehr einfach, doch erfordert es auch gute Vorbereitung. Start- und Landepl\u00e4tze m\u00fcssen selbst\u00e4ndig ausgew\u00e4hlt und auf ihre Eignung beurteilt werden. Wind- und Wetterverh\u00e4ltnisse im unbekannten Terrain sind zuverl\u00e4ssig einzusch\u00e4tzen, um einen sicheren Start zu gew\u00e4hren.<\/p>\n<p>Der F\u00fchrer stellt mehr als 85 Vorschl\u00e4ge f\u00fcr Hike &amp; Fly Touren in den L\u00e4ndern Deutschland, \u00d6sterreich und Italien vom Hochgern bis zur Wildspitze vor. Die Tourenvorschl\u00e4ge wurden breit gef\u00e4chert ausgew\u00e4hlt, damit sowohl der Einsteiger als auch der\/die konditionsstarke Para-Alpinist(in) ein Ziel findet.<\/p>\n<p>Alle Touren sind systematisch beschrieben und beurteilt nach Kriterien wie Zeitbedarf und H\u00f6henunterschied des Aufstiegs, Schwierigkeitsgrad des Start- und Landeplatzes, Hangexposition, Positives, Negatives, Gefahrenhinweise sowie Wissenswertes.<\/p>\n<p>Die Touren k\u00f6nnen dabei auf topographischen Karten nachgeschlagen werden. Weiter verf\u00fcgt das Buch \u00fcber informative Kapitel zur Tourenvorbereitung. Als Auflockerung gibt es im Buch immer wieder Erlebnisberichte, unter anderem auch von der Top Landung auf der Marmolada.<\/p>\n<p>Der Hike &amp; Fly F\u00fchrer Select hat \u00fcber 300 Seiten, mehr als 220 Abbildungen und Opentopo-Kartenausschnitte. Besonderen Wert wurde auf 3D gerenderte Luftbilder der Topografie gelegt. Wann immer m\u00f6glich wurde auch besonderes Augenmerk auf das &#171;Drumherum&#187; gelegt. Damit wird versucht, f\u00fcr die Familie des abwesenden Para-Alpinisten, etwas Ausgleich zu sorgen.<\/p>\n<p>1. Auflage 2021<\/p>\n<p>&nbsp;<\/p>","protected":false},"excerpt":{"rendered":"<p>Mehr als 85 ausgew\u00e4hlte Tourenvorschl\u00e4ge f\u00fcr Genie\u00dfer und Abenteurer in Deutschland,\u00a0\u00d6sterreich und\u00a0Italien Hike &amp; Fly, auch Para-Alpinismus, ist eine der sch\u00f6nsten aber auch anspruchsvollsten Spielarten des Gleitschirmfliegens. Zu Fu\u00df auf den Berg, schwerelos gleitend wieder ins Tal. Klingt sehr einfach, doch erfordert es auch gute Vorbereitung. Start- und Landepl\u00e4tze m\u00fcssen selbst\u00e4ndig ausgew\u00e4hlt und auf ihre [&#8230;]\n","protected":false},"featured_media":181589,"template":"","meta":[],"product_brand":[],"product_cat":[22064],"product_tag":[27620],"class_list":{"0":"post-181588","1":"product","2":"type-product","3":"status-publish","4":"has-post-thumbnail","6":"product_cat-gleitschirmbuecher","7":"product_tag-hike-and-fly-select","8":"pa_autor-berchtold","9":"pa_erscheinungsjahr-25440","10":"pa_region-deutschland","11":"pa_region-italien","12":"pa_region-oesterreich","13":"pa_sprache-de","15":"first","16":"instock","17":"taxable","18":"shipping-taxable","19":"purchasable","20":"product-type-simple"},"_links":{"self":[{"href":"https:\/\/pizbube.ch\/en\/wp-json\/wp\/v2\/product\/181588","targetHints":{"allow":["GET"]}}],"collection":[{"href":"https:\/\/pizbube.ch\/en\/wp-json\/wp\/v2\/product"}],"about":[{"href":"https:\/\/pizbube.ch\/en\/wp-json\/wp\/v2\/types\/product"}],"wp:featuredmedia":[{"embeddable":true,"href":"https:\/\/pizbube.ch\/en\/wp-json\/wp\/v2\/media\/181589"}],"wp:attachment":[{"href":"https:\/\/pizbube.ch\/en\/wp-json\/wp\/v2\/media?parent=181588"}],"wp:term":[{"taxonomy":"product_brand","embeddable":true,"href":"https:\/\/pizbube.ch\/en\/wp-json\/wp\/v2\/product_brand?post=181588"},{"taxonomy":"product_cat","embeddable":true,"href":"https:\/\/pizbube.ch\/en\/wp-json\/wp\/v2\/product_cat?post=181588"},{"taxonomy":"product_tag","embeddable":true,"href":"https:\/\/pizbube.ch\/en\/wp-json\/wp\/v2\/product_tag?post=181588"}],"curies":[{"name":"wp","href":"https:\/\/api.w.org\/{rel}","templated":true}]}}