{"id":181595,"date":"2025-10-04T14:15:00","date_gmt":"2025-10-04T12:15:00","guid":{"rendered":"https:\/\/pizbube.ch\/?post_type=product&#038;p=181595"},"modified":"2025-10-04T14:15:47","modified_gmt":"2025-10-04T12:15:47","slug":"alpine-hike-fly-touren","status":"publish","type":"product","link":"https:\/\/pizbube.ch\/en\/shop\/alpine-hike-fly-touren\/","title":{"rendered":"Alpine Hike &amp; Fly Touren"},"content":{"rendered":"<p>&#8230; und was ihr aus unseren Fehlern lernen k\u00f6nnt<\/p>\n<p>In diesem Buch findest du eine Sammlung von spannenden alpinen Hike &amp; Fly Touren.<br \/>\nDer Schwierigkeitsgrat bewegt sich vom gekennzeichneten alpinen\u00a0Wanderweg durch Klettersteige via Mehrseill\u00e4ngen \u00fcber Grate hinweg bis hin zu Hochtouren.<\/p>\n<p>W\u00e4hrend der ersten Jahre, in denen ich alpine Touren mit dem Gleitschirm verbunden habe, sind mir und meinen Tourenpartnern etliche Fehler unterlaufen. Diese zeige ich bei jeder Tour auf. Vielleicht bewahrt dich dieses Buch vor dem einen oder anderen.<\/p>\n<p>185 Seiten,<br \/>\n1. Auflage 2022<\/p>","protected":false},"excerpt":{"rendered":"<p>&#8230; und was ihr aus unseren Fehlern lernen k\u00f6nnt In diesem Buch findest du eine Sammlung von spannenden alpinen Hike &amp; Fly Touren. Der Schwierigkeitsgrat bewegt sich vom gekennzeichneten alpinen\u00a0Wanderweg durch Klettersteige via Mehrseill\u00e4ngen \u00fcber Grate hinweg bis hin zu Hochtouren. W\u00e4hrend der ersten Jahre, in denen ich alpine Touren mit dem Gleitschirm verbunden habe, [&#8230;]\n","protected":false},"featured_media":181597,"template":"","meta":[],"product_brand":[],"product_cat":[22064,21538],"product_tag":[],"class_list":{"0":"post-181595","1":"product","2":"type-product","3":"status-publish","4":"has-post-thumbnail","6":"product_cat-gleitschirmbuecher","7":"product_cat-lehrbuecher","8":"pa_autor-schnyder","9":"pa_erscheinungsjahr-27013","10":"pa_region-schweiz","11":"pa_sprache-de","13":"first","14":"instock","15":"taxable","16":"shipping-taxable","17":"purchasable","18":"product-type-simple"},"_links":{"self":[{"href":"https:\/\/pizbube.ch\/en\/wp-json\/wp\/v2\/product\/181595","targetHints":{"allow":["GET"]}}],"collection":[{"href":"https:\/\/pizbube.ch\/en\/wp-json\/wp\/v2\/product"}],"about":[{"href":"https:\/\/pizbube.ch\/en\/wp-json\/wp\/v2\/types\/product"}],"wp:featuredmedia":[{"embeddable":true,"href":"https:\/\/pizbube.ch\/en\/wp-json\/wp\/v2\/media\/181597"}],"wp:attachment":[{"href":"https:\/\/pizbube.ch\/en\/wp-json\/wp\/v2\/media?parent=181595"}],"wp:term":[{"taxonomy":"product_brand","embeddable":true,"href":"https:\/\/pizbube.ch\/en\/wp-json\/wp\/v2\/product_brand?post=181595"},{"taxonomy":"product_cat","embeddable":true,"href":"https:\/\/pizbube.ch\/en\/wp-json\/wp\/v2\/product_cat?post=181595"},{"taxonomy":"product_tag","embeddable":true,"href":"https:\/\/pizbube.ch\/en\/wp-json\/wp\/v2\/product_tag?post=181595"}],"curies":[{"name":"wp","href":"https:\/\/api.w.org\/{rel}","templated":true}]}}