{"id":181679,"date":"2025-10-08T17:43:43","date_gmt":"2025-10-08T15:43:43","guid":{"rendered":"https:\/\/pizbube.ch\/?post_type=product&#038;p=181679"},"modified":"2025-10-08T17:51:47","modified_gmt":"2025-10-08T15:51:47","slug":"kunstmaler-hans-jossi-geschichten-und-bilder-aus-dem-himalaya-alle-8000er-in-oel","status":"publish","type":"product","link":"https:\/\/pizbube.ch\/en\/shop\/kunstmaler-hans-jossi-geschichten-und-bilder-aus-dem-himalaya-alle-8000er-in-oel\/","title":{"rendered":"Kunstmaler Hans Jossi &#8211; Geschichten und Bilder aus dem Himalaya \/ Alle 8000er in \u00d6l"},"content":{"rendered":"<p>Die 14 Achttausender der Erde faszinieren nicht nur Bergsteiger, sondern auch K\u00fcnstler. Nach verschiedenen grossen Trekkings im Himalaja und einer Anfrage von Reinhold Messner, der sein Eiger-Bild f\u00fcr sein im Umbau befindliches Museum erwerben wollte, hat Hans Jossi die 14 Achttausender allesamt in \u00d6l auf Leinwand gemalt.<\/p>\n<p>Der sorgf\u00e4ltig gestaltete Kunstband \u00abKunstmaler Hans Jossi \u2013 Geschichten und Bilder aus dem Himalaja\u00bb vereint nun erstmals diese Werke in gedruckter Form. Mit einem Beitrag von Dr. med. Oswald Oelz \u2013 einem hochgesch\u00e4tzten Alpinisten und Pionier der H\u00f6henmedizin \u2013 sowie Hans Kammerlander, der S\u00fcdtiroler Extrembergsteigerlegende, bekannt f\u00fcr seine aussergew\u00f6hnlichen Expeditionen im Himalaja.<\/p>\n<p>160 Seiten, <span class=\"metafield-dimension\"><span class=\"metafield-dimension_value\">300 <\/span><span class=\"metafield-dimension_unit\">mm<\/span><\/span> x <span class=\"metafield-dimension\"><span class=\"metafield-dimension_value\">350 <\/span><span class=\"metafield-dimension_unit\">mm<\/span><\/span><br \/>\nHardcover<br \/>\nMit 108 Abbildungen<br \/>\nErscheinungsdatum: 1. Juni 2025<\/p>","protected":false},"excerpt":{"rendered":"<p>Die 14 Achttausender der Erde faszinieren nicht nur Bergsteiger, sondern auch K\u00fcnstler. Nach verschiedenen grossen Trekkings im Himalaja und einer Anfrage von Reinhold Messner, der sein Eiger-Bild f\u00fcr sein im Umbau befindliches Museum erwerben wollte, hat Hans Jossi die 14 Achttausender allesamt in \u00d6l auf Leinwand gemalt. Der sorgf\u00e4ltig gestaltete Kunstband \u00abKunstmaler Hans Jossi \u2013 [&#8230;]\n","protected":false},"featured_media":181680,"template":"","meta":[],"product_brand":[],"product_cat":[21580,21542],"product_tag":[],"class_list":{"0":"post-181679","1":"product","2":"type-product","3":"status-publish","4":"has-post-thumbnail","6":"product_cat-kunst-kultur","7":"product_cat-sachbuecher-dokumentationen","8":"pa_autor-jossi","9":"pa_erscheinungsjahr-27415","10":"pa_region-asien","11":"pa_region-schweiz","12":"pa_sprache-de","14":"first","15":"instock","16":"taxable","17":"shipping-taxable","18":"purchasable","19":"product-type-simple"},"_links":{"self":[{"href":"https:\/\/pizbube.ch\/en\/wp-json\/wp\/v2\/product\/181679","targetHints":{"allow":["GET"]}}],"collection":[{"href":"https:\/\/pizbube.ch\/en\/wp-json\/wp\/v2\/product"}],"about":[{"href":"https:\/\/pizbube.ch\/en\/wp-json\/wp\/v2\/types\/product"}],"wp:featuredmedia":[{"embeddable":true,"href":"https:\/\/pizbube.ch\/en\/wp-json\/wp\/v2\/media\/181680"}],"wp:attachment":[{"href":"https:\/\/pizbube.ch\/en\/wp-json\/wp\/v2\/media?parent=181679"}],"wp:term":[{"taxonomy":"product_brand","embeddable":true,"href":"https:\/\/pizbube.ch\/en\/wp-json\/wp\/v2\/product_brand?post=181679"},{"taxonomy":"product_cat","embeddable":true,"href":"https:\/\/pizbube.ch\/en\/wp-json\/wp\/v2\/product_cat?post=181679"},{"taxonomy":"product_tag","embeddable":true,"href":"https:\/\/pizbube.ch\/en\/wp-json\/wp\/v2\/product_tag?post=181679"}],"curies":[{"name":"wp","href":"https:\/\/api.w.org\/{rel}","templated":true}]}}