{"id":181741,"date":"2025-10-15T10:20:20","date_gmt":"2025-10-15T08:20:20","guid":{"rendered":"https:\/\/pizbube.ch\/?post_type=product&#038;p=181741"},"modified":"2025-11-21T11:09:32","modified_gmt":"2025-11-21T10:09:32","slug":"agenda-2026-les-plus-belles-montagnes-deurope","status":"publish","type":"product","link":"https:\/\/pizbube.ch\/en\/shop\/agenda-2026-les-plus-belles-montagnes-deurope\/","title":{"rendered":"Agenda 2026 &#8211; Les plus belles montagnes d&#8217;Europe"},"content":{"rendered":"<p>Le nouvel agenda montagne pour organiser son ann\u00e9e 2026 au rythme des plus beaux paysages montagneux d\u2019Europe \u2013 des sommets vertigineux des Alpes aux glaciers d\u2019Islande en passant par les panoramas des c\u00f4tes m\u00e9diterran\u00e9ennes, des \u00eeles et fjords nordiques ou encore des c\u00f4nes volcaniques d\u2019Atlantique. Passez douze mois, accompagn\u00e9s de reliefs europ\u00e9ens grandioses parmi les plus vari\u00e9s, de l\u2019Espagne au Caucase et de la M\u00e9diterran\u00e9e \u00e0 l\u2019Arctique.<\/p>\n<p>128 pages, <span class=\"MuiTypography-root sc-bb6e17aa-0 fcctQv MuiTypography-body2\">120mm x 188mm<\/span><\/p>","protected":false},"excerpt":{"rendered":"<p>Le nouvel agenda montagne pour organiser son ann\u00e9e 2026 au rythme des plus beaux paysages montagneux d\u2019Europe \u2013 des sommets vertigineux des Alpes aux glaciers d\u2019Islande en passant par les panoramas des c\u00f4tes m\u00e9diterran\u00e9ennes, des \u00eeles et fjords nordiques ou encore des c\u00f4nes volcaniques d\u2019Atlantique. Passez douze mois, accompagn\u00e9s de reliefs europ\u00e9ens grandioses parmi les [&#8230;]\n","protected":false},"featured_media":181742,"template":"","meta":[],"product_brand":[],"product_cat":[21607],"product_tag":[],"class_list":{"0":"post-181741","1":"product","2":"type-product","3":"status-publish","4":"has-post-thumbnail","6":"product_cat-kalender-posters","7":"pa_autor-glenat","8":"pa_erscheinungsjahr-27339","9":"pa_region-frankreich","10":"pa_region-uebrigers-europa","11":"pa_sprache-fr","13":"first","14":"instock","15":"taxable","16":"shipping-taxable","17":"purchasable","18":"product-type-simple"},"_links":{"self":[{"href":"https:\/\/pizbube.ch\/en\/wp-json\/wp\/v2\/product\/181741","targetHints":{"allow":["GET"]}}],"collection":[{"href":"https:\/\/pizbube.ch\/en\/wp-json\/wp\/v2\/product"}],"about":[{"href":"https:\/\/pizbube.ch\/en\/wp-json\/wp\/v2\/types\/product"}],"wp:featuredmedia":[{"embeddable":true,"href":"https:\/\/pizbube.ch\/en\/wp-json\/wp\/v2\/media\/181742"}],"wp:attachment":[{"href":"https:\/\/pizbube.ch\/en\/wp-json\/wp\/v2\/media?parent=181741"}],"wp:term":[{"taxonomy":"product_brand","embeddable":true,"href":"https:\/\/pizbube.ch\/en\/wp-json\/wp\/v2\/product_brand?post=181741"},{"taxonomy":"product_cat","embeddable":true,"href":"https:\/\/pizbube.ch\/en\/wp-json\/wp\/v2\/product_cat?post=181741"},{"taxonomy":"product_tag","embeddable":true,"href":"https:\/\/pizbube.ch\/en\/wp-json\/wp\/v2\/product_tag?post=181741"}],"curies":[{"name":"wp","href":"https:\/\/api.w.org\/{rel}","templated":true}]}}