{"id":181831,"date":"2025-10-22T09:21:33","date_gmt":"2025-10-22T07:21:33","guid":{"rendered":"https:\/\/pizbube.ch\/?post_type=product&#038;p=181831"},"modified":"2025-10-22T09:21:33","modified_gmt":"2025-10-22T07:21:33","slug":"alpenvereinsjahrbuch-berg-2026","status":"publish","type":"product","link":"https:\/\/pizbube.ch\/en\/shop\/alpenvereinsjahrbuch-berg-2026\/","title":{"rendered":"Alpenvereinsjahrbuch BERG 2026"},"content":{"rendered":"<p class=\"biblioTitle\"><span class=\"value\">BergWelten: Gro\u00dfvenediger.<br \/>\nBergFokus: Wandel<\/span><\/p>\n<p><span class=\"value\">Die 150. Ausgabe des Alpenvereinsjahrbuchs ist da! 1865, als der erste Band erschien, ging die Kleine Eiszeit gerade zu Ende. Heute verk\u00f6rpern die rasant schmelzenden Gletscher den Beginn einer neuen Epoche. Der Jubil\u00e4umsband steht darum ganz im Zeichen des Wandels. In den BergFokus genommen wird die Natur, aber auch der Mensch &#8211; und wie er mit seinem Denken und Tun die Landschaft ver\u00e4ndert hat.<\/span><\/p>\n<p>Protagonist der BergWelten ist &#8211; wie schon im allerersten Jahrbuch &#8211; der Gro\u00dfvenediger. Heute diskutieren Bergf\u00fchrer \u00fcber die aktuellen Verh\u00e4ltnisse am Berg und \u00fcber die Zukunft des Hochtourengehens. Vorgestellt werden auch ein au\u00dfergew\u00f6hnliches Forschungsprojekt im Nationalpark Hohe Tauern und ein spektakul\u00e4res St\u00fcck Tourismusgeschichte: die schier unglaublichen Leistungen der H\u00fcttentr\u00e4ger im Virgental.Zwei Portr\u00e4ts von besonderen BergMenschen zeigen, wie spannend es sein kann, generationen\u00fcbergreifende Lebensgeschichten zu recherchieren.<\/p>\n<p>In der Rubrik BergSteigen geht es um die zunehmend prek\u00e4ren Verh\u00e4ltnisse an Viertausendern, um die naturvertr\u00e4gliche Lenkung des Skitourenbooms und um den rasanten Siegeszug des Elektromotors f\u00fcr Mountainbikes. Das BergWissen besch\u00e4ftigt sich unter anderem mit der Gams und der Frage, ob sie sich im Zuge des Klimawandels zu einer neuen Art entwickeln k\u00f6nnte. Und zum Ausstieg bietet die BergKultur auch noch au\u00dfergew\u00f6hnliche Literatur: von dem Schriftsteller und B\u00fcchner-Preistr\u00e4ger Clemens Setz &#8211; und von einer K\u00fcnstlichen Intelligenz.<\/p>\n<p><span class=\"value\">256 Seiten<\/span>, fester Einband<br \/>\nca. 280 farb. Abb. und ca. 50 sw Abb.; 26 cm x 21 cm<\/p>","protected":false},"excerpt":{"rendered":"<p>BergWelten: Gro\u00dfvenediger. BergFokus: Wandel Die 150. Ausgabe des Alpenvereinsjahrbuchs ist da! 1865, als der erste Band erschien, ging die Kleine Eiszeit gerade zu Ende. Heute verk\u00f6rpern die rasant schmelzenden Gletscher den Beginn einer neuen Epoche. Der Jubil\u00e4umsband steht darum ganz im Zeichen des Wandels. In den BergFokus genommen wird die Natur, aber auch der Mensch [&#8230;]\n","protected":false},"featured_media":181832,"template":"","meta":[],"product_brand":[],"product_cat":[21542],"product_tag":[],"class_list":{"0":"post-181831","1":"product","2":"type-product","3":"status-publish","4":"has-post-thumbnail","6":"product_cat-sachbuecher-dokumentationen","7":"pa_autor-deutscher-alpenverein-hrsg","8":"pa_autor-klemmer","9":"pa_erscheinungsjahr-27415","10":"pa_region-deutschland","11":"pa_region-oesterreich","12":"pa_sprache-de","14":"first","15":"instock","16":"taxable","17":"shipping-taxable","18":"purchasable","19":"product-type-simple"},"_links":{"self":[{"href":"https:\/\/pizbube.ch\/en\/wp-json\/wp\/v2\/product\/181831","targetHints":{"allow":["GET"]}}],"collection":[{"href":"https:\/\/pizbube.ch\/en\/wp-json\/wp\/v2\/product"}],"about":[{"href":"https:\/\/pizbube.ch\/en\/wp-json\/wp\/v2\/types\/product"}],"wp:featuredmedia":[{"embeddable":true,"href":"https:\/\/pizbube.ch\/en\/wp-json\/wp\/v2\/media\/181832"}],"wp:attachment":[{"href":"https:\/\/pizbube.ch\/en\/wp-json\/wp\/v2\/media?parent=181831"}],"wp:term":[{"taxonomy":"product_brand","embeddable":true,"href":"https:\/\/pizbube.ch\/en\/wp-json\/wp\/v2\/product_brand?post=181831"},{"taxonomy":"product_cat","embeddable":true,"href":"https:\/\/pizbube.ch\/en\/wp-json\/wp\/v2\/product_cat?post=181831"},{"taxonomy":"product_tag","embeddable":true,"href":"https:\/\/pizbube.ch\/en\/wp-json\/wp\/v2\/product_tag?post=181831"}],"curies":[{"name":"wp","href":"https:\/\/api.w.org\/{rel}","templated":true}]}}